{"id":8078,"date":"2020-11-11T16:35:08","date_gmt":"2020-11-11T16:35:08","guid":{"rendered":"https:\/\/www.travelexcellence.com\/vuelos-locales\/"},"modified":"2020-11-11T16:35:08","modified_gmt":"2020-11-11T16:35:08","slug":"vuelos-locales","status":"publish","type":"page","link":"https:\/\/www.travelexcellence.com\/es\/vuelos-locales\/","title":{"rendered":"Vuelos locales"},"content":{"rendered":"\n<p><p>Una excelente opci\u00f3n para viajar dentro de Costa Rica es mediante los vuelos locales regulares y los vuelos privados, los cuales representan un ahorro considerable de tiempo de viaje.<\/p>&#13;\n<p>Existen dos l\u00edneas a\u00e9reas domesticas: SANSA y SkyWay. Ambas ofrecen vuelos regulares a los destinos tur\u00edsticos m\u00e1s importantes, y tambi\u00e9n a Bocas del Toro en Panam\u00e1.<\/p>&#13;\n<p>La sede central de SANSA es el aeropuerto internacional Juan Santamar\u00eda.<\/p><\/p>\n\n<p><p><strong>SANSA<\/strong>\u00a0posee seis aviones Cessna Grand Caravan 208B para un m\u00e1ximo de 12 pasajeros y sus vuelos diarios San Jos\u00e9 \u2013 Liberia \u2013 San Jos\u00e9 son operados en su avi\u00f3n ATR 42-300 con 46 asientos y m\u00e1s capacidad para el equipaje.<\/p><\/p>\n\n<p>A continuaci\u00f3n hemos preparado un cuadro resumen con la lista de los principales destinos que se pueden visitar utilizando vuelos internos y los detalles del vuelo y su respectiva pista de aterrizaje:<\/p>\n\n<figure class=\"wp-block-table\"><table><thead><tr><th>Destination<\/th><th>Airstrip Code<\/th><th>Driving Time<\/th><th>Flying Time<\/th><th>Airstrip Fee<\/th><\/tr><\/thead><tbody><tr><td>San Jos\u00e9 &#8211; Quepos<\/td><td>XQP<\/td><td>3 hrs<\/td><td>25 minutos<\/td><td>$3 por persona<\/td><\/tr><tr><td>San Jos\u00e9 &#8211; Tamarindo<\/td><td>TNO<\/td><td>3 hrs<\/td><td>45 minutos<\/td><td>$2 por persona<\/td><\/tr><tr><td>San Jos\u00e9 &#8211; Drake Bay<\/td><td>DRK<\/td><td>8 hrs<\/td><td>45 minutos<\/td><td><\/td><\/tr><tr><td>San Jos\u00e9 &#8211; Arenal<\/td><td>FON<\/td><td>3:30 hrs<\/td><td>25 minutos<\/td><td>$7 por persona<\/td><\/tr><tr><td>San Jos\u00e9 &#8211; Puerto Jim\u00e9nez<\/td><td>PJM<\/td><td>8 hrs<\/td><td>50 minutos<\/td><td><\/td><\/tr><tr><td>San Jos\u00e9 &#8211; Golfito<\/td><td>GLF<\/td><td>7 hrs<\/td><td>50 minutos<\/td><td><\/td><\/tr><tr><td>San Jos\u00e9 &#8211; Punta Islita<\/td><td>PBP<\/td><td>6 hrs<\/td><td>35 minutos<\/td><td><\/td><\/tr><tr><td>San Jos\u00e9 &#8211; Nosara<\/td><td>NOB<\/td><td>5 hrs<\/td><td>35 minutos<\/td><td><\/td><\/tr><tr><td>San Jos\u00e9 &#8211; Palmar Sur<\/td><td>PMZ<\/td><td>5 hrs<\/td><td>40 minutos<\/td><td><\/td><\/tr><tr><td>San Jos\u00e9 &#8211; Tortuguero<\/td><td>TTQ<\/td><td>5 hrs<\/td><td>25 minutos<\/td><td><\/td><\/tr><tr><td>San Jos\u00e9 &#8211; Tambor<\/td><td>TMU<\/td><td>5 hrs<\/td><td>25 minutos<\/td><td>$2 por persona<\/td><\/tr><\/tbody><\/table><\/figure>\n","protected":false},"excerpt":{"rendered":"<p>Una excelente opci\u00f3n para viajar dentro de Costa Rica es mediante los vuelos locales regulares y los vuelos privados, los cuales representan un ahorro considerable de tiempo de viaje. &#13; Existen dos l\u00edneas a\u00e9reas domesticas: SANSA y SkyWay. Ambas ofrecen vuelos regulares a los destinos tur\u00edsticos m\u00e1s importantes, y tambi\u00e9n a Bocas del Toro en [&hellip;]<\/p>\n","protected":false},"author":9,"featured_media":0,"parent":0,"menu_order":0,"comment_status":"closed","ping_status":"closed","template":"page-detalle-paginas-internas.php","meta":{"_acf_changed":false,"footnotes":""},"class_list":["post-8078","page","type-page","status-publish","hentry"],"acf":[],"yoast_head":"<!-- This site is optimized with the Yoast SEO Premium plugin v27.4 (Yoast SEO v27.4) - https:\/\/yoast.com\/product\/yoast-seo-premium-wordpress\/ -->\n<title>Vuelos locales - Travel Excellence<\/title>\n<meta name=\"robots\" content=\"index, follow, max-snippet:-1, max-image-preview:large, max-video-preview:-1\" \/>\n<link rel=\"canonical\" href=\"https:\/\/www.travelexcellence.com\/es\/vuelos-locales\/\" \/>\n<meta property=\"og:locale\" content=\"es_ES\" \/>\n<meta property=\"og:type\" content=\"article\" \/>\n<meta property=\"og:title\" content=\"Vuelos locales\" \/>\n<meta property=\"og:description\" content=\"Una excelente opci\u00f3n para viajar dentro de Costa Rica es mediante los vuelos locales regulares y los vuelos privados, los cuales representan un ahorro considerable de tiempo de viaje. &#013; Existen dos l\u00edneas a\u00e9reas domesticas: SANSA y SkyWay. Ambas ofrecen vuelos regulares a los destinos tur\u00edsticos m\u00e1s importantes, y tambi\u00e9n a Bocas del Toro en [&hellip;]\" \/>\n<meta property=\"og:url\" content=\"https:\/\/www.travelexcellence.com\/es\/vuelos-locales\/\" \/>\n<meta property=\"og:site_name\" content=\"Travel Excellence\" \/>\n<meta name=\"twitter:card\" content=\"summary_large_image\" \/>\n<meta name=\"twitter:label1\" content=\"Tiempo de lectura\" \/>\n\t<meta name=\"twitter:data1\" content=\"1 minuto\" \/>\n<!-- \/ Yoast SEO Premium plugin. -->","yoast_head_json":{"title":"Vuelos locales - Travel Excellence","robots":{"index":"index","follow":"follow","max-snippet":"max-snippet:-1","max-image-preview":"max-image-preview:large","max-video-preview":"max-video-preview:-1"},"canonical":"https:\/\/www.travelexcellence.com\/es\/vuelos-locales\/","og_locale":"es_ES","og_type":"article","og_title":"Vuelos locales","og_description":"Una excelente opci\u00f3n para viajar dentro de Costa Rica es mediante los vuelos locales regulares y los vuelos privados, los cuales representan un ahorro considerable de tiempo de viaje. &#13; Existen dos l\u00edneas a\u00e9reas domesticas: SANSA y SkyWay. Ambas ofrecen vuelos regulares a los destinos tur\u00edsticos m\u00e1s importantes, y tambi\u00e9n a Bocas del Toro en [&hellip;]","og_url":"https:\/\/www.travelexcellence.com\/es\/vuelos-locales\/","og_site_name":"Travel Excellence","twitter_card":"summary_large_image","twitter_misc":{"Tiempo de lectura":"1 minuto"},"schema":{"@context":"https:\/\/schema.org","@graph":[{"@type":"WebPage","@id":"https:\/\/www.travelexcellence.com\/es\/vuelos-locales\/","url":"https:\/\/www.travelexcellence.com\/es\/vuelos-locales\/","name":"Vuelos locales - Travel Excellence","isPartOf":{"@id":"https:\/\/www.travelexcellence.com\/#website"},"datePublished":"2020-11-11T16:35:08+00:00","breadcrumb":{"@id":"https:\/\/www.travelexcellence.com\/es\/vuelos-locales\/#breadcrumb"},"inLanguage":"es","potentialAction":[{"@type":"ReadAction","target":["https:\/\/www.travelexcellence.com\/es\/vuelos-locales\/"]}]},{"@type":"BreadcrumbList","@id":"https:\/\/www.travelexcellence.com\/es\/vuelos-locales\/#breadcrumb","itemListElement":[{"@type":"ListItem","position":1,"name":"Home","item":"https:\/\/www.travelexcellence.com\/es\/"},{"@type":"ListItem","position":2,"name":"Vuelos locales"}]},{"@type":"WebSite","@id":"https:\/\/www.travelexcellence.com\/#website","url":"https:\/\/www.travelexcellence.com\/","name":"Travel Excellence","description":"Best Costa Rica Travel &amp; Vacations Agency","potentialAction":[{"@type":"SearchAction","target":{"@type":"EntryPoint","urlTemplate":"https:\/\/www.travelexcellence.com\/?s={search_term_string}"},"query-input":{"@type":"PropertyValueSpecification","valueRequired":true,"valueName":"search_term_string"}}],"inLanguage":"es"}]}},"_links":{"self":[{"href":"https:\/\/www.travelexcellence.com\/es\/wp-json\/wp\/v2\/pages\/8078","targetHints":{"allow":["GET"]}}],"collection":[{"href":"https:\/\/www.travelexcellence.com\/es\/wp-json\/wp\/v2\/pages"}],"about":[{"href":"https:\/\/www.travelexcellence.com\/es\/wp-json\/wp\/v2\/types\/page"}],"author":[{"embeddable":true,"href":"https:\/\/www.travelexcellence.com\/es\/wp-json\/wp\/v2\/users\/9"}],"replies":[{"embeddable":true,"href":"https:\/\/www.travelexcellence.com\/es\/wp-json\/wp\/v2\/comments?post=8078"}],"version-history":[{"count":1,"href":"https:\/\/www.travelexcellence.com\/es\/wp-json\/wp\/v2\/pages\/8078\/revisions"}],"predecessor-version":[{"id":8079,"href":"https:\/\/www.travelexcellence.com\/es\/wp-json\/wp\/v2\/pages\/8078\/revisions\/8079"}],"wp:attachment":[{"href":"https:\/\/www.travelexcellence.com\/es\/wp-json\/wp\/v2\/media?parent=8078"}],"curies":[{"name":"wp","href":"https:\/\/api.w.org\/{rel}","templated":true}]}}