{"id":5299,"date":"2020-11-03T17:59:43","date_gmt":"2020-11-03T17:59:43","guid":{"rendered":"https:\/\/www.travelexcellence.com\/aeropuertos-en-costa-rica\/"},"modified":"2025-05-27T18:04:09","modified_gmt":"2025-05-27T18:04:09","slug":"aeropuertos-en-costa-rica","status":"publish","type":"page","link":"https:\/\/www.travelexcellence.com\/es\/aeropuertos-en-costa-rica\/","title":{"rendered":"Aeropuertos en Costa Rica"},"content":{"rendered":"    <h2>Tabla de contenidos<\/h2>\n    <nav class=\"menuInterno\">\n        <ul>\n            <li><i class=\"fas fa-location-arrow\"><\/i> <a data-scroll href=\"#airstrip\"> Aeropuertos en Costa Rica<\/a><\/li>\n            <li><i class=\"fas fa-building\"><\/i> <a data-scroll href=\"#sjo\"> Aeropuerto Juan Santamar\u00eda (SJO)<\/a><\/li>\n            <li><i class=\"far fa-sun\"><\/i> <a data-scroll href=\"#lir\"> Aeropuerto Daniel Oduber (LIR)<\/a><\/li>\n            <li><i class=\"fas fa-globe-americas\"><\/i> <a data-scroll href=\"#airports\"> Aeropuertos internationales<\/a><\/li>\n            <li><i class=\"fas fa-plane-arrival\"><\/i> <a data-scroll href=\"#sjo-arrivals\"> SJO informaci\u00f3n de llegadas<\/a><\/li>\n            <li><i class=\"fas fa-plane-arrival\"><\/i> <a data-scroll href=\"#lir-arrivals\"> LIR informaci\u00f3n de llegadas<\/a><\/li>\n            <li><i class=\"far fa-money-bill-alt\"><\/i> <a data-scroll href=\"#taxes\"> Impuestos de Salida<\/a><\/li>\n            <li><i class=\"fas fa-plane-departure\"><\/i> <a data-scroll href=\"#sjo-departures\"> SJO informaci\u00f3n de salidas<\/a><\/li>\n            <li><i class=\"fas fa-plane-departure\"><\/i> <a data-scroll href=\"#lir-departures\"> LIR informaci\u00f3n de salidas<\/a><\/li>\n        <\/ul>\n    <\/nav>\n\n\n\n<h2 class=\"wp-block-heading\" id=\"h-aeropuertos-en-costa-rica\">Aeropuertos en Costa Rica<\/h2>\n\n\n\n<figure class=\"wp-block-image size-large\"><img decoding=\"async\" width=\"800\" height=\"500\" src=\"https:\/\/www.travelexcellence.com\/wp-content\/uploads\/2020\/10\/arriving-airport-sjo.jpg\" alt=\"Acerc\u00e1ndose al Aeropuerto Internacional Juan Santamar\u00eda, San Jos\u00e9, Costa Rica\" class=\"wp-image-1484\" srcset=\"https:\/\/www.travelexcellence.com\/wp-content\/uploads\/2020\/10\/arriving-airport-sjo.jpg 800w, https:\/\/www.travelexcellence.com\/wp-content\/uploads\/2020\/10\/arriving-airport-sjo-300x188.jpg 300w, https:\/\/www.travelexcellence.com\/wp-content\/uploads\/2020\/10\/arriving-airport-sjo-768x480.jpg 768w\" sizes=\"(max-width: 800px) 100vw, 800px\" \/><\/figure>\n\n\n\n<p>Si usted est\u00e1 planeando unas incre\u00edbles vacaciones a Costa Rica, de seguro tiene algunas preguntas sobre los tiquetes a\u00e9reos que necesita y sobre los aeropuertos en Costa Rica que deber\u00eda usar. <\/p>\n\n\n\n<p>Como su mejor compa\u00f1ero de viaje, Travel Excellence ha preparado esta \u00fatil informaci\u00f3n sobre los aeropuertos del pa\u00eds.<\/p>\n\n\n\n<p>Adem\u00e1s de los dos aeropuertos internacionales que reciben vuelos provenientes de todo el mundo, en Costa Rica existen varias pistas de aterrizaje donde las aerol\u00edneas locales operan vuelos internos diariamente desde y hacia los destinos vacacionales m\u00e1s populares.<\/p>\n\n\n\n<p>Estos vuelos internos reducen los tiempos de viaje hacia algunos de los destinos m\u00e1s populares del pa\u00eds y le dar\u00e1n la posibilidad de disfrutar m\u00e1s el tiempo en el destino como tal.<\/p>\n\n\n\n<p>Un viaje hasta Quepos desde San Jos\u00e9 para poder disfrutar de la riqueza natural del famoso Parque Nacional Manuel Antonio le tomar\u00e1 aproximadamente 3 horas en un viaje por carretera, mientras que un vuelo interno tardar\u00e1 solamente 25 minutos; de igual forma, un viaje hasta Fortuna para relajarse en las aguas termales del famoso Parque Nacional Volc\u00e1n Arenal le tomar\u00e1 4 horas aproximadamente, mientras que un vuelo interno solamente tardar\u00e1 30 minutos. Por \u00faltimo, un viaje hasta Tamarindo para disfrutar un soleado fin de semana en una de las playas m\u00e1s hermosas y populares del pa\u00eds le tomar\u00e1 5 horas aproximadamente, mientras que un vuelo interno le dar\u00e1 la posibilidad de llegar en solamente 45 minutos.<\/p>\n\n\n\n<p>Como puede ver, los vuelos internos son una opci\u00f3n muy \u00fatil si su itinerario en Costa Rica es corto y usted necesita optimizar el tiempo o bien, si usted no es amante de los viajes por carretera. Todas las pistas de aterrizaje a lo largo del pa\u00eds cuentan con servicios b\u00e1sicos como ba\u00f1os, y en muchas de ellas se encuentran adem\u00e1s las oficinas de las principales aerol\u00edneas locales, las cuales cuentan con aire acondicionado y tiendas de conveniencia a su disposici\u00f3n durante el tiempo de espera. Adem\u00e1s, es importante tambi\u00e9n tomar en cuenta que algunas de estas pistas de aterrizaje tienen cobros especiales por el uso de las mismas, que se deben pagar directamente antes de abordar o despu\u00e9s del aterrizaje. Estos cobros no sobrepasan los $7 por persona.<\/p>\n\n\n<a id=\"airstrip\"><\/a>\n\n\n<h2 class=\"wp-block-heading\" id=\"h-aeropuertos-en-costa-rica-0\">Aeropuertos en Costa Rica<\/h2>\n\n\n\n<p>A continuaci\u00f3n hemos preparado un cuadro resumen con la lista de los principales destinos que se pueden visitar utilizando vuelos internos y los detalles del vuelo y su respectiva pista de aterrizaje:<\/p>\n\n\n\n<figure class=\"wp-block-table\"><table><thead><tr><th>Destination<\/th><th>Airstrip Code<\/th><th><a href=\"https:\/\/www.travelexcellence.com\/travel-guides\/driving-distances-in-costa-rica\">Driving Time<\/a><\/th><th>Flying Time<\/th><th>Airstrip Fee<\/th><\/tr><\/thead><tbody><tr><td>San Jos\u00e9 &#8211; Quepos<\/td><td>XQP<\/td><td>3 hrs<\/td><td>25 minutos<\/td><td>$3 por persona<\/td><\/tr><tr><td><a href=\"https:\/\/www.travelexcellence.com\/costa-rica-travel-blog\/top-5-incredible-pictures-of-costa-rica-beaches-you-must-have-to-visit\">San Jos\u00e9 &#8211; Tamarindo<\/a><\/td><td>TNO<\/td><td>3 hrs<\/td><td>45 minutos<\/td><td>$2 por persona<\/td><\/tr><tr><td>San Jos\u00e9 &#8211; Drake Bay<\/td><td>DRK<\/td><td>8 hrs<\/td><td>45 minutos<\/td><td><\/td><\/tr><tr><td>San Jos\u00e9 &#8211; Arenal<\/td><td>FON<\/td><td>3:30 hrs<\/td><td>25 minutos<\/td><td>$7 por persona<\/td><\/tr><tr><td><a href=\"https:\/\/www.travelexcellence.com\/costa-rica-travel-blog\/corcovado-national-park-in-costa-rica\">San Jos\u00e9 &#8211; Puerto Jim\u00e9nez<\/a><\/td><td>PJM<\/td><td>8 hrs<\/td><td>50 minutos<\/td><td><\/td><\/tr><tr><td>San Jos\u00e9 &#8211; Golfito<\/td><td>GLF<\/td><td>7 hrs<\/td><td>50 minutos<\/td><td><\/td><\/tr><tr><td>San Jos\u00e9 &#8211; Punta Islita<\/td><td>PBP<\/td><td>6 hrs<\/td><td>35 minutos<\/td><td><\/td><\/tr><tr><td>San Jos\u00e9 &#8211; Nosara<\/td><td>NOB<\/td><td>5 hrs<\/td><td>35 minutos<\/td><td><\/td><\/tr><tr><td>San Jos\u00e9 &#8211; Palmar Sur<\/td><td>PMZ<\/td><td>5 hrs<\/td><td>40 minutos<\/td><td><\/td><\/tr><tr><td><a href=\"https:\/\/www.travelexcellence.com\/costa-rica-travel-blog\/tortuguero-costa-rica-travel-guide\">San Jos\u00e9 &#8211; Tortuguero<\/a><\/td><td>TTQ<\/td><td>5 hrs<\/td><td>25 minutos<\/td><td><\/td><\/tr><tr><td>San Jos\u00e9 &#8211; Tambor<\/td><td>TMU<\/td><td>5 hrs<\/td><td>25 minutos<\/td><td>$2 por persona<\/td><\/tr><\/tbody><\/table><\/figure>\n\n\n<a id=\"airports\"><\/a>\n\n\n<h3 class=\"wp-block-heading\" id=\"h-aeropuerto-internacional-de-costa-rica\">Aeropuerto Internacional de Costa Rica<\/h3>\n\n\n\n<p>Los dos principales aeropuertos en Costa Rica son Juan Santamar\u00eda (SJO) y Daniel Oduber (LIR). Ambos reciben vuelos internacionales de la mayor\u00eda de las aerol\u00edneas, adem\u00e1s de vuelos internos que tambi\u00e9n operan sus rutas desde y hacia ellos.<\/p>\n\n\n\n<p>La mayor\u00eda de paquetes vacacionales en Costa Rica comienzan o terminan en San Jos\u00e9 porque usualmente las personas compran sus tiquetes a\u00e9reos hacia y desde el aeropuerto internacional Juan Santamar\u00eda, pero es importante tener en cuenta que tambi\u00e9n es posible crear hermosos paquetes de vacaciones desde Liberia si usted planea comprar sus tiquetes a\u00e9reos hacia el aeropuerto Daniel Oduber.<\/p>\n\n\n<a id=\"taxes\"><\/a>\n\n\n<p>Un impuesto de salida de USD$29 por persona debe ser pagado en ambos aeropuertos internacionales cuando usted va a salir del pa\u00eds. Si usted se encuentra solamente haciendo una conexi\u00f3n en el pa\u00eds y usted no cruza el \u00e1rea de llegadas internacionales del aeropuerto no debe pagar este impuesto.<\/p>\n\n\n<a id=\"sjo\"><\/a>\n\n\n<h3 class=\"wp-block-heading\" id=\"h-aeropuerto-internacional-juan-santamaria\">Aeropuerto Internacional Juan Santamar\u00eda<\/h3>\n\n\n\n<figure class=\"wp-block-image size-large\"><img decoding=\"async\" width=\"800\" height=\"500\" src=\"https:\/\/www.travelexcellence.com\/wp-content\/uploads\/2020\/10\/sjo-airport.jpg\" alt=\"Aeropuerto Internacional Juan Santamar\u00eda, San Jos\u00e9, Costa Rica\" class=\"wp-image-1491\" srcset=\"https:\/\/www.travelexcellence.com\/wp-content\/uploads\/2020\/10\/sjo-airport.jpg 800w, https:\/\/www.travelexcellence.com\/wp-content\/uploads\/2020\/10\/sjo-airport-300x188.jpg 300w, https:\/\/www.travelexcellence.com\/wp-content\/uploads\/2020\/10\/sjo-airport-768x480.jpg 768w\" sizes=\"(max-width: 800px) 100vw, 800px\" \/><\/figure>\n\n\n\n<h3 class=\"wp-block-heading\" id=\"h-codigo-sjo\">C\u00f3digo: SJO<\/h3>\n\n\n\n<p>Ubicado en la ciudad de Alajuela, en el Valle Central, este es el aeropuerto m\u00e1s grande y antiguo de Costa Rica. A pesar de que su c\u00f3digo es SJO, no est\u00e1 localizado en San Jos\u00e9, pero se encuentra a 30 minutos aproximadamente de los principales hoteles de la capital.<\/p>\n\n\n\n<p>De acuerdo con el Instituto Costarricense de Turismo, en 2013 el aeropuerto Juan Santamar\u00eda tuvo 1.282.694 llegadas internacionales, convirti\u00e9ndose en la principal puerta de entrada al pa\u00eds.<\/p>\n\n\n\n<p>Como tambi\u00e9n es el aeropuerto con m\u00e1s movimiento de personas, ofrece servicios esenciales como restaurantes, ATMs, tiendas de conveniencia donde se puede comprar el reconocido caf\u00e9 de Costa Rica y algunas artesan\u00edas, una tienda libre de impuestos y una sala VIP con acceso a internet inal\u00e1mbrico y otras facilidades de negocios.<\/p>\n\n\n<a id=\"sjo-departures\"><\/a>\n\n\n<h3 class=\"wp-block-heading\" id=\"h-aeropuerto-internacional-daniel-oduber\">Aeropuerto Internacional Daniel Oduber <\/h3>\n\n\n\n<figure class=\"wp-block-image size-large\"><img decoding=\"async\" width=\"800\" height=\"500\" src=\"https:\/\/www.travelexcellence.com\/wp-content\/uploads\/2020\/10\/lir-airport.jpg\" alt=\"Aeropuerto Internacional Daniel Oduber ,Liberia, Costa Rica\" class=\"wp-image-1529\" srcset=\"https:\/\/www.travelexcellence.com\/wp-content\/uploads\/2020\/10\/lir-airport.jpg 800w, https:\/\/www.travelexcellence.com\/wp-content\/uploads\/2020\/10\/lir-airport-300x188.jpg 300w, https:\/\/www.travelexcellence.com\/wp-content\/uploads\/2020\/10\/lir-airport-768x480.jpg 768w\" sizes=\"(max-width: 800px) 100vw, 800px\" \/><\/figure>\n\n\n\n<h3 class=\"wp-block-heading\" id=\"h-codigo-lir\">C\u00f3digo: LIR<\/h3>\n\n\n\n<p>Ubicado en Liberia, en la regi\u00f3n del Pac\u00edfico Norte del pa\u00eds, este es el aeropuerto internacional m\u00e1s nuevo de Costa Rica.<\/p>\n\n\n\n<p><p>El aeropuerto est\u00e1 a 30 minutos del Golfo de Papagayo, en donde se encuentran algunos de los hoteles m\u00e1s importantes de Guanacaste, y resorts en Costa Rica en t\u00e9rminos generales como Four Seasons Resort y El Mangroove. Tambi\u00e9n se encuentra a 45 minutos aproximadamente de otros resorts todo incluido como Westin Playa Cochal.<\/p><\/p>\n\n\n\n<p>La lista de aerol\u00edneas con vuelos al Aeropuerto Internacional Daniel Oduber est\u00e1 aumentando y seg\u00fan el Instituto Costarricense de Turismo, cada d\u00eda m\u00e1s y m\u00e1s personas utilizan este aeropuerto en Costa Rica.<\/p>\n\n\n\n<p>Puede contactarnos si desea m\u00e1s informaci\u00f3n sobre nuestros aeropuertos internacionales de Costa Rica o si necesita ayuda.<\/p>\n\n\n\n<p><\/p>\n","protected":false},"excerpt":{"rendered":"<p>Aeropuertos en Costa Rica Si usted est\u00e1 planeando unas incre\u00edbles vacaciones a Costa Rica, de seguro tiene algunas preguntas sobre los tiquetes a\u00e9reos que necesita y sobre los aeropuertos en Costa Rica que deber\u00eda usar. Como su mejor compa\u00f1ero de viaje, Travel Excellence ha preparado esta \u00fatil informaci\u00f3n sobre los aeropuertos del pa\u00eds. Adem\u00e1s de [&hellip;]<\/p>\n","protected":false},"author":12,"featured_media":0,"parent":0,"menu_order":0,"comment_status":"closed","ping_status":"closed","template":"page-detalle-paginas-internas.php","meta":{"_acf_changed":false,"footnotes":""},"class_list":["post-5299","page","type-page","status-publish","hentry"],"acf":[],"yoast_head":"<!-- This site is optimized with the Yoast SEO Premium plugin v27.4 (Yoast SEO v27.4) - https:\/\/yoast.com\/product\/yoast-seo-premium-wordpress\/ -->\n<title>Aeropuertos en Costa Rica - Travel Excellence<\/title>\n<meta name=\"robots\" content=\"index, follow, max-snippet:-1, max-image-preview:large, max-video-preview:-1\" \/>\n<link rel=\"canonical\" href=\"https:\/\/www.travelexcellence.com\/es\/aeropuertos-en-costa-rica\/\" \/>\n<meta property=\"og:locale\" content=\"es_ES\" \/>\n<meta property=\"og:type\" content=\"article\" \/>\n<meta property=\"og:title\" content=\"Aeropuertos en Costa Rica\" \/>\n<meta property=\"og:description\" content=\"Aeropuertos en Costa Rica Si usted est\u00e1 planeando unas incre\u00edbles vacaciones a Costa Rica, de seguro tiene algunas preguntas sobre los tiquetes a\u00e9reos que necesita y sobre los aeropuertos en Costa Rica que deber\u00eda usar. Como su mejor compa\u00f1ero de viaje, Travel Excellence ha preparado esta \u00fatil informaci\u00f3n sobre los aeropuertos del pa\u00eds. Adem\u00e1s de [&hellip;]\" \/>\n<meta property=\"og:url\" content=\"https:\/\/www.travelexcellence.com\/es\/aeropuertos-en-costa-rica\/\" \/>\n<meta property=\"og:site_name\" content=\"Travel Excellence\" \/>\n<meta property=\"article:modified_time\" content=\"2025-05-27T18:04:09+00:00\" \/>\n<meta property=\"og:image\" content=\"https:\/\/www.travelexcellence.com\/wp-content\/uploads\/2020\/10\/arriving-airport-sjo.jpg\" \/>\n\t<meta property=\"og:image:width\" content=\"800\" \/>\n\t<meta property=\"og:image:height\" content=\"500\" \/>\n\t<meta property=\"og:image:type\" content=\"image\/jpeg\" \/>\n<meta name=\"twitter:card\" content=\"summary_large_image\" \/>\n<meta name=\"twitter:label1\" content=\"Tiempo de lectura\" \/>\n\t<meta name=\"twitter:data1\" content=\"5 minutos\" \/>\n<!-- \/ Yoast SEO Premium plugin. -->","yoast_head_json":{"title":"Aeropuertos en Costa Rica - Travel Excellence","robots":{"index":"index","follow":"follow","max-snippet":"max-snippet:-1","max-image-preview":"max-image-preview:large","max-video-preview":"max-video-preview:-1"},"canonical":"https:\/\/www.travelexcellence.com\/es\/aeropuertos-en-costa-rica\/","og_locale":"es_ES","og_type":"article","og_title":"Aeropuertos en Costa Rica","og_description":"Aeropuertos en Costa Rica Si usted est\u00e1 planeando unas incre\u00edbles vacaciones a Costa Rica, de seguro tiene algunas preguntas sobre los tiquetes a\u00e9reos que necesita y sobre los aeropuertos en Costa Rica que deber\u00eda usar. Como su mejor compa\u00f1ero de viaje, Travel Excellence ha preparado esta \u00fatil informaci\u00f3n sobre los aeropuertos del pa\u00eds. Adem\u00e1s de [&hellip;]","og_url":"https:\/\/www.travelexcellence.com\/es\/aeropuertos-en-costa-rica\/","og_site_name":"Travel Excellence","article_modified_time":"2025-05-27T18:04:09+00:00","og_image":[{"width":800,"height":500,"url":"https:\/\/www.travelexcellence.com\/wp-content\/uploads\/2020\/10\/arriving-airport-sjo.jpg","type":"image\/jpeg"}],"twitter_card":"summary_large_image","twitter_misc":{"Tiempo de lectura":"5 minutos"},"schema":{"@context":"https:\/\/schema.org","@graph":[{"@type":"WebPage","@id":"https:\/\/www.travelexcellence.com\/es\/aeropuertos-en-costa-rica\/","url":"https:\/\/www.travelexcellence.com\/es\/aeropuertos-en-costa-rica\/","name":"Aeropuertos en Costa Rica - Travel Excellence","isPartOf":{"@id":"https:\/\/www.travelexcellence.com\/#website"},"primaryImageOfPage":{"@id":"https:\/\/www.travelexcellence.com\/es\/aeropuertos-en-costa-rica\/#primaryimage"},"image":{"@id":"https:\/\/www.travelexcellence.com\/es\/aeropuertos-en-costa-rica\/#primaryimage"},"thumbnailUrl":"https:\/\/www.travelexcellence.com\/wp-content\/uploads\/2020\/10\/arriving-airport-sjo.jpg","datePublished":"2020-11-03T17:59:43+00:00","dateModified":"2025-05-27T18:04:09+00:00","breadcrumb":{"@id":"https:\/\/www.travelexcellence.com\/es\/aeropuertos-en-costa-rica\/#breadcrumb"},"inLanguage":"es","potentialAction":[{"@type":"ReadAction","target":["https:\/\/www.travelexcellence.com\/es\/aeropuertos-en-costa-rica\/"]}]},{"@type":"ImageObject","inLanguage":"es","@id":"https:\/\/www.travelexcellence.com\/es\/aeropuertos-en-costa-rica\/#primaryimage","url":"https:\/\/www.travelexcellence.com\/wp-content\/uploads\/2020\/10\/arriving-airport-sjo.jpg","contentUrl":"https:\/\/www.travelexcellence.com\/wp-content\/uploads\/2020\/10\/arriving-airport-sjo.jpg"},{"@type":"BreadcrumbList","@id":"https:\/\/www.travelexcellence.com\/es\/aeropuertos-en-costa-rica\/#breadcrumb","itemListElement":[{"@type":"ListItem","position":1,"name":"Home","item":"https:\/\/www.travelexcellence.com\/es\/"},{"@type":"ListItem","position":2,"name":"Aeropuertos en Costa Rica"}]},{"@type":"WebSite","@id":"https:\/\/www.travelexcellence.com\/#website","url":"https:\/\/www.travelexcellence.com\/","name":"Travel Excellence","description":"Best Costa Rica Travel &amp; Vacations Agency","potentialAction":[{"@type":"SearchAction","target":{"@type":"EntryPoint","urlTemplate":"https:\/\/www.travelexcellence.com\/?s={search_term_string}"},"query-input":{"@type":"PropertyValueSpecification","valueRequired":true,"valueName":"search_term_string"}}],"inLanguage":"es"}]}},"_links":{"self":[{"href":"https:\/\/www.travelexcellence.com\/es\/wp-json\/wp\/v2\/pages\/5299","targetHints":{"allow":["GET"]}}],"collection":[{"href":"https:\/\/www.travelexcellence.com\/es\/wp-json\/wp\/v2\/pages"}],"about":[{"href":"https:\/\/www.travelexcellence.com\/es\/wp-json\/wp\/v2\/types\/page"}],"author":[{"embeddable":true,"href":"https:\/\/www.travelexcellence.com\/es\/wp-json\/wp\/v2\/users\/12"}],"replies":[{"embeddable":true,"href":"https:\/\/www.travelexcellence.com\/es\/wp-json\/wp\/v2\/comments?post=5299"}],"version-history":[{"count":3,"href":"https:\/\/www.travelexcellence.com\/es\/wp-json\/wp\/v2\/pages\/5299\/revisions"}],"predecessor-version":[{"id":20415,"href":"https:\/\/www.travelexcellence.com\/es\/wp-json\/wp\/v2\/pages\/5299\/revisions\/20415"}],"wp:attachment":[{"href":"https:\/\/www.travelexcellence.com\/es\/wp-json\/wp\/v2\/media?parent=5299"}],"curies":[{"name":"wp","href":"https:\/\/api.w.org\/{rel}","templated":true}]}}