{"id":3619,"date":"2020-10-29T16:58:36","date_gmt":"2020-10-29T16:58:36","guid":{"rendered":"https:\/\/www.travelexcellence.com\/informacion-general-de-costa-rica\/"},"modified":"2023-12-06T17:34:43","modified_gmt":"2023-12-06T17:34:43","slug":"informacion-general-de-costa-rica","status":"publish","type":"page","link":"https:\/\/www.travelexcellence.com\/es\/informacion-general-de-costa-rica\/","title":{"rendered":"Informaci\u00f3n General de Costa Rica"},"content":{"rendered":"    <h2>Tabla de contenidos<\/h2>\n    <nav class=\"menuInterno\">\n        <ul>\n            <li><i class=\"fas fa-location-arrow\"><\/i> <a data-scroll href=\"#costa-rica-location\"> Ubicaci\u00f3n<\/a><\/li>\n            <li><i class=\"fas fa-user\"><\/i> <a data-scroll href=\"#costarican-people\"> Gente<\/a><\/li>\n            <li><i class=\"fas fa-graduation-cap\"><\/i> <a data-scroll href=\"#education\"> Educaci\u00f3n<\/a><\/li>\n            <li><i class=\"fas fa-heart\"><\/i> <a data-scroll href=\"#health-services\"> Servicios de Salud<\/a><\/li>\n            <li><i class=\"fas fa-university\"><\/i> <a data-scroll href=\"#government\"> Gobierno y pol\u00edtica<\/a><\/li>\n        <\/ul>\n    <\/nav>\n\n\n<a id=\"costa-rica-location\"><\/a>\n\n\n<h2 class=\"wp-block-heading\" id=\"h-ubicacion\">Ubicaci\u00f3n<\/h2>\n\n\n\n<figure class=\"wp-block-image size-large\"><img decoding=\"async\" width=\"800\" height=\"500\" src=\"https:\/\/www.travelexcellence.com\/wp-content\/uploads\/2020\/10\/costa-rica-general-info.jpg\" alt=\"Puerto Viejo, Lim&#xF3;n, Costa Rica\" class=\"wp-image-1424\" srcset=\"https:\/\/www.travelexcellence.com\/wp-content\/uploads\/2020\/10\/costa-rica-general-info.jpg 800w, https:\/\/www.travelexcellence.com\/wp-content\/uploads\/2020\/10\/costa-rica-general-info-300x188.jpg 300w, https:\/\/www.travelexcellence.com\/wp-content\/uploads\/2020\/10\/costa-rica-general-info-768x480.jpg 768w\" sizes=\"(max-width: 800px) 100vw, 800px\" \/><\/figure>\n\n\n\n<p>Costa Rica es un pa\u00eds monta\u00f1oso en el delgado istmo centroamericano, que limita con Nicaragua en el Norte y Panam\u00e1 en el Sur. Al Este y Oeste est\u00e1n el Mar Caribe y el Oc\u00e9ano Pac\u00edfico, respectivamente.<\/p>\n\n\n\n<ul class=\"wp-block-list\">\n<li><strong>Longitud m\u00e1xima:<\/strong> 288 millas desde el R\u00edo Sapo\u00e1 a Punta Burica<\/li>\n\n\n\n<li><strong>Longitud m\u00ednima:<\/strong> 74 millas desde Tuba a Boca Coronado<\/li>\n\n\n\n<li><strong>Anchura m\u00e1xima:<\/strong> 161 millas desde Cabo Santa Elena a Boca del R\u00edo Colorado<\/li>\n\n\n\n<li><strong>La Capital:<\/strong> San Jos\u00e9. \u00c1rea: 3.66 millas cuadradas<\/li>\n\n\n\n<li><strong>\u00c1rea territorial:<\/strong> 19.730 millas cuadradas<\/li>\n\n\n\n<li><strong>Divisi\u00f3n administrativa:<\/strong> 7 provincias<\/li>\n\n\n\n<li><strong>Poblaci\u00f3n total:<\/strong> 3.510.637 (50.54% hombres \/ 49.46% mujeres)<\/li>\n<\/ul>\n\n\n<div class=\"div_iframe\">\n<iframe src=\"https:\/\/www.travelexcellence.com\/map-costarica-hotels.php?mapa=28\" class=\"iframe_travel_map\"><\/iframe>\n<\/div>\n\n<a id=\"costarican-people\"><\/a>\n\n\n<h2 class=\"wp-block-heading\" id=\"h-gente\">Gente<\/h2>\n\n\n\n<figure class=\"wp-block-image size-large\"><img decoding=\"async\" width=\"800\" height=\"500\" src=\"https:\/\/www.travelexcellence.com\/wp-content\/uploads\/2020\/10\/centenarian-people-costa-rica.jpg\" alt=\"Gente de Costa Rica\" class=\"wp-image-1430\" srcset=\"https:\/\/www.travelexcellence.com\/wp-content\/uploads\/2020\/10\/centenarian-people-costa-rica.jpg 800w, https:\/\/www.travelexcellence.com\/wp-content\/uploads\/2020\/10\/centenarian-people-costa-rica-300x188.jpg 300w, https:\/\/www.travelexcellence.com\/wp-content\/uploads\/2020\/10\/centenarian-people-costa-rica-768x480.jpg 768w\" sizes=\"(max-width: 800px) 100vw, 800px\" \/><\/figure>\n\n\n\n<h2 class=\"wp-block-heading\" id=\"h-que-hace-de-los-ticos-costarricenses-personas-diferentes-y-especiales\">\u00bfQu\u00e9 hace de los \u00abTicos\u00bb (Costarricenses) personas diferentes y especiales?<\/h2>\n\n\n\n<p>Esta es una pregunta com\u00fan. La respuesta descansa en la historia del pa\u00eds y la cultura. <strong>Costa Rica<\/strong> tiene una historia normalmente pac\u00edfica. Desde el principio, los <strong>costarricenses<\/strong> han sido expuestos a muy poca violencia. Durante tiempos coloniales, era una de las pocas partes de Am\u00e9rica Latina conquistada por personas que estaban m\u00e1s interesadas en crear un lugar placentero para vivir y fundar una familia, en vez de explotar a los ind\u00edgenas y su oro.<\/p>\n\n\n\n<p>La mayor\u00eda de los \u00abticos\u00bb son todav\u00eda cari\u00f1osos y amigables como sus antepasados. Hospitalidad, respeto y amistad son disfrutados por los visitantes.<\/p>\n\n\n\n<h2 class=\"wp-block-heading\" id=\"h-de-donde-viene-la-palabra-tico\">\u00bfDe d\u00f3nde viene la palabra \u00abtico\u00bb?<\/h2>\n\n\n\n<p><strong>Los costarricenses<\/strong> om\u00fanmente usan el diminutivo de las palabras para ser m\u00e1s corteses o amigables. Suelen agregar la terminaci\u00f3n \u00ab-ico\u00bb, en vez de el m\u00e1s com\u00fan \u00ab-ito\u00bb. Aunque \u00ab-ico\u00bb es una forma correcta del diminutivo, es raramente utilizada en otros pa\u00edses hispanohablantes. La palabra \u00abmomento\u00bb entonces se convierte en \u00abmomentico\u00bb y hasta existe \u00abmomentitico\u00bb. Es por esto que las personas de otros pa\u00edses comenzaron a llamar a <strong>los costarricenses<\/strong> \u00abticos\u00bb.<\/p>\n\n\n<a id=\"education\"><\/a>\n\n\n<h2 class=\"wp-block-heading\" id=\"h-educacion\">Educaci\u00f3n<\/h2>\n\n\n\n<figure class=\"wp-block-image size-large\"><img decoding=\"async\" width=\"800\" height=\"500\" src=\"https:\/\/www.travelexcellence.com\/wp-content\/uploads\/2020\/10\/costarican-kids.jpg\" alt=\"Ni&#xF1;os costarricenses que asisten a la escuela p&#xFA;blica\" class=\"wp-image-1436\" srcset=\"https:\/\/www.travelexcellence.com\/wp-content\/uploads\/2020\/10\/costarican-kids.jpg 800w, https:\/\/www.travelexcellence.com\/wp-content\/uploads\/2020\/10\/costarican-kids-300x188.jpg 300w, https:\/\/www.travelexcellence.com\/wp-content\/uploads\/2020\/10\/costarican-kids-768x480.jpg 768w\" sizes=\"(max-width: 800px) 100vw, 800px\" \/><\/figure>\n\n\n\n<p>A trav\u00e9s de una atenci\u00f3n constante a la educaci\u00f3n, Costa Rica ha alcanzado el m\u00e1s alto porcentaje de alfabetismo en Am\u00e9rica Central. Su alfabetismo compite con las naciones m\u00e1s grandes e industrializadas del mundo. Desde 1970 Costa Rica ha invertido un 28 por ciento del presupuesto nacional en educaci\u00f3n, algo que no pudo haber sido posible manteniendo fuerzas armadas.<\/p>\n\n\n\n<p>El sistema de educaci\u00f3n est\u00e1 dividido en tres grandes secciones. La escuela Primaria, que es gratuita y obligatoria. Los colegios: 70 por ciento p\u00fablicos y otras instituciones privadas, constituyen el otro 30 por ciento. La educaci\u00f3n universitaria: comenz\u00f3 el siglo pasado, pero no fue hasta 1940 que la Universidad de Costa Rica, la universidad m\u00e1s grande del pa\u00eds, fue fundada. Treinta a\u00f1os despu\u00e9s, se crearon algunas otras universidades p\u00fablicas. La primera de las numerosas universidades privadas se estableci\u00f3 en 1977.<\/p>\n\n\n<a id=\"health-services\"><\/a>\n\n\n<h2 class=\"wp-block-heading\" id=\"h-servicios-de-salud\">Servicios de Salud<\/h2>\n\n\n\n<figure class=\"wp-block-image size-large\"><img decoding=\"async\" width=\"800\" height=\"500\" src=\"https:\/\/www.travelexcellence.com\/wp-content\/uploads\/2020\/10\/hospital-calderon.jpg\" alt=\"Hospital Calderon Guardia, San Jos&#xE9; Costa Rica\" class=\"wp-image-1442\" srcset=\"https:\/\/www.travelexcellence.com\/wp-content\/uploads\/2020\/10\/hospital-calderon.jpg 800w, https:\/\/www.travelexcellence.com\/wp-content\/uploads\/2020\/10\/hospital-calderon-300x188.jpg 300w, https:\/\/www.travelexcellence.com\/wp-content\/uploads\/2020\/10\/hospital-calderon-768x480.jpg 768w\" sizes=\"(max-width: 800px) 100vw, 800px\" \/><\/figure>\n\n\n\n<p>De acuerdo con la Organizaci\u00f3n Mundial de la Salud, Costa Rica tiene uno de los mejores sistemas para el cuidado de la salud en el mundo. La mortalidad infantil del pa\u00eds est\u00e1 decreciendo mientras las expectativas de vida aumentan.<\/p>\n\n\n\n<p>Hay bastantes hospitales en el pa\u00eds que son operados por la Caja Costarricense del Seguro Social, establecida para proveer servicios m\u00e9dicos universales. Esta misma instituci\u00f3n tambi\u00e9n provee beneficios para la incapacidad del trabajador, maternidad y vejez.<\/p>\n\n\n<a id=\"government\"><\/a>\n\n\n<h2 class=\"wp-block-heading\" id=\"h-gobierno-de-costa-rica-y-su-vida-politica\">Gobierno de Costa Rica y su vida pol\u00edtica<\/h2>\n\n\n\n<figure class=\"wp-block-image size-large\"><img decoding=\"async\" width=\"800\" height=\"500\" src=\"https:\/\/www.travelexcellence.com\/wp-content\/uploads\/2020\/10\/san-jose-costa-rica.jpg\" alt=\"Vista desde San Jos&#xE9; Costa Rica\" class=\"wp-image-1448\" srcset=\"https:\/\/www.travelexcellence.com\/wp-content\/uploads\/2020\/10\/san-jose-costa-rica.jpg 800w, https:\/\/www.travelexcellence.com\/wp-content\/uploads\/2020\/10\/san-jose-costa-rica-300x188.jpg 300w, https:\/\/www.travelexcellence.com\/wp-content\/uploads\/2020\/10\/san-jose-costa-rica-768x480.jpg 768w\" sizes=\"(max-width: 800px) 100vw, 800px\" \/><\/figure>\n\n\n\n<p>Una de las muchas cosas positivas que podemos decir sobre Costa Rica es la estabilidad pol\u00edtica con la que cuenta el pa\u00eds. De hecho \u2013 despu\u00e9s de su riqueza natural \u2013 la paz y la seguridad que se respira a lo largo del pa\u00eds debido a su democracia y al hecho de que el ejercito fue abolido desde 1948, son dos de las muchas razones por las que las vacaciones en Costa Rica son tan populares \u00faltimamente.<\/p>\n\n\n\n<h2 class=\"wp-block-heading\" id=\"h-que-es-democracia\">\u00bfQu\u00e9 es democracia?<\/h2>\n\n\n\n<p>El diccionario define democracia como \u201cel gobierno del pueblo, en el que el poder supremo recae en las personas y es ejercido directamente por ellas o sus agentes elegidos por medio de un sistema electoral libre\u201d. En palabras de Abraham Lincoln, la democracia es un gobierno \u201cdel pueblo, por el pueblo y para el pueblo\u201d.<\/p>\n\n\n\n<p>Todas las democracias son sistemas en los que los ciudadanos toman las decisiones pol\u00edticas libremente y por mayor\u00eda; y en una sociedad democr\u00e1tica esa mayor\u00eda debe apegarse a la garant\u00eda de los derechos humanos que protejan a su vez a las minor\u00edas \u2013 sean \u00e9tnicas, religiosas o pol\u00edticas, o a los perdedores en el debate sobre una ley controversial.<\/p>\n\n\n\n<p>Los derechos de las minor\u00edas no dependen del favor de la mayor\u00eda y no pueden ser eliminados por el voto de la mayor\u00eda. Los derechos de las minor\u00edas deben ser protegidos porque las leyes e instituciones democr\u00e1ticas deben de velar por los derechos de todos los ciudadanos.<\/p>\n\n\n\n<p>Por esta raz\u00f3n es que la democracia est\u00e1 fundada sobre pilares como la igualdad ante la ley, el pluralismo social, econ\u00f3mica y pol\u00edtica y los valores de la tolerancia, la cooperaci\u00f3n y el pragmatismo.<\/p>\n\n\n\n<h2 class=\"wp-block-heading\" id=\"h-democracia-en-costa-rica\">Democracia en Costa Rica<\/h2>\n\n\n\n<p>Costa Rica es una de las democracias m\u00e1s antiguas de Am\u00e9rica, y uno de los pa\u00edses m\u00e1s pol\u00edticamente estables de Latinoam\u00e9rica. La vida pol\u00edtica del pa\u00eds est\u00e1 dirigida por tres poderes principales: ejecutivo, legislativo y judicial.<\/p>\n\n\n\n<p>El Presidente del pa\u00eds es elegido mediante elecciones populares por periodos de cuatro a\u00f1os, y la Constituci\u00f3n Pol\u00edtica del pa\u00eds le da los derechos del poder Ejecutivo. La reelecci\u00f3n \u00fanicamente es permitida despu\u00e9s de transcurridos ocho a\u00f1os desde su \u00faltimo mandato, lo que intenta resguardar la continuidad del proceso democr\u00e1tico. El Presidente tiene la autoridad de escoger su gabinete de ministros.<\/p>\n\n\n\n<p>El Congreso o Poder Legislativo es un parlamento unicameral. Los cincuenta y siete miembros de este poder son elegidos tambi\u00e9n por periodos de cuatro a\u00f1os, por los candidatos de los diferentes partidos pol\u00edticos.<\/p>\n\n\n\n<p>Y finalmente, la Corte General o Poder Judicial est\u00e1 compuesto de veintid\u00f3s magistrados, electos por el Congreso por un m\u00ednimo de ocho a\u00f1os. La Corte General es responsable de nombrar los jueces y establecer los tribunales.<\/p>\n\n\n\n<p>Las distintas salas de la Corte Suprema est\u00e1n formadas por miembros de la misma. De todas las C\u00e1maras, la Sala Constitucional es la m\u00e1s poderosa y dictamina en los asuntos relacionados con la constitucionalidad de las leyes; en general, se encarga de proteger a los ciudadanos de las posibles irregularidades del gobierno. M\u00e1s conocida como \u00abLa Sala IV\u00bb, esta sala fue creada dentro de la Corte Suprema y en general ha sido de mucha ayuda para los ciudadanos. En varias ocasiones, \u00abLa Sala IV\u00bb ha derogado importantes leyes de larga data, impugnadas por ciudadanos comunes por motivos constitucionales.<\/p>\n\n\n\n<p>Otro tribunal importante a mencionar es el Tribunal Supremo de Elecciones, que se encarga de garantizar elecciones justas, de acuerdo con la ley electoral.<\/p>\n\n\n\n<figure class=\"wp-block-image size-full\"><img decoding=\"async\" width=\"800\" height=\"533\" src=\"https:\/\/www.travelexcellence.com\/wp-content\/uploads\/2023\/12\/presidente-cr-rodrigo-chaves.jpg\" alt=\"\" class=\"wp-image-18575\" srcset=\"https:\/\/www.travelexcellence.com\/wp-content\/uploads\/2023\/12\/presidente-cr-rodrigo-chaves.jpg 800w, https:\/\/www.travelexcellence.com\/wp-content\/uploads\/2023\/12\/presidente-cr-rodrigo-chaves-300x200.jpg 300w, https:\/\/www.travelexcellence.com\/wp-content\/uploads\/2023\/12\/presidente-cr-rodrigo-chaves-768x512.jpg 768w\" sizes=\"(max-width: 800px) 100vw, 800px\" \/><\/figure>\n\n\n\n<p>Presidente de la Rep\u00fablica de Costa Rica, <strong>Rodrigo Chaves<\/strong><\/p>\n\n\n\n<hr class=\"wp-block-separator has-css-opacity\"\/>\n\n\n\n<h2 class=\"wp-block-heading wp-embed-aspect-16-9 wp-has-aspect-ratio\" id=\"h-como-convertirse-en-un-residente-en-costa-rica\">\u00bfC\u00f3mo convertirse en un residente en Costa Rica?<\/h2>\n\n\n\n<p>Todas las atracciones en Costa Rica est\u00e1n a disposici\u00f3n de los visitantes de los diferentes pa\u00edses del mundo. Los turistas pueden quedarse en el pa\u00eds por periodos de hasta tres meses sin tener que aplicar por una residencia, y pueden regresar al pa\u00eds por otros tres meses en cualquier momento mientras que hayan permanecido fuera de Costa Rica por un periodo de m\u00ednimo 72 horas.<\/p>\n\n\n\n<p>Pero si alguna persona quiere permanecer en Costa Rica por un periodo mayor a tres meses, es tambi\u00e9n relativamente f\u00e1cil convertirse en residente. Si usted desea realizar el tr\u00e1mite, lo primero que debe hacer es aplicar por una de las diferente categor\u00edas mientras que conserva la ciudadan\u00eda de su pa\u00eds de origen. Las categor\u00edas son: pensionado para aquellos que viven de una pensi\u00f3n del estado, rentistas para aquellos que viven de una entrada monetaria de afuera del pa\u00eds e inversionista para aquellos que quieran venir a invertir en Costa Rica. Licencias para estudiantes tambi\u00e9n est\u00e1n disponibles para aquellos que quieran venir a realizar estudios al pa\u00eds.<\/p>\n\n\n\n<p>Despu\u00e9s de cierto n\u00famero de a\u00f1os, los residentes tambi\u00e9n tienen la opci\u00f3n de aplicar por una ciudadan\u00eda costarricense. La ciudadan\u00eda le otorga a los extranjeros los mismos derechos que los costarricenses, incluyendo el derecho a votar.<\/p>\n\n\n\n<p>Debido a que los requerimientos espec\u00edficos para cada categor\u00eda de residencia var\u00edan peri\u00f3dicamente, una de las mejores maneras para obtener informaci\u00f3n actualizada sobre la documentaci\u00f3n necesaria o para solicitar asistencia con el tr\u00e1mite es acudiendo a la Asociaci\u00f3n de Residentes de Costa Rica www.arcr.net<\/p>\n\n\n\n<figure class=\"wp-block-embed is-type-video is-provider-youtube wp-block-embed-youtube wp-embed-aspect-16-9 wp-has-aspect-ratio\"><div class=\"wp-block-embed__wrapper\">\n<iframe title=\"Costa Rica &quot;Nuevo comercial del ICT&quot; [HD]\" width=\"500\" height=\"281\" src=\"https:\/\/www.youtube.com\/embed\/ZMb3M5kDLCM?feature=oembed\" frameborder=\"0\" allow=\"accelerometer; autoplay; clipboard-write; encrypted-media; gyroscope; picture-in-picture; web-share\" referrerpolicy=\"strict-origin-when-cross-origin\" allowfullscreen><\/iframe>\n<\/div><\/figure>\n","protected":false},"excerpt":{"rendered":"<p>Ubicaci\u00f3n Costa Rica es un pa\u00eds monta\u00f1oso en el delgado istmo centroamericano, que limita con Nicaragua en el Norte y Panam\u00e1 en el Sur. Al Este y Oeste est\u00e1n el Mar Caribe y el Oc\u00e9ano Pac\u00edfico, respectivamente. Gente \u00bfQu\u00e9 hace de los \u00abTicos\u00bb (Costarricenses) personas diferentes y especiales? Esta es una pregunta com\u00fan. La respuesta [&hellip;]<\/p>\n","protected":false},"author":12,"featured_media":0,"parent":0,"menu_order":0,"comment_status":"closed","ping_status":"closed","template":"page-detalle-paginas-internas.php","meta":{"_acf_changed":false,"footnotes":""},"class_list":["post-3619","page","type-page","status-publish","hentry"],"acf":[],"yoast_head":"<!-- This site is optimized with the Yoast SEO Premium plugin v27.4 (Yoast SEO v27.4) - https:\/\/yoast.com\/product\/yoast-seo-premium-wordpress\/ -->\n<title>Informaci\u00f3n General de Costa Rica - Travel Excellence<\/title>\n<meta name=\"robots\" content=\"index, follow, max-snippet:-1, max-image-preview:large, max-video-preview:-1\" \/>\n<link rel=\"canonical\" href=\"https:\/\/www.travelexcellence.com\/es\/informacion-general-de-costa-rica\/\" \/>\n<meta property=\"og:locale\" content=\"es_ES\" \/>\n<meta property=\"og:type\" content=\"article\" \/>\n<meta property=\"og:title\" content=\"Informaci\u00f3n General de Costa Rica\" \/>\n<meta property=\"og:description\" content=\"Ubicaci\u00f3n Costa Rica es un pa\u00eds monta\u00f1oso en el delgado istmo centroamericano, que limita con Nicaragua en el Norte y Panam\u00e1 en el Sur. Al Este y Oeste est\u00e1n el Mar Caribe y el Oc\u00e9ano Pac\u00edfico, respectivamente. Gente \u00bfQu\u00e9 hace de los \u00abTicos\u00bb (Costarricenses) personas diferentes y especiales? Esta es una pregunta com\u00fan. La respuesta [&hellip;]\" \/>\n<meta property=\"og:url\" content=\"https:\/\/www.travelexcellence.com\/es\/informacion-general-de-costa-rica\/\" \/>\n<meta property=\"og:site_name\" content=\"Travel Excellence\" \/>\n<meta property=\"article:modified_time\" content=\"2023-12-06T17:34:43+00:00\" \/>\n<meta property=\"og:image\" content=\"https:\/\/www.travelexcellence.com\/wp-content\/uploads\/2020\/10\/costa-rica-general-info.jpg\" \/>\n<meta name=\"twitter:card\" content=\"summary_large_image\" \/>\n<meta name=\"twitter:label1\" content=\"Tiempo de lectura\" \/>\n\t<meta name=\"twitter:data1\" content=\"8 minutos\" \/>\n<!-- \/ Yoast SEO Premium plugin. -->","yoast_head_json":{"title":"Informaci\u00f3n General de Costa Rica - Travel Excellence","robots":{"index":"index","follow":"follow","max-snippet":"max-snippet:-1","max-image-preview":"max-image-preview:large","max-video-preview":"max-video-preview:-1"},"canonical":"https:\/\/www.travelexcellence.com\/es\/informacion-general-de-costa-rica\/","og_locale":"es_ES","og_type":"article","og_title":"Informaci\u00f3n General de Costa Rica","og_description":"Ubicaci\u00f3n Costa Rica es un pa\u00eds monta\u00f1oso en el delgado istmo centroamericano, que limita con Nicaragua en el Norte y Panam\u00e1 en el Sur. Al Este y Oeste est\u00e1n el Mar Caribe y el Oc\u00e9ano Pac\u00edfico, respectivamente. Gente \u00bfQu\u00e9 hace de los \u00abTicos\u00bb (Costarricenses) personas diferentes y especiales? Esta es una pregunta com\u00fan. La respuesta [&hellip;]","og_url":"https:\/\/www.travelexcellence.com\/es\/informacion-general-de-costa-rica\/","og_site_name":"Travel Excellence","article_modified_time":"2023-12-06T17:34:43+00:00","og_image":[{"url":"https:\/\/www.travelexcellence.com\/wp-content\/uploads\/2020\/10\/costa-rica-general-info.jpg","type":"","width":"","height":""}],"twitter_card":"summary_large_image","twitter_misc":{"Tiempo de lectura":"8 minutos"},"schema":{"@context":"https:\/\/schema.org","@graph":[{"@type":"WebPage","@id":"https:\/\/www.travelexcellence.com\/es\/informacion-general-de-costa-rica\/","url":"https:\/\/www.travelexcellence.com\/es\/informacion-general-de-costa-rica\/","name":"Informaci\u00f3n General de Costa Rica - Travel Excellence","isPartOf":{"@id":"https:\/\/www.travelexcellence.com\/#website"},"primaryImageOfPage":{"@id":"https:\/\/www.travelexcellence.com\/es\/informacion-general-de-costa-rica\/#primaryimage"},"image":{"@id":"https:\/\/www.travelexcellence.com\/es\/informacion-general-de-costa-rica\/#primaryimage"},"thumbnailUrl":"https:\/\/www.travelexcellence.com\/wp-content\/uploads\/2020\/10\/costa-rica-general-info.jpg","datePublished":"2020-10-29T16:58:36+00:00","dateModified":"2023-12-06T17:34:43+00:00","breadcrumb":{"@id":"https:\/\/www.travelexcellence.com\/es\/informacion-general-de-costa-rica\/#breadcrumb"},"inLanguage":"es","potentialAction":[{"@type":"ReadAction","target":["https:\/\/www.travelexcellence.com\/es\/informacion-general-de-costa-rica\/"]}]},{"@type":"ImageObject","inLanguage":"es","@id":"https:\/\/www.travelexcellence.com\/es\/informacion-general-de-costa-rica\/#primaryimage","url":"https:\/\/www.travelexcellence.com\/wp-content\/uploads\/2020\/10\/costa-rica-general-info.jpg","contentUrl":"https:\/\/www.travelexcellence.com\/wp-content\/uploads\/2020\/10\/costa-rica-general-info.jpg"},{"@type":"BreadcrumbList","@id":"https:\/\/www.travelexcellence.com\/es\/informacion-general-de-costa-rica\/#breadcrumb","itemListElement":[{"@type":"ListItem","position":1,"name":"Home","item":"https:\/\/www.travelexcellence.com\/es\/"},{"@type":"ListItem","position":2,"name":"Informaci\u00f3n General de Costa Rica"}]},{"@type":"WebSite","@id":"https:\/\/www.travelexcellence.com\/#website","url":"https:\/\/www.travelexcellence.com\/","name":"Travel Excellence","description":"Best Costa Rica Travel &amp; Vacations Agency","potentialAction":[{"@type":"SearchAction","target":{"@type":"EntryPoint","urlTemplate":"https:\/\/www.travelexcellence.com\/?s={search_term_string}"},"query-input":{"@type":"PropertyValueSpecification","valueRequired":true,"valueName":"search_term_string"}}],"inLanguage":"es"}]}},"_links":{"self":[{"href":"https:\/\/www.travelexcellence.com\/es\/wp-json\/wp\/v2\/pages\/3619","targetHints":{"allow":["GET"]}}],"collection":[{"href":"https:\/\/www.travelexcellence.com\/es\/wp-json\/wp\/v2\/pages"}],"about":[{"href":"https:\/\/www.travelexcellence.com\/es\/wp-json\/wp\/v2\/types\/page"}],"author":[{"embeddable":true,"href":"https:\/\/www.travelexcellence.com\/es\/wp-json\/wp\/v2\/users\/12"}],"replies":[{"embeddable":true,"href":"https:\/\/www.travelexcellence.com\/es\/wp-json\/wp\/v2\/comments?post=3619"}],"version-history":[{"count":9,"href":"https:\/\/www.travelexcellence.com\/es\/wp-json\/wp\/v2\/pages\/3619\/revisions"}],"predecessor-version":[{"id":18581,"href":"https:\/\/www.travelexcellence.com\/es\/wp-json\/wp\/v2\/pages\/3619\/revisions\/18581"}],"wp:attachment":[{"href":"https:\/\/www.travelexcellence.com\/es\/wp-json\/wp\/v2\/media?parent=3619"}],"curies":[{"name":"wp","href":"https:\/\/api.w.org\/{rel}","templated":true}]}}