{"id":2024,"date":"2020-10-16T14:14:34","date_gmt":"2020-10-16T14:14:34","guid":{"rendered":"https:\/\/www.travelexcellence.com\/transportes-y-guias\/"},"modified":"2020-10-16T14:14:34","modified_gmt":"2020-10-16T14:14:34","slug":"transportes-y-guias","status":"publish","type":"page","link":"https:\/\/www.travelexcellence.com\/es\/transportes-y-guias\/","title":{"rendered":"Transportes y Gu\u00edas"},"content":{"rendered":"\n<p><p>Existe una infinidad de opciones para trasladarse por Costa Rica: transporte privado, p\u00fablico, servicios compartidos, <a href=\"https:\/\/www.travelexcellence.com\/es\/servicios\/vuelos-locales\">vuelos dom\u00e9sticos<\/a>, botes y <a href=\"https:\/\/www.travelexcellence.com\/es\/servicios\/alquiler-de-autos\">autos rentados<\/a>. La mejor opci\u00f3n para usted depender\u00e1 de su presupuesto y la duraci\u00f3n de sus <a href=\"https:\/\/www.travelexcellence.com\/es\">vacaciones en Costa Rica<\/a>.<\/p><\/p>\n\n<figure class=\"wp-block-image size-large\"><img decoding=\"async\" width=\"800\" height=\"500\" src=\"https:\/\/www.travelexcellence.com\/wp-content\/uploads\/2020\/09\/DRIVERS.jpg\" alt=\"Travel Excellence\" class=\"wp-image-2026\" srcset=\"https:\/\/www.travelexcellence.com\/wp-content\/uploads\/2020\/09\/DRIVERS.jpg 800w, https:\/\/www.travelexcellence.com\/wp-content\/uploads\/2020\/09\/DRIVERS-300x188.jpg 300w, https:\/\/www.travelexcellence.com\/wp-content\/uploads\/2020\/09\/DRIVERS-768x480.jpg 768w\" sizes=\"(max-width: 800px) 100vw, 800px\" \/><\/figure>\n\n<h2 class=\"wp-block-heading\">Traslados privados<\/h2>\n\n<p>Algunas veces los turistas, para tener el control de su itinerario, prefieren rentar un auto durante su estad\u00eda en Costa Rica. El asunto es que la mayor\u00eda del tiempo no toman en cuenta las distancias de los traslados y las condiciones de la carretera.<\/p>\n\n<p>Las ventajas de reservar traslados privados son incontables. Por ejemplo, cuando se reserva un traslado privado para ir de un destino a otro, usted no se debe preocupar por nada m\u00e1s que disfrutar del viaje. No se debe preocupar por horarios, distancias, ni las condiciones del clima en la ruta; y usted a\u00fan as\u00ed puede conservar el control del viaje y contar con la posibilidad de solicitar paradas en el camino para tomar fotograf\u00edas o comer algo.<\/p>\n\n<p>Travel Excellence ofrece traslados privados por tierra desde y hasta cualquiera de los destinos de Costa Rica, sin importar el n\u00famero de personas que est\u00e9n viajando. Estos traslados privados pueden ser programados a cualquier hora, y desde cualquier hotel, aeropuerto, restaurante, etc\u2026 Adem\u00e1s, todos los veh\u00edculos utilizados para estos servicios cuentan con aire acondicionado y sus conductores son confiables y biling\u00fces.&#13;\n&#13;\n<\/p>\n\n<div class=\"wp-block-media-text alignwide is-stacked-on-mobile is-image-fill\"><figure class=\"wp-block-media-text__media\" style=\"background-image:url(https:\/\/www.travelexcellence.com\/wp-content\/uploads\/2020\/09\/guidetransportation-scania-1.jpg);background-position:50% 50%\"><img decoding=\"async\" width=\"800\" height=\"500\" src=\"https:\/\/www.travelexcellence.com\/wp-content\/uploads\/2020\/09\/guidetransportation-scania-1.jpg\" alt=\"gu\u00eda y transporte Scania\" class=\"wp-image-2028\" srcset=\"https:\/\/www.travelexcellence.com\/wp-content\/uploads\/2020\/09\/guidetransportation-scania-1.jpg 800w, https:\/\/www.travelexcellence.com\/wp-content\/uploads\/2020\/09\/guidetransportation-scania-1-300x188.jpg 300w, https:\/\/www.travelexcellence.com\/wp-content\/uploads\/2020\/09\/guidetransportation-scania-1-768x480.jpg 768w\" sizes=\"(max-width: 800px) 100vw, 800px\" \/><\/figure><div class=\"wp-block-media-text__content\">\n<h2 class=\"wp-block-heading\">Traslados de lujo<\/h2>\n\n\n\n<p>Tambi\u00e9n es posible reservar traslados en autom\u00f3viles de lujo, para dar un toque especial a su estad\u00eda en Costa Rica. Esto significa que los servicios se realizar\u00e1n en lujosos autom\u00f3viles y no en microbuses; y de la misma forma que en los traslados privados regulares, un conductor biling\u00fce estar\u00e1 <\/p>\n<\/div><\/div>\n\n<div class=\"wp-block-media-text alignwide is-stacked-on-mobile is-image-fill\"><figure class=\"wp-block-media-text__media\" style=\"background-image:url(https:\/\/www.travelexcellence.com\/wp-content\/uploads\/2020\/09\/guidetransportation-coaster.jpg);background-position:50% 50%\"><img decoding=\"async\" width=\"800\" height=\"500\" src=\"https:\/\/www.travelexcellence.com\/wp-content\/uploads\/2020\/09\/guidetransportation-coaster.jpg\" alt=\"Travel Excellence\" class=\"wp-image-2030\" srcset=\"https:\/\/www.travelexcellence.com\/wp-content\/uploads\/2020\/09\/guidetransportation-coaster.jpg 800w, https:\/\/www.travelexcellence.com\/wp-content\/uploads\/2020\/09\/guidetransportation-coaster-300x188.jpg 300w, https:\/\/www.travelexcellence.com\/wp-content\/uploads\/2020\/09\/guidetransportation-coaster-768x480.jpg 768w\" sizes=\"(max-width: 800px) 100vw, 800px\" \/><\/figure><div class=\"wp-block-media-text__content\">\n<h2 class=\"wp-block-heading\">Tiempos de viaje<\/h2>\n\n\n\n<p>\u00a1Cu\u00e1nto tiempo toma el traslado desde el aeropuerto internacional a la playa? O, \u00bfcu\u00e1nto tiempo toma ir de la playa hasta bosque nuboso? En el cuadro a continuaci\u00f3n se podr\u00e1 tener una mejor idea de las distancias entre las atracciones m\u00e1s populares de Costa Rica:<\/p>\n<\/div><\/div>\n\n<h2 class=\"wp-block-heading\">Tiempo de viaje en Costa Rica<\/h2>\n\n<figure class=\"wp-block-image size-large\"><img decoding=\"async\" width=\"800\" height=\"320\" src=\"https:\/\/www.travelexcellence.com\/wp-content\/uploads\/2020\/09\/DRIVING-TIMES.png\" alt=\"Este gr&#xE1;fico muestra los tiempos de distancia en autom&#xF3;vil desde las atracciones tur&#xED;sticas m&#xE1;s importantes de costa rica\" class=\"wp-image-2032\" srcset=\"https:\/\/www.travelexcellence.com\/wp-content\/uploads\/2020\/09\/DRIVING-TIMES.png 800w, https:\/\/www.travelexcellence.com\/wp-content\/uploads\/2020\/09\/DRIVING-TIMES-300x120.png 300w, https:\/\/www.travelexcellence.com\/wp-content\/uploads\/2020\/09\/DRIVING-TIMES-768x307.png 768w, https:\/\/www.travelexcellence.com\/wp-content\/uploads\/2020\/09\/DRIVING-TIMES-703x280.png 703w\" sizes=\"(max-width: 800px) 100vw, 800px\" \/><\/figure>\n\n<div class=\"wp-block-media-text alignwide is-stacked-on-mobile is-image-fill\"><figure class=\"wp-block-media-text__media\" style=\"background-image:url(https:\/\/www.travelexcellence.com\/wp-content\/uploads\/2020\/09\/guidetransportation-te.jpg);background-position:50% 50%\"><img decoding=\"async\" width=\"800\" height=\"500\" src=\"https:\/\/www.travelexcellence.com\/wp-content\/uploads\/2020\/09\/guidetransportation-te.jpg\" alt=\"\" class=\"wp-image-2034\" srcset=\"https:\/\/www.travelexcellence.com\/wp-content\/uploads\/2020\/09\/guidetransportation-te.jpg 800w, https:\/\/www.travelexcellence.com\/wp-content\/uploads\/2020\/09\/guidetransportation-te-300x188.jpg 300w, https:\/\/www.travelexcellence.com\/wp-content\/uploads\/2020\/09\/guidetransportation-te-768x480.jpg 768w\" sizes=\"(max-width: 800px) 100vw, 800px\" \/><\/figure><div class=\"wp-block-media-text__content\">\n<h2 class=\"wp-block-heading\">Servicios compartidos<\/h2>\n\n\n\n<p>Existe otra opci\u00f3n para viajar por el pa\u00eds, perfecta para quienes cuentan con un presupuesto m\u00e1s limitado: los traslados compartidos. Estos traslados se realizar en microbuses con aire acondicionado, y operan entre los destinos m\u00e1s populares de Costa Rica. No son autobuses p\u00fablicos, sino servicios puerta a puerta, que van de hotel a hotel.<\/p>\n<\/div><\/div>\n\n<h2 class=\"wp-block-heading\">Gu\u00edas<\/h2>\n\n<p>El alto calibre de nuestros gu\u00edas; y su conocimiento de la historia, cultura y naturaleza de Costa Rica, le dan un valor agregado incomparable a los servicios que provee nuestra compa\u00f1\u00eda. Como operadores terrestres, nos sentimos orgullosos de ayudarle a cada uno de nuestros clientes a descubrir este peque\u00f1o y diverso pa\u00eds. Un lugar que ofrece la mezcla perfecta entre aventura y ecoturismo.<\/p>\n","protected":false},"excerpt":{"rendered":"<p>Existe una infinidad de opciones para trasladarse por Costa Rica: transporte privado, p\u00fablico, servicios compartidos, vuelos dom\u00e9sticos, botes y autos rentados. La mejor opci\u00f3n para usted depender\u00e1 de su presupuesto y la duraci\u00f3n de sus vacaciones en Costa Rica. Traslados privados Algunas veces los turistas, para tener el control de su itinerario, prefieren rentar un [&hellip;]<\/p>\n","protected":false},"author":9,"featured_media":0,"parent":0,"menu_order":0,"comment_status":"closed","ping_status":"closed","template":"page-detalle-paginas-internas.php","meta":{"_acf_changed":false,"footnotes":""},"class_list":["post-2024","page","type-page","status-publish","hentry"],"acf":[],"yoast_head":"<!-- This site is optimized with the Yoast SEO Premium plugin v27.4 (Yoast SEO v27.4) - https:\/\/yoast.com\/product\/yoast-seo-premium-wordpress\/ -->\n<title>Transportes y Gu\u00edas - Travel Excellence<\/title>\n<meta name=\"robots\" content=\"index, follow, max-snippet:-1, max-image-preview:large, max-video-preview:-1\" \/>\n<link rel=\"canonical\" href=\"https:\/\/www.travelexcellence.com\/es\/transportes-y-guias\/\" \/>\n<meta property=\"og:locale\" content=\"es_ES\" \/>\n<meta property=\"og:type\" content=\"article\" \/>\n<meta property=\"og:title\" content=\"Transportes y Gu\u00edas\" \/>\n<meta property=\"og:description\" content=\"Existe una infinidad de opciones para trasladarse por Costa Rica: transporte privado, p\u00fablico, servicios compartidos, vuelos dom\u00e9sticos, botes y autos rentados. La mejor opci\u00f3n para usted depender\u00e1 de su presupuesto y la duraci\u00f3n de sus vacaciones en Costa Rica. Traslados privados Algunas veces los turistas, para tener el control de su itinerario, prefieren rentar un [&hellip;]\" \/>\n<meta property=\"og:url\" content=\"https:\/\/www.travelexcellence.com\/es\/transportes-y-guias\/\" \/>\n<meta property=\"og:site_name\" content=\"Travel Excellence\" \/>\n<meta property=\"og:image\" content=\"https:\/\/www.travelexcellence.com\/wp-content\/uploads\/2020\/09\/DRIVERS.jpg\" \/>\n<meta name=\"twitter:card\" content=\"summary_large_image\" \/>\n<meta name=\"twitter:label1\" content=\"Tiempo de lectura\" \/>\n\t<meta name=\"twitter:data1\" content=\"2 minutos\" \/>\n<!-- \/ Yoast SEO Premium plugin. -->","yoast_head_json":{"title":"Transportes y Gu\u00edas - Travel Excellence","robots":{"index":"index","follow":"follow","max-snippet":"max-snippet:-1","max-image-preview":"max-image-preview:large","max-video-preview":"max-video-preview:-1"},"canonical":"https:\/\/www.travelexcellence.com\/es\/transportes-y-guias\/","og_locale":"es_ES","og_type":"article","og_title":"Transportes y Gu\u00edas","og_description":"Existe una infinidad de opciones para trasladarse por Costa Rica: transporte privado, p\u00fablico, servicios compartidos, vuelos dom\u00e9sticos, botes y autos rentados. La mejor opci\u00f3n para usted depender\u00e1 de su presupuesto y la duraci\u00f3n de sus vacaciones en Costa Rica. Traslados privados Algunas veces los turistas, para tener el control de su itinerario, prefieren rentar un [&hellip;]","og_url":"https:\/\/www.travelexcellence.com\/es\/transportes-y-guias\/","og_site_name":"Travel Excellence","og_image":[{"url":"https:\/\/www.travelexcellence.com\/wp-content\/uploads\/2020\/09\/DRIVERS.jpg","type":"","width":"","height":""}],"twitter_card":"summary_large_image","twitter_misc":{"Tiempo de lectura":"2 minutos"},"schema":{"@context":"https:\/\/schema.org","@graph":[{"@type":"WebPage","@id":"https:\/\/www.travelexcellence.com\/es\/transportes-y-guias\/","url":"https:\/\/www.travelexcellence.com\/es\/transportes-y-guias\/","name":"Transportes y Gu\u00edas - Travel Excellence","isPartOf":{"@id":"https:\/\/www.travelexcellence.com\/#website"},"primaryImageOfPage":{"@id":"https:\/\/www.travelexcellence.com\/es\/transportes-y-guias\/#primaryimage"},"image":{"@id":"https:\/\/www.travelexcellence.com\/es\/transportes-y-guias\/#primaryimage"},"thumbnailUrl":"https:\/\/www.travelexcellence.com\/wp-content\/uploads\/2020\/09\/DRIVERS.jpg","datePublished":"2020-10-16T14:14:34+00:00","breadcrumb":{"@id":"https:\/\/www.travelexcellence.com\/es\/transportes-y-guias\/#breadcrumb"},"inLanguage":"es","potentialAction":[{"@type":"ReadAction","target":["https:\/\/www.travelexcellence.com\/es\/transportes-y-guias\/"]}]},{"@type":"ImageObject","inLanguage":"es","@id":"https:\/\/www.travelexcellence.com\/es\/transportes-y-guias\/#primaryimage","url":"https:\/\/www.travelexcellence.com\/wp-content\/uploads\/2020\/09\/DRIVERS.jpg","contentUrl":"https:\/\/www.travelexcellence.com\/wp-content\/uploads\/2020\/09\/DRIVERS.jpg"},{"@type":"BreadcrumbList","@id":"https:\/\/www.travelexcellence.com\/es\/transportes-y-guias\/#breadcrumb","itemListElement":[{"@type":"ListItem","position":1,"name":"Home","item":"https:\/\/www.travelexcellence.com\/es\/"},{"@type":"ListItem","position":2,"name":"Transportes y Gu\u00edas"}]},{"@type":"WebSite","@id":"https:\/\/www.travelexcellence.com\/#website","url":"https:\/\/www.travelexcellence.com\/","name":"Travel Excellence","description":"Best Costa Rica Travel &amp; Vacations Agency","potentialAction":[{"@type":"SearchAction","target":{"@type":"EntryPoint","urlTemplate":"https:\/\/www.travelexcellence.com\/?s={search_term_string}"},"query-input":{"@type":"PropertyValueSpecification","valueRequired":true,"valueName":"search_term_string"}}],"inLanguage":"es"}]}},"_links":{"self":[{"href":"https:\/\/www.travelexcellence.com\/es\/wp-json\/wp\/v2\/pages\/2024","targetHints":{"allow":["GET"]}}],"collection":[{"href":"https:\/\/www.travelexcellence.com\/es\/wp-json\/wp\/v2\/pages"}],"about":[{"href":"https:\/\/www.travelexcellence.com\/es\/wp-json\/wp\/v2\/types\/page"}],"author":[{"embeddable":true,"href":"https:\/\/www.travelexcellence.com\/es\/wp-json\/wp\/v2\/users\/9"}],"replies":[{"embeddable":true,"href":"https:\/\/www.travelexcellence.com\/es\/wp-json\/wp\/v2\/comments?post=2024"}],"version-history":[{"count":1,"href":"https:\/\/www.travelexcellence.com\/es\/wp-json\/wp\/v2\/pages\/2024\/revisions"}],"predecessor-version":[{"id":2025,"href":"https:\/\/www.travelexcellence.com\/es\/wp-json\/wp\/v2\/pages\/2024\/revisions\/2025"}],"wp:attachment":[{"href":"https:\/\/www.travelexcellence.com\/es\/wp-json\/wp\/v2\/media?parent=2024"}],"curies":[{"name":"wp","href":"https:\/\/api.w.org\/{rel}","templated":true}]}}