{"id":1967,"date":"2020-10-14T20:01:46","date_gmt":"2020-10-14T20:01:46","guid":{"rendered":"https:\/\/www.travelexcellence.com\/politica-de-igualdad-de-genero\/"},"modified":"2020-10-14T20:01:47","modified_gmt":"2020-10-14T20:01:47","slug":"politica-de-igualdad-de-genero","status":"publish","type":"page","link":"https:\/\/www.travelexcellence.com\/es\/politica-de-igualdad-de-genero\/","title":{"rendered":"Pol\u00edtica de Igualdad de G\u00e9nero"},"content":{"rendered":"\n<p>En Travel Excellence sabemos que el turismo transforma la vida de las personas. Considerando que la igualdad de g\u00e9nero es fundamental para el bienestar y el desarrollo, nuestra empresa asume la responsabilidad de llevar a cabo acciones para favorecer la igualdad y asegurar la equidad de g\u00e9nero dentro de la organizaci\u00f3n.<\/p>\n\n<ul class=\"wp-block-list\"><li>Tratando a hombres y mujeres de forma equitativa en el trabajo y promoviendo un ambiente laboral que propicie la igualdad de g\u00e9nero<\/li><li>Velando por la salud, la seguridad y el bienestar de todo el equipo de trabajo<\/li><li>Respetando el principio de igualdad de remuneraci\u00f3n entre las mujeres y los hombres por un trabajo de igual valor<\/li><li>Brindando oportunidades de formaci\u00f3n y de crecimiento a las mujeres<\/li><li>Practicando la comunicaci\u00f3n asertiva, respetuosa e inclusiva<\/li><li>Previniendo y abordando cualquier posible manifestaci\u00f3n de discriminaci\u00f3n o violencia hacia las mujeres<\/li><li>Abordando y sancionando el hostigamiento sexual y el acoso laboral<\/li><li>Promoviendo el equilibrio entre vida personal, familiar y laboral<\/li><li>Abordando adecuadamente la orientaci\u00f3n sexual y la identidad de g\u00e9nero<\/li><li>Evaluando los progresos realizados en favor de la igualdad de g\u00e9nero<\/li><li>Motivando a las compa\u00f1\u00edas con las cuales nos relacionamos a asumir algunas de estas buenas pr\u00e1cticas.<\/li><\/ul>\n\n<h2 class=\"wp-block-heading\">Nuestras acciones<\/h2>\n\n<p>Travel Excellence destaca por ser una empresa l\u00edder en el pa\u00eds en lo que respecta al proceso de incorporaci\u00f3n de la Norma INTE G38:2015 Sistema de gesti\u00f3n para la igualdad de g\u00e9nero en el \u00e1mbito laboral, del cual form\u00f3 parte por un largo periodo de tiempo, este proceso fue regulado por INTECO y el INAMU. Dentro de este sistema de gesti\u00f3n, la empresa integr\u00f3 cambios en el funcionamiento de sus operaciones, de forma que cada acci\u00f3n busca asegurar la igualdad de g\u00e9nero.<\/p>\n\n<p>Nos hemos distinguido por implementar procesos de gesti\u00f3n avanzados y dise\u00f1ar creativamente un sistema de gesti\u00f3n en igualdad de g\u00e9nero.<\/p>\n\n<p>Contamos con una Pol\u00edtica de Igualdad de G\u00e9nero en la que asumimos la responsabilidad de las relaciones laborales dentro de un ambiente productivo y de calidad de vida para el equipo de trabajo. Contamos con una Normativa Interna que brinda una licencia de maternidad extendida, un tiempo de lactancia amplio y una licencia de paternidad; as\u00ed como permisos familiares por diversos y justificados motivos<\/p>\n\n<p> De forma muy comprometida, se asume una pol\u00edtica de atenci\u00f3n y denuncia de situaciones de hostigamiento sexual y acoso laboral, con comisiones investigadoras que velan por la atenci\u00f3n de la situaci\u00f3n. Desalentamos cualquier manifestaci\u00f3n de violencia en raz\u00f3n del g\u00e9nero y acompa\u00f1amos todo proceso de denuncia en el que se encuentre alguna persona colaboradora.<\/p>\n\n<p>Travel Excellence tiene acciones permanentes para prevenir cualquier situaci\u00f3n de hostigamiento sexual en nuestro equipo o con la clientela. En caso de alg\u00fan incidente, cualquier pasajero(a) puede comunicarse con nuestras oficinas o nuestro servicio telef\u00f3nico 24 horas y se proceder\u00e1 con una investigaci\u00f3n interna. En caso de que la persona afectada lo considere conveniente, tambi\u00e9n le ayudaremos a interponer alguna denuncia con autoridades contra terceras personas. Nuestra intenci\u00f3n siempre es prevenir este tipo de situaciones, y atender debidamente alguna que pudiera materializarse por estar fuera de nuestro control.<\/p>\n\n<p>Se cuenta con un Programa de Igualdad de G\u00e9nero en el que, entre otras acciones, se busca la salud integral de nuestro personal. Asegurando instalaciones y equipos acordes a las necesidades de mujeres y hombres en su diversidad.<\/p>\n\n<p>Buscamos incidir tambi\u00e9n en aquellas empresas suplidoras de servicios al incitarlos a adoptar buenas pr\u00e1cticas en igualdad de g\u00e9nero. Tendemos a la mejora continua, con la convicci\u00f3n de que abordar este tema es fundamental para el bienestar y el desarrollo humano. Nos aseguramos de que Travel Excellence, en materia de igualdad de g\u00e9nero, brinde experiencias m\u00e1s all\u00e1 de los sentidos.<\/p>\n","protected":false},"excerpt":{"rendered":"<p>En Travel Excellence sabemos que el turismo transforma la vida de las personas. Considerando que la igualdad de g\u00e9nero es fundamental para el bienestar y el desarrollo, nuestra empresa asume la responsabilidad de llevar a cabo acciones para favorecer la igualdad y asegurar la equidad de g\u00e9nero dentro de la organizaci\u00f3n. Tratando a hombres y [&hellip;]<\/p>\n","protected":false},"author":11,"featured_media":0,"parent":0,"menu_order":0,"comment_status":"closed","ping_status":"closed","template":"page-detalle-paginas-internas.php","meta":{"_acf_changed":false,"footnotes":""},"class_list":["post-1967","page","type-page","status-publish","hentry"],"acf":[],"yoast_head":"<!-- This site is optimized with the Yoast SEO Premium plugin v27.4 (Yoast SEO v27.4) - https:\/\/yoast.com\/product\/yoast-seo-premium-wordpress\/ -->\n<title>Pol\u00edtica de Igualdad de G\u00e9nero - Travel Excellence<\/title>\n<meta name=\"robots\" content=\"index, follow, max-snippet:-1, max-image-preview:large, max-video-preview:-1\" \/>\n<link rel=\"canonical\" href=\"https:\/\/www.travelexcellence.com\/es\/politica-de-igualdad-de-genero\/\" \/>\n<meta property=\"og:locale\" content=\"es_ES\" \/>\n<meta property=\"og:type\" content=\"article\" \/>\n<meta property=\"og:title\" content=\"Pol\u00edtica de Igualdad de G\u00e9nero\" \/>\n<meta property=\"og:description\" content=\"En Travel Excellence sabemos que el turismo transforma la vida de las personas. Considerando que la igualdad de g\u00e9nero es fundamental para el bienestar y el desarrollo, nuestra empresa asume la responsabilidad de llevar a cabo acciones para favorecer la igualdad y asegurar la equidad de g\u00e9nero dentro de la organizaci\u00f3n. Tratando a hombres y [&hellip;]\" \/>\n<meta property=\"og:url\" content=\"https:\/\/www.travelexcellence.com\/es\/politica-de-igualdad-de-genero\/\" \/>\n<meta property=\"og:site_name\" content=\"Travel Excellence\" \/>\n<meta property=\"article:modified_time\" content=\"2020-10-14T20:01:47+00:00\" \/>\n<meta name=\"twitter:card\" content=\"summary_large_image\" \/>\n<meta name=\"twitter:label1\" content=\"Tiempo de lectura\" \/>\n\t<meta name=\"twitter:data1\" content=\"3 minutos\" \/>\n<!-- \/ Yoast SEO Premium plugin. -->","yoast_head_json":{"title":"Pol\u00edtica de Igualdad de G\u00e9nero - Travel Excellence","robots":{"index":"index","follow":"follow","max-snippet":"max-snippet:-1","max-image-preview":"max-image-preview:large","max-video-preview":"max-video-preview:-1"},"canonical":"https:\/\/www.travelexcellence.com\/es\/politica-de-igualdad-de-genero\/","og_locale":"es_ES","og_type":"article","og_title":"Pol\u00edtica de Igualdad de G\u00e9nero","og_description":"En Travel Excellence sabemos que el turismo transforma la vida de las personas. Considerando que la igualdad de g\u00e9nero es fundamental para el bienestar y el desarrollo, nuestra empresa asume la responsabilidad de llevar a cabo acciones para favorecer la igualdad y asegurar la equidad de g\u00e9nero dentro de la organizaci\u00f3n. Tratando a hombres y [&hellip;]","og_url":"https:\/\/www.travelexcellence.com\/es\/politica-de-igualdad-de-genero\/","og_site_name":"Travel Excellence","article_modified_time":"2020-10-14T20:01:47+00:00","twitter_card":"summary_large_image","twitter_misc":{"Tiempo de lectura":"3 minutos"},"schema":{"@context":"https:\/\/schema.org","@graph":[{"@type":"WebPage","@id":"https:\/\/www.travelexcellence.com\/es\/politica-de-igualdad-de-genero\/","url":"https:\/\/www.travelexcellence.com\/es\/politica-de-igualdad-de-genero\/","name":"Pol\u00edtica de Igualdad de G\u00e9nero - Travel Excellence","isPartOf":{"@id":"https:\/\/www.travelexcellence.com\/#website"},"datePublished":"2020-10-14T20:01:46+00:00","dateModified":"2020-10-14T20:01:47+00:00","breadcrumb":{"@id":"https:\/\/www.travelexcellence.com\/es\/politica-de-igualdad-de-genero\/#breadcrumb"},"inLanguage":"es","potentialAction":[{"@type":"ReadAction","target":["https:\/\/www.travelexcellence.com\/es\/politica-de-igualdad-de-genero\/"]}]},{"@type":"BreadcrumbList","@id":"https:\/\/www.travelexcellence.com\/es\/politica-de-igualdad-de-genero\/#breadcrumb","itemListElement":[{"@type":"ListItem","position":1,"name":"Home","item":"https:\/\/www.travelexcellence.com\/es\/"},{"@type":"ListItem","position":2,"name":"Pol\u00edtica de Igualdad de G\u00e9nero"}]},{"@type":"WebSite","@id":"https:\/\/www.travelexcellence.com\/#website","url":"https:\/\/www.travelexcellence.com\/","name":"Travel Excellence","description":"Best Costa Rica Travel &amp; Vacations Agency","potentialAction":[{"@type":"SearchAction","target":{"@type":"EntryPoint","urlTemplate":"https:\/\/www.travelexcellence.com\/?s={search_term_string}"},"query-input":{"@type":"PropertyValueSpecification","valueRequired":true,"valueName":"search_term_string"}}],"inLanguage":"es"}]}},"_links":{"self":[{"href":"https:\/\/www.travelexcellence.com\/es\/wp-json\/wp\/v2\/pages\/1967","targetHints":{"allow":["GET"]}}],"collection":[{"href":"https:\/\/www.travelexcellence.com\/es\/wp-json\/wp\/v2\/pages"}],"about":[{"href":"https:\/\/www.travelexcellence.com\/es\/wp-json\/wp\/v2\/types\/page"}],"author":[{"embeddable":true,"href":"https:\/\/www.travelexcellence.com\/es\/wp-json\/wp\/v2\/users\/11"}],"replies":[{"embeddable":true,"href":"https:\/\/www.travelexcellence.com\/es\/wp-json\/wp\/v2\/comments?post=1967"}],"version-history":[{"count":1,"href":"https:\/\/www.travelexcellence.com\/es\/wp-json\/wp\/v2\/pages\/1967\/revisions"}],"predecessor-version":[{"id":1968,"href":"https:\/\/www.travelexcellence.com\/es\/wp-json\/wp\/v2\/pages\/1967\/revisions\/1968"}],"wp:attachment":[{"href":"https:\/\/www.travelexcellence.com\/es\/wp-json\/wp\/v2\/media?parent=1967"}],"curies":[{"name":"wp","href":"https:\/\/api.w.org\/{rel}","templated":true}]}}