{"id":16599,"date":"2022-05-03T15:17:43","date_gmt":"2022-05-03T15:17:43","guid":{"rendered":"https:\/\/www.travelexcellence.com\/costa-rica-karte\/"},"modified":"2022-05-03T15:17:43","modified_gmt":"2022-05-03T15:17:43","slug":"costa-rica-karte","status":"publish","type":"page","link":"https:\/\/www.travelexcellence.com\/de\/costa-rica-karte\/","title":{"rendered":"Costa Rica Karte"},"content":{"rendered":"\n<p>Costa Rica hat eine sehr privilegierte Lage, da es in der Mitte des amerikanischen Kontinents liegt, und dies ist der Hauptgrund f\u00fcr seine abwechslungsreiche Artenvielfalt und das gro\u00dfartige Wetter. Flankiert von Ozeanen auf beiden Seiten und einem Teil des Isthmus, der Nord- und S\u00fcdamerika verbindet, erm\u00f6glicht diese biologische Br\u00fccke die Migration von Arten zu und von den kontinentalen Massen.<\/p>\n\n<figure class=\"wp-block-image size-large\"><img decoding=\"async\" width=\"848\" height=\"424\" src=\"https:\/\/www.travelexcellence.com\/wp-content\/uploads\/2020\/10\/tortuguero-national-park-1.jpg\" alt=\"\" class=\"wp-image-15909\" srcset=\"https:\/\/www.travelexcellence.com\/wp-content\/uploads\/2020\/10\/tortuguero-national-park-1.jpg 848w, https:\/\/www.travelexcellence.com\/wp-content\/uploads\/2020\/10\/tortuguero-national-park-1-300x150.jpg 300w, https:\/\/www.travelexcellence.com\/wp-content\/uploads\/2020\/10\/tortuguero-national-park-1-768x384.jpg 768w\" sizes=\"(max-width: 848px) 100vw, 848px\" \/><\/figure>\n\n<p>Reisen in ein v\u00f6llig anderes Land k\u00f6nnen ein wenig Verwirrung stiften, und Angst kann Teil der Planung Ihrer Reise sein. Und wir wissen, dass der Hauptgrund vielleicht darin besteht, den Ort, die <a href=\"https:\/\/www.travelexcellence.com\/travel-guides\/driving-distances-in-costa-rica\">Entfernungen zwischen den Sehensw\u00fcrdigkeiten und die Geographie<\/a> des Ortes nicht zu kennen, da es kompliziert wird, die Routen und die Abfahrts- oder Ankunftszeiten zu planen.<\/p>\n\n<p>Wenn Sie zu den Reisenden geh\u00f6ren, die gerne jedes Detail in Ihrer Reiseroute f\u00fcr Ihre Reise planen, dann werden Sie wahrscheinlich irgendwann Hilfe bei Ihrer Planung ben\u00f6tigen. Aus diesem Grund haben wir diese <strong>Karten von Costa Rica<\/strong> erstellt, um Ihnen zu helfen, auf einfachere Weise zu wissen, wo Sie Orte finden k\u00f6nnen, an denen Sie interessiert sind. sowie um Ihnen eine bessere Vorstellung davon zu geben, wie Sie dorthin gelangen.<\/p>\n\n<p>Es ist wichtig zu bedenken, dass, obwohl Costa Rica <a href=\"https:\/\/www.travelexcellence.com\/travel-guides\/information-facts-about-costa-rica\">ein kleines Land ist<\/a>, Sie bei der Planung Ihrer <strong>Costa Rica-Reiserouten<\/strong> die Unterschiede in Gel\u00e4nde und Geographie ber\u00fccksichtigen m\u00fcssen. Und unter Ber\u00fccksichtigung dieser Unterschiede k\u00f6nnen Sie auch die verschiedenen Aktivit\u00e4ten kennen, <a href=\"https:\/\/www.travelexcellence.com\/costa-rica-travel-blog\/best-places-to-visit-in-costa-rica\">die hier dank dieser Arbeit durchgef\u00fchrt werden k\u00f6nnen<\/a>.<\/p>\n\n<p>Hier finden Sie verschiedene Costa Rica <strong>Karten<\/strong> zu diesen abwechslungsreichen Aktivit\u00e4ten, so dass Sie eine bessere Vorstellung davon haben, was Sie an jedem der Orte erwarten k\u00f6nnen, die Sie besuchen werden, mit Ihrer Familie und Freunden oder alleine, w\u00e4hrend Ihres <strong>Urlaubs in Costa Rica<\/strong>.<\/p>\n\n<figure class=\"wp-block-image size-large\"><img decoding=\"async\" width=\"848\" height=\"424\" src=\"https:\/\/www.travelexcellence.com\/wp-content\/uploads\/2020\/10\/beach-in-costa-rica.jpg\" alt=\"\" class=\"wp-image-15910\" srcset=\"https:\/\/www.travelexcellence.com\/wp-content\/uploads\/2020\/10\/beach-in-costa-rica.jpg 848w, https:\/\/www.travelexcellence.com\/wp-content\/uploads\/2020\/10\/beach-in-costa-rica-300x150.jpg 300w, https:\/\/www.travelexcellence.com\/wp-content\/uploads\/2020\/10\/beach-in-costa-rica-768x384.jpg 768w\" sizes=\"(max-width: 848px) 100vw, 848px\" \/><\/figure>\n\n<p>Eine Auswahl der besten Aktivit\u00e4ten im Land wie Nationalparks, <a href=\"https:\/\/www.travelexcellence.com\/costa-rica-travel-blog\/top-5-incredible-pictures-of-costa-rica-beaches-you-must-have-to-visit\">wundersch\u00f6ne Str\u00e4nde<\/a>, Fl\u00fcsse, Vulkane, Surfspots, Sportangelpl\u00e4tze, Wale und Delfine sowie Nistpl\u00e4tze f\u00fcr Schildkr\u00f6ten sind nur einige der Karten, die Sie hier finden. Alle von ihnen wurden mit dem Ziel erstellt, Ihre <strong>Reise nach Costa Rica<\/strong> zu erleichtern, wenn es um Orte geht und was Sie in jedem von ihnen erwarten und tun k\u00f6nnen.<\/p>\n\n<p>Au\u00dferdem finden Sie andere wertvolle Karten mit Informationen \u00fcber die verschiedenen touristischen St\u00e4dte des Landes, die Flugh\u00e4fen von Costa Rica, eine Karte der Autovermietungen, die sehr hilfreich sein wird, falls Sie <a href=\"https:\/\/www.travelexcellence.com\/our-services\/costa-rica-car-rental\">dar\u00fcber nachdenken, ein Mietauto zu fahren<\/a>.<\/p>\n\n<p>Jede dieser Costa Rica <strong>Karten<\/strong> gibt Ihnen die notwendigen Informationen, um Ihren Planungsprozess zu erleichtern, so dass Sie diesen Teil Ihrer <strong>Reise nach Costa Rica<\/strong> genie\u00dfen k\u00f6nnen. Wenn Sie gut informiert sein m\u00f6chten, finden Sie auch informative Karten wie die \u00fcber die sieben Provinzen des Landes, eine \u00fcber die verschiedenen Gebiete und eine Karte \u00fcber die <a href=\"https:\/\/www.travelexcellence.com\/de\/costa-rica-allgemeine-informationen\/\">Geographie und das Gel\u00e4nde von Costa Rica.<\/a><\/p>\n\n<p>Die Idee ist, Ihnen hilfreiche Informationen \u00fcber unsere Karten zu geben, um Ihnen die Suche nach Informationen \u00fcber Ihr n\u00e4chstes Urlaubsziel zu erleichtern. Wenn Sie auf jeden von ihnen klicken, haben Sie Zugriff auf alle Details, die Sie f\u00fcr Ihren n\u00e4chsten Urlaub in <strong>Costa Rica<\/strong> wissen m\u00fcssen.<\/p>\n\n<p><\/p>\n","protected":false},"excerpt":{"rendered":"<p>Costa Rica hat eine sehr privilegierte Lage, da es in der Mitte des amerikanischen Kontinents liegt, und dies ist der Hauptgrund f\u00fcr seine abwechslungsreiche Artenvielfalt und das gro\u00dfartige Wetter. Flankiert von Ozeanen auf beiden Seiten und einem Teil des Isthmus, der Nord- und S\u00fcdamerika verbindet, erm\u00f6glicht diese biologische Br\u00fccke die Migration von Arten zu und [&hellip;]<\/p>\n","protected":false},"author":1,"featured_media":0,"parent":0,"menu_order":0,"comment_status":"closed","ping_status":"closed","template":"page-detalle-mapas.php","meta":{"_acf_changed":false,"footnotes":""},"class_list":["post-16599","page","type-page","status-publish","hentry"],"acf":[],"yoast_head":"<!-- This site is optimized with the Yoast SEO Premium plugin v27.4 (Yoast SEO v27.4) - https:\/\/yoast.com\/product\/yoast-seo-premium-wordpress\/ -->\n<title>Costa Rica Karte - Travel Excellence<\/title>\n<meta name=\"robots\" content=\"index, follow, max-snippet:-1, max-image-preview:large, max-video-preview:-1\" \/>\n<link rel=\"canonical\" href=\"https:\/\/www.travelexcellence.com\/de\/costa-rica-karte\/\" \/>\n<meta property=\"og:locale\" content=\"de_DE\" \/>\n<meta property=\"og:type\" content=\"article\" \/>\n<meta property=\"og:title\" content=\"Costa Rica Karte\" \/>\n<meta property=\"og:description\" content=\"Costa Rica hat eine sehr privilegierte Lage, da es in der Mitte des amerikanischen Kontinents liegt, und dies ist der Hauptgrund f\u00fcr seine abwechslungsreiche Artenvielfalt und das gro\u00dfartige Wetter. Flankiert von Ozeanen auf beiden Seiten und einem Teil des Isthmus, der Nord- und S\u00fcdamerika verbindet, erm\u00f6glicht diese biologische Br\u00fccke die Migration von Arten zu und [&hellip;]\" \/>\n<meta property=\"og:url\" content=\"https:\/\/www.travelexcellence.com\/de\/costa-rica-karte\/\" \/>\n<meta property=\"og:site_name\" content=\"Travel Excellence\" \/>\n<meta property=\"og:image\" content=\"https:\/\/www.travelexcellence.com\/wp-content\/uploads\/2020\/10\/tortuguero-national-park-1.jpg\" \/>\n<meta name=\"twitter:card\" content=\"summary_large_image\" \/>\n<meta name=\"twitter:label1\" content=\"Gesch\u00e4tzte Lesezeit\" \/>\n\t<meta name=\"twitter:data1\" content=\"3\u00a0Minuten\" \/>\n<!-- \/ Yoast SEO Premium plugin. -->","yoast_head_json":{"title":"Costa Rica Karte - Travel Excellence","robots":{"index":"index","follow":"follow","max-snippet":"max-snippet:-1","max-image-preview":"max-image-preview:large","max-video-preview":"max-video-preview:-1"},"canonical":"https:\/\/www.travelexcellence.com\/de\/costa-rica-karte\/","og_locale":"de_DE","og_type":"article","og_title":"Costa Rica Karte","og_description":"Costa Rica hat eine sehr privilegierte Lage, da es in der Mitte des amerikanischen Kontinents liegt, und dies ist der Hauptgrund f\u00fcr seine abwechslungsreiche Artenvielfalt und das gro\u00dfartige Wetter. Flankiert von Ozeanen auf beiden Seiten und einem Teil des Isthmus, der Nord- und S\u00fcdamerika verbindet, erm\u00f6glicht diese biologische Br\u00fccke die Migration von Arten zu und [&hellip;]","og_url":"https:\/\/www.travelexcellence.com\/de\/costa-rica-karte\/","og_site_name":"Travel Excellence","og_image":[{"url":"https:\/\/www.travelexcellence.com\/wp-content\/uploads\/2020\/10\/tortuguero-national-park-1.jpg","type":"","width":"","height":""}],"twitter_card":"summary_large_image","twitter_misc":{"Gesch\u00e4tzte Lesezeit":"3\u00a0Minuten"},"schema":{"@context":"https:\/\/schema.org","@graph":[{"@type":"WebPage","@id":"https:\/\/www.travelexcellence.com\/de\/costa-rica-karte\/","url":"https:\/\/www.travelexcellence.com\/de\/costa-rica-karte\/","name":"Costa Rica Karte - Travel Excellence","isPartOf":{"@id":"https:\/\/www.travelexcellence.com\/#website"},"primaryImageOfPage":{"@id":"https:\/\/www.travelexcellence.com\/de\/costa-rica-karte\/#primaryimage"},"image":{"@id":"https:\/\/www.travelexcellence.com\/de\/costa-rica-karte\/#primaryimage"},"thumbnailUrl":"https:\/\/www.travelexcellence.com\/wp-content\/uploads\/2020\/10\/tortuguero-national-park-1.jpg","datePublished":"2022-05-03T15:17:43+00:00","breadcrumb":{"@id":"https:\/\/www.travelexcellence.com\/de\/costa-rica-karte\/#breadcrumb"},"inLanguage":"de","potentialAction":[{"@type":"ReadAction","target":["https:\/\/www.travelexcellence.com\/de\/costa-rica-karte\/"]}]},{"@type":"ImageObject","inLanguage":"de","@id":"https:\/\/www.travelexcellence.com\/de\/costa-rica-karte\/#primaryimage","url":"https:\/\/www.travelexcellence.com\/wp-content\/uploads\/2020\/10\/tortuguero-national-park-1.jpg","contentUrl":"https:\/\/www.travelexcellence.com\/wp-content\/uploads\/2020\/10\/tortuguero-national-park-1.jpg"},{"@type":"BreadcrumbList","@id":"https:\/\/www.travelexcellence.com\/de\/costa-rica-karte\/#breadcrumb","itemListElement":[{"@type":"ListItem","position":1,"name":"Home","item":"https:\/\/www.travelexcellence.com\/de\/"},{"@type":"ListItem","position":2,"name":"Costa Rica Karte"}]},{"@type":"WebSite","@id":"https:\/\/www.travelexcellence.com\/#website","url":"https:\/\/www.travelexcellence.com\/","name":"Travel Excellence","description":"Best Costa Rica Travel &amp; Vacations Agency","potentialAction":[{"@type":"SearchAction","target":{"@type":"EntryPoint","urlTemplate":"https:\/\/www.travelexcellence.com\/?s={search_term_string}"},"query-input":{"@type":"PropertyValueSpecification","valueRequired":true,"valueName":"search_term_string"}}],"inLanguage":"de"}]}},"_links":{"self":[{"href":"https:\/\/www.travelexcellence.com\/de\/wp-json\/wp\/v2\/pages\/16599","targetHints":{"allow":["GET"]}}],"collection":[{"href":"https:\/\/www.travelexcellence.com\/de\/wp-json\/wp\/v2\/pages"}],"about":[{"href":"https:\/\/www.travelexcellence.com\/de\/wp-json\/wp\/v2\/types\/page"}],"author":[{"embeddable":true,"href":"https:\/\/www.travelexcellence.com\/de\/wp-json\/wp\/v2\/users\/1"}],"replies":[{"embeddable":true,"href":"https:\/\/www.travelexcellence.com\/de\/wp-json\/wp\/v2\/comments?post=16599"}],"version-history":[{"count":1,"href":"https:\/\/www.travelexcellence.com\/de\/wp-json\/wp\/v2\/pages\/16599\/revisions"}],"predecessor-version":[{"id":16600,"href":"https:\/\/www.travelexcellence.com\/de\/wp-json\/wp\/v2\/pages\/16599\/revisions\/16600"}],"wp:attachment":[{"href":"https:\/\/www.travelexcellence.com\/de\/wp-json\/wp\/v2\/media?parent=16599"}],"curies":[{"name":"wp","href":"https:\/\/api.w.org\/{rel}","templated":true}]}}