{"id":16597,"date":"2022-05-03T15:14:53","date_gmt":"2022-05-03T15:14:53","guid":{"rendered":"https:\/\/www.travelexcellence.com\/costa-rica-flughaefen\/"},"modified":"2025-05-27T18:05:54","modified_gmt":"2025-05-27T18:05:54","slug":"costa-rica-flughaefen","status":"publish","type":"page","link":"https:\/\/www.travelexcellence.com\/de\/costa-rica-flughaefen\/","title":{"rendered":"Costa Rica Flugh\u00e4fen"},"content":{"rendered":"    <h2>Inhalts\u00fcbersicht<\/h2>\n    <nav class=\"menuInterno\">\n        <ul>\n            <li><i class=\"fas fa-location-arrow\"><\/i> <a data-scroll href=\"#Landebahn\">   Top-Landebahnen<\/a><\/li>\n            <li><i class=\"fas fa-building\"><\/i> <a data-scroll href=\"#sjo\"> Juan Santamar\u00eda Flughafen (SJO)<\/a><\/li>\n            <li><i class=\"far fa-sun\"><\/i> <a data-scroll href=\"#Lir\"> Daniel Oduber Flughafen (LIR)<\/a><\/li>\n            <li><i class=\"fas fa-globe-americas\"><\/i> <a data-scroll href=\"#flugh\u00e4fen\"> Internationale Flugh\u00e4fen<\/a><\/li>\n            <li><i class=\"fas fa-plane-arrival\"><\/i> <a data-scroll href=\"#sjo-Ank\u00fcnfte\"> SJO Ankunftsinformationen<\/a><\/li>\n            <li><i class=\"fas fa-plane-arrival\"><\/i> <a data-scroll href=\"#LIR-Ank\u00fcnfte\"> LIR Ank\u00fcnfte Informationen<\/a><\/li>\n            <li><i class=\"far fa-money-bill-alt\"><\/i> <a data-scroll href=\"#Steuern\"> Ausreisesteuern<\/a><\/li>\n            <li><i class=\"fas fa-plane-departure\"><\/i> <a data-scroll href=\"#sjo-Abfahrten\"> SJO Abfluginformationen<\/a><\/li>\n            <li><i class=\"fas fa-plane-departure\"><\/i> <a data-scroll href=\"#LIR-Abfl\u00fcge\"> LIR Abfluginformationen<\/a><\/li>\n        <\/ul>\n    <\/nav>\n\n\n\n<h2 class=\"wp-block-heading\" id=\"h-fluge-nach-costa-rica\">Fl\u00fcge nach Costa Rica<\/h2>\n\n\n\n<figure class=\"wp-block-image size-large\"><img decoding=\"async\" width=\"800\" height=\"500\" src=\"https:\/\/www.travelexcellence.com\/wp-content\/uploads\/2020\/10\/arriving-airport-sjo.jpg\" alt=\"Anflug auf Juan Santamar\u00eda International Airport, San Jos\u00e9, Costa Rica\" class=\"wp-image-15387\" srcset=\"https:\/\/www.travelexcellence.com\/wp-content\/uploads\/2020\/10\/arriving-airport-sjo.jpg 800w, https:\/\/www.travelexcellence.com\/wp-content\/uploads\/2020\/10\/arriving-airport-sjo-300x188.jpg 300w, https:\/\/www.travelexcellence.com\/wp-content\/uploads\/2020\/10\/arriving-airport-sjo-768x480.jpg 768w\" sizes=\"(max-width: 800px) 100vw, 800px\" \/><\/figure>\n\n\n\n<p>Wenn Sie einen unglaublichen Urlaub in Costa Rica planen, werden Sie sich sicherlich viele Fragen zu den ben\u00f6tigten Flugtickets und <a href=\"https:\/\/www.travelexcellence.com\/costa-rica-travel-blog\/costa-rica-airports-new-flights-opening-this-2016\">den Flugh\u00e4fen in Costa Rica stellen, die Sie nutzen m\u00fcssen<\/a>.<\/p>\n\n\n\n<p>Als Ihr bester Reisepartner hat <a href=\"https:\/\/www.travelexcellence.com\/de\/\">Travel Excellence<\/a> diese n\u00fctzlichen Informationen \u00fcber Flugh\u00e4fen in Costa Rica vorbereitet.<\/p>\n\n\n\n<p>Neben den beiden internationalen Flugh\u00e4fen, die Fl\u00fcge nach Costa Rica aus der ganzen Welt erhalten, gibt es verschiedene Landebahnen im ganzen Land, auf denen lokale Fluggesellschaften t\u00e4glich <a href=\"https:\/\/www.travelexcellence.com\/costa-rica-travel-blog\/best-places-to-visit-in-costa-rica\">Inlandsfl\u00fcge zu und von den beliebtesten Zielen durchf\u00fchren.<\/a><\/p>\n\n\n\n<p><a href=\"https:\/\/www.travelexcellence.com\/de\/costa-rica-karte\/\">Inlandsfl\u00fcge verk\u00fcrzen die Reisezeit zu einigen touristischen Zielen<\/a> und geben Ihnen die <a href=\"https:\/\/www.travelexcellence.com\/costa-rica-attractions\">M\u00f6glichkeit, mehr Zeit damit zu verbringen, die Attraktionen des Landes zu genie\u00dfen.<\/a><\/p>\n\n\n\n<p>Von  <a href=\"https:\/\/www.travelexcellence.com\/costa-rica-travel-blog\/san-jose-costa-rica-travel-guide\">San Jos\u00e9 Costa Rica<\/a> <a href=\"https:\/\/www.travelexcellence.com\/costa-rica-travel-blog\/quepos-manuel-antonio-national-park-vacations-travel-guide\">Fahrt nach Quepos,<\/a> um die Tierwelt von  <a href=\"https:\/\/www.travelexcellence.com\/costa-rica-travel-blog\/quepos-manuel-antonio-national-park-vacations-travel-guide\">Der Nationalpark Manuel Antonio<\/a> dauert ungef\u00e4hr 3 Stunden, w\u00e4hrend das Fliegen 25 Minuten dauert.  <a href=\"https:\/\/www.travelexcellence.com\/costa-rica-travel-blog\/arenal-volcano-national-park-la-fortuna-vacations-travel-guide\">Fahrt nach Fortuna Costa Rica, um<\/a> sich im  <a href=\"https:\/\/www.travelexcellence.com\/activities-tours\/northern-region\/arenal-volcano-hike-and-hot-springs\">Die hei\u00dfen Quellen des Vulkans Arenal<\/a> dauern ungef\u00e4hr 4 Stunden, w\u00e4hrend das Fliegen 30 Minuten dauert. und  <a href=\"https:\/\/www.travelexcellence.com\/costa-rica-travel-blog\/tamarindo-costa-rica-travel-guide\">Die Fahrt nach Tamarindo, um ein sonniges Wochenende am Strand zu verbringen<\/a> , dauert ungef\u00e4hr 5 Stunden, w\u00e4hrend das Fliegen 45 Minuten dauert.<\/p>\n\n\n\n<p>Wie Sie sehen k\u00f6nnen, sind <a href=\"https:\/\/www.travelexcellence.com\/our-services\/costa-rica-domestic-flights\">Inlandsfl\u00fcge<\/a> sehr hilfreich, wenn Sie w\u00e4hrend Ihres Urlaubs in Costa Rica einen kurzen Aufenthalt haben und das Timing optimieren m\u00f6chten oder wenn Sie keine Roadtrips m\u00f6gen. Alle Landebahnen im ganzen Land verf\u00fcgen \u00fcber grundlegende Dienstleistungen wie Badezimmer und einige von ihnen haben B\u00fcros der lokalen Fluggesellschaften mit Klimaanlage und Mini-Shops. Au\u00dferdem m\u00fcssen Sie in einigen Landebahnen eine Geb\u00fchr f\u00fcr die An- oder Abreise am Zielort von nicht mehr als 7 USD pro Person zahlen.<\/p>\n\n\n<a id=\"Landebahn\"><\/a>\n\n\n<h2 class=\"wp-block-heading\" id=\"h-top-reiseziele-landebahnen-in-costa-rica\">Top Reiseziele Landebahnen in Costa Rica<\/h2>\n\n\n\n<p>Hier finden Sie eine Liste der Top-Reiseziele in Costa Rica und die Details ihrer jeweiligen Landebahnen:<\/p>\n\n\n\n<figure class=\"wp-block-table\"><table><thead><tr><th>Bestimmungsort<\/th><th>Landebahn-Code<\/th><th><a href=\"https:\/\/www.travelexcellence.com\/travel-guides\/driving-distances-in-costa-rica\">Fahrzeit<\/a><\/th><th>Flugzeit<\/th><th>Geb\u00fchr f\u00fcr die Landebahn<\/th><\/tr><\/thead><tbody><tr><td>San Jos\u00e9 &#8211; Quepos<\/td><td>XQP<\/td><td>3 St<\/td><td>25 Minuten<\/td><td>$3 pro Person<\/td><\/tr><tr><td><a href=\"https:\/\/www.travelexcellence.com\/costa-rica-travel-blog\/top-5-incredible-pictures-of-costa-rica-beaches-you-must-have-to-visit\">San Jos\u00e9 &#8211; Tamarindo<\/a><\/td><td>TNO<\/td><td>3 St<\/td><td>45 Minuten<\/td><td>$2 pro Person<\/td><\/tr><tr><td>San Jos\u00e9 &#8211; Drake Bucht<\/td><td>DRK<\/td><td>8 Std.<\/td><td>45 Minuten<\/td><td><\/td><\/tr><tr><td>San Jos\u00e9 &#8211; Arenal<\/td><td>FON<\/td><td>3:30 Uhr<\/td><td>25 Minuten<\/td><td>$7 pro Person<\/td><\/tr><tr><td><a href=\"https:\/\/www.travelexcellence.com\/costa-rica-travel-blog\/corcovado-national-park-in-costa-rica\">San Jos\u00e9 &#8211; Puerto Jim\u00e9nez<\/a><\/td><td>PJM<\/td><td>8 Std.<\/td><td>50 Minuten<\/td><td><\/td><\/tr><tr><td>San Jos\u00e9 &#8211; Golfito<\/td><td>GLF<\/td><td>7 Std.<\/td><td>50 Minuten<\/td><td><\/td><\/tr><tr><td>San Jos\u00e9 &#8211; Punta Islita<\/td><td>PBP<\/td><td>6 Std.<\/td><td>35 Minuten<\/td><td><\/td><\/tr><tr><td>San Jos\u00e9 &#8211; Nosara<\/td><td>NOB<\/td><td>5 Std.<\/td><td>35 Minuten<\/td><td><\/td><\/tr><tr><td>San Jos\u00e9 &#8211; Palmar Sur<\/td><td>PMZ<\/td><td>5 Std.<\/td><td>40 Minuten<\/td><td><\/td><\/tr><tr><td><a href=\"https:\/\/www.travelexcellence.com\/costa-rica-travel-blog\/tortuguero-costa-rica-travel-guide\">San Jos\u00e9 &#8211; Tortuguero<\/a><\/td><td>TTQ<\/td><td>5 Std.<\/td><td>25 Minuten<\/td><td><\/td><\/tr><tr><td>San Jos\u00e9 &#8211; Tambor<\/td><td>TMU<\/td><td>5 Std.<\/td><td>25 Minuten<\/td><td>$2 pro Person<\/td><\/tr><\/tbody><\/table><\/figure>\n\n\n<a id=\"flugh\u00e4fen\"><\/a>\n\n\n<h3 class=\"wp-block-heading\" id=\"h-internationaler-flughafen-in-costa-rica\">Internationaler Flughafen in Costa Rica<\/h3>\n\n\n\n<p><a href=\"https:\/\/www.travelexcellence.com\/travel-guides\/information-facts-about-costa-rica\">Die beiden wichtigsten Flugh\u00e4fen in Costa Rica sind Juan Santamar\u00eda Flughafen und Guanacaste Aeropuerto<\/a>. Beide erhalten internationale Fl\u00fcge von den meisten Fluggesellschaften, neben den lokalen Fl\u00fcgen, die auch von und zu beiden durchgef\u00fchrt werden.<\/p>\n\n\n\n<p><a href=\"https:\/\/www.travelexcellence.com\/de\/vacations-packages\/\">Die meisten Costa Rica Urlaubspakete beginnen<\/a> und enden in San Jos\u00e9, weil die Leute normalerweise Flugtickets zum und vom Flughafen Juan Santamar\u00eda kaufen, aber es ist auch m\u00f6glich, <a href=\"https:\/\/www.travelexcellence.com\/costa-rica-travel-blog\/guanacaste-liberia-costa-rica-travel-guide\">sch\u00f6ne Pakete aus Liberia Costa Rica vorzubereiten.<\/a> Wenn Sie die billigsten Fl\u00fcge in Costa Rica finden oder die besser zu Ihren Reisedaten passen, die von Guancaste Aeropuerto ankommen oder abfliegen, dann k\u00f6nnen Sie Ihre Reise nach Costa Rica dort beginnen oder beenden. Dies ist eine gro\u00dfartige Option, wenn Sie Zeit f\u00fcr Ihren Familienurlaub in Costa Rica sparen und <a href=\"https:\/\/www.travelexcellence.com\/costa-rica-travel-blog\/best-travel-tips-for-an-unforgettable-family-vacations\">sie besser mit Ihren Lieben verbringen m\u00f6chten, ohne den Stress, nicht genug Zeit in jedem Ihrer Urlaubsziele zu haben.<\/a><\/p>\n\n\n<a id=\"Steuern\"><\/a>\n\n\n<p><strong>Costa Rica Reisetipp:  <em>Eine Ausreisesteuer von USD $ 29 pro Person muss an beiden internationalen Flugh\u00e4fen bezahlt werden, wenn Sie das Land verlassen. Wenn Sie hier nur eine Verbindung herstellen und das internationale Ankunftsgebiet nicht passieren, m\u00fcssen Sie diese Geb\u00fchr nicht bezahlen.<\/em><\/strong><\/p>\n\n\n<a id=\"sjo\"><\/a>\n\n\n<h3 class=\"wp-block-heading\" id=\"h-juan-santamaria-internationaler-flughafen\">Juan Santamar\u00eda Internationaler Flughafen<\/h3>\n\n\n\n<figure class=\"wp-block-image size-large\"><img decoding=\"async\" width=\"800\" height=\"500\" src=\"https:\/\/www.travelexcellence.com\/wp-content\/uploads\/2020\/10\/sjo-airport.jpg\" alt=\"Juan Santamar\u00eda Internationaler Flughafen, San Jos\u00e9, Costa Rica\" class=\"wp-image-15388\" srcset=\"https:\/\/www.travelexcellence.com\/wp-content\/uploads\/2020\/10\/sjo-airport.jpg 800w, https:\/\/www.travelexcellence.com\/wp-content\/uploads\/2020\/10\/sjo-airport-300x188.jpg 300w, https:\/\/www.travelexcellence.com\/wp-content\/uploads\/2020\/10\/sjo-airport-768x480.jpg 768w\" sizes=\"(max-width: 800px) 100vw, 800px\" \/><\/figure>\n\n\n\n<h3 class=\"wp-block-heading\" id=\"h-flughafencode-sjo\">Flughafencode: SJO<\/h3>\n\n\n\n<p>In der Stadt Alajuela, in der Region Central Valley, gelegen, ist dies der \u00e4lteste und gr\u00f6\u00dfte Flughafen Costa Ricas. Obwohl sein Code SJO ist, befindet es sich nicht speziell in der Innenstadt von San Jos\u00e9, aber es ist zwischen 30-45 Minuten von den wichtigsten Hotels in San Jos\u00e9 Costa Rica entfernt.<\/p>\n\n\n\n<p>Nach Angaben des Tourismusverbandes von Costa Rica hatte der Flughafen Juan Santamar\u00eda im Jahr 2017 4.364.000 internationale Ank\u00fcnfte und war der Haupthafen f\u00fcr die Ankunft von Ausl\u00e4ndern im Land.<\/p>\n\n\n\n<p>Da es auch der verkehrsreichste Flughafen ist, bietet es einige Dienstleistungen wie Restaurants, Geldautomaten, Mini-Shops, um costaricanischen Kaffee und Kunsthandwerk zu kaufen, einen Duty-Free-Shop und eine VIP-Lounge mit Wi-Fi und einige andere Business-Einrichtungen.<\/p>\n\n\n<a id=\"sjo-Abfahrten\"><\/a>\n\n\n<h3 class=\"wp-block-heading\" id=\"h-guanacaste-aeropuerto\">Guanacaste Aeropuerto<\/h3>\n\n\n\n<figure class=\"wp-block-image size-large\"><img decoding=\"async\" width=\"800\" height=\"500\" src=\"https:\/\/www.travelexcellence.com\/wp-content\/uploads\/2020\/10\/lir-airport.jpg\" alt=\"Daniel Oduber International Airport,Liberia, Costa Rica\" class=\"wp-image-15391\" srcset=\"https:\/\/www.travelexcellence.com\/wp-content\/uploads\/2020\/10\/lir-airport.jpg 800w, https:\/\/www.travelexcellence.com\/wp-content\/uploads\/2020\/10\/lir-airport-300x188.jpg 300w, https:\/\/www.travelexcellence.com\/wp-content\/uploads\/2020\/10\/lir-airport-768x480.jpg 768w\" sizes=\"(max-width: 800px) 100vw, 800px\" \/><\/figure>\n\n\n\n<h3 class=\"wp-block-heading\" id=\"h-flughafencode-lir\">Flughafencode: LIR<\/h3>\n\n\n\n<p>In Liberia, im Nordpazifik, gelegen, ist dies der neueste internationale Flughafen Costa Rica.<\/p>\n\n\n\n<p>Der Flughafen ist nur 30 Minuten vom Golf von Papagayo entfernt, wo <a href=\"https:\/\/www.travelexcellence.com\/costa-rica-travel-blog\/costa-rica-hotels-travel-guide\">sich einige der wichtigsten Guanacaste-Hotels<\/a> befinden, und Costa Rica Resorts im Allgemeinen, wie das <a href=\"https:\/\/www.travelexcellence.com\/costa-rica-hotels\/northern-pacific\/papagayo-gulf\/four-seasons\">Four Seasons Resort<\/a> und <a href=\"https:\/\/www.travelexcellence.com\/de\/hotels\/el-mangroove\/\" target=\"_blank\" rel=\"noreferrer noopener\">El Mangroove<\/a>. Es liegt auch <a href=\"https:\/\/www.travelexcellence.com\/costa-rica-travel-blog\/all-inclusive-resorts-in-costa-rica\">etwa 45 Minuten von anderen All-Inclusive-Resorts in Costa Rica wie<\/a> dem <a href=\"https:\/\/www.travelexcellence.com\/costa-rica-hotels\/northern-pacific\/tamarindo\/westin-playa-conchal-hotel\">Westin Playa Cochal<\/a> und dem RIU Guanacaste entfernt.<\/p>\n\n\n\n<p>Die Liste der Fluggesellschaften mit Fl\u00fcgen nach Guanacaste Aeropuerto w\u00e4chst und nach Angaben des Costa Rica Tourism Board, da jeden Tag mehr und mehr Menschen diesen Flughafen in Costa Rica nutzen<\/p>\n\n\n\n<p>Sie <a href=\"https:\/\/www.travelexcellence.com\/de\/contact-us\/\">k\u00f6nnen uns kontaktieren, wenn Sie weitere Informationen<\/a> zu unseren internationalen Flugh\u00e4fen in Costa Rica w\u00fcnschen oder wenn Sie Hilfe ben\u00f6tigen.<\/p>\n","protected":false},"excerpt":{"rendered":"<p>Fl\u00fcge nach Costa Rica Wenn Sie einen unglaublichen Urlaub in Costa Rica planen, werden Sie sich sicherlich viele Fragen zu den ben\u00f6tigten Flugtickets und den Flugh\u00e4fen in Costa Rica stellen, die Sie nutzen m\u00fcssen. Als Ihr bester Reisepartner hat Travel Excellence diese n\u00fctzlichen Informationen \u00fcber Flugh\u00e4fen in Costa Rica vorbereitet. Neben den beiden internationalen Flugh\u00e4fen, [&hellip;]<\/p>\n","protected":false},"author":12,"featured_media":0,"parent":0,"menu_order":0,"comment_status":"closed","ping_status":"closed","template":"page-detalle-paginas-internas.php","meta":{"_acf_changed":false,"footnotes":""},"class_list":["post-16597","page","type-page","status-publish","hentry"],"acf":[],"yoast_head":"<!-- This site is optimized with the Yoast SEO Premium plugin v27.4 (Yoast SEO v27.4) - https:\/\/yoast.com\/product\/yoast-seo-premium-wordpress\/ -->\n<title>Costa Rica Flugh\u00e4fen - Travel Excellence<\/title>\n<meta name=\"robots\" content=\"index, follow, max-snippet:-1, max-image-preview:large, max-video-preview:-1\" \/>\n<link rel=\"canonical\" href=\"https:\/\/www.travelexcellence.com\/de\/costa-rica-flughaefen\/\" \/>\n<meta property=\"og:locale\" content=\"de_DE\" \/>\n<meta property=\"og:type\" content=\"article\" \/>\n<meta property=\"og:title\" content=\"Costa Rica Flugh\u00e4fen\" \/>\n<meta property=\"og:description\" content=\"Fl\u00fcge nach Costa Rica Wenn Sie einen unglaublichen Urlaub in Costa Rica planen, werden Sie sich sicherlich viele Fragen zu den ben\u00f6tigten Flugtickets und den Flugh\u00e4fen in Costa Rica stellen, die Sie nutzen m\u00fcssen. Als Ihr bester Reisepartner hat Travel Excellence diese n\u00fctzlichen Informationen \u00fcber Flugh\u00e4fen in Costa Rica vorbereitet. Neben den beiden internationalen Flugh\u00e4fen, [&hellip;]\" \/>\n<meta property=\"og:url\" content=\"https:\/\/www.travelexcellence.com\/de\/costa-rica-flughaefen\/\" \/>\n<meta property=\"og:site_name\" content=\"Travel Excellence\" \/>\n<meta property=\"article:modified_time\" content=\"2025-05-27T18:05:54+00:00\" \/>\n<meta property=\"og:image\" content=\"https:\/\/www.travelexcellence.com\/wp-content\/uploads\/2020\/10\/arriving-airport-sjo.jpg\" \/>\n\t<meta property=\"og:image:width\" content=\"800\" \/>\n\t<meta property=\"og:image:height\" content=\"500\" \/>\n\t<meta property=\"og:image:type\" content=\"image\/jpeg\" \/>\n<meta name=\"twitter:card\" content=\"summary_large_image\" \/>\n<meta name=\"twitter:label1\" content=\"Gesch\u00e4tzte Lesezeit\" \/>\n\t<meta name=\"twitter:data1\" content=\"5\u00a0Minuten\" \/>\n<!-- \/ Yoast SEO Premium plugin. -->","yoast_head_json":{"title":"Costa Rica Flugh\u00e4fen - Travel Excellence","robots":{"index":"index","follow":"follow","max-snippet":"max-snippet:-1","max-image-preview":"max-image-preview:large","max-video-preview":"max-video-preview:-1"},"canonical":"https:\/\/www.travelexcellence.com\/de\/costa-rica-flughaefen\/","og_locale":"de_DE","og_type":"article","og_title":"Costa Rica Flugh\u00e4fen","og_description":"Fl\u00fcge nach Costa Rica Wenn Sie einen unglaublichen Urlaub in Costa Rica planen, werden Sie sich sicherlich viele Fragen zu den ben\u00f6tigten Flugtickets und den Flugh\u00e4fen in Costa Rica stellen, die Sie nutzen m\u00fcssen. Als Ihr bester Reisepartner hat Travel Excellence diese n\u00fctzlichen Informationen \u00fcber Flugh\u00e4fen in Costa Rica vorbereitet. Neben den beiden internationalen Flugh\u00e4fen, [&hellip;]","og_url":"https:\/\/www.travelexcellence.com\/de\/costa-rica-flughaefen\/","og_site_name":"Travel Excellence","article_modified_time":"2025-05-27T18:05:54+00:00","og_image":[{"width":800,"height":500,"url":"https:\/\/www.travelexcellence.com\/wp-content\/uploads\/2020\/10\/arriving-airport-sjo.jpg","type":"image\/jpeg"}],"twitter_card":"summary_large_image","twitter_misc":{"Gesch\u00e4tzte Lesezeit":"5\u00a0Minuten"},"schema":{"@context":"https:\/\/schema.org","@graph":[{"@type":"WebPage","@id":"https:\/\/www.travelexcellence.com\/de\/costa-rica-flughaefen\/","url":"https:\/\/www.travelexcellence.com\/de\/costa-rica-flughaefen\/","name":"Costa Rica Flugh\u00e4fen - Travel Excellence","isPartOf":{"@id":"https:\/\/www.travelexcellence.com\/#website"},"primaryImageOfPage":{"@id":"https:\/\/www.travelexcellence.com\/de\/costa-rica-flughaefen\/#primaryimage"},"image":{"@id":"https:\/\/www.travelexcellence.com\/de\/costa-rica-flughaefen\/#primaryimage"},"thumbnailUrl":"https:\/\/www.travelexcellence.com\/wp-content\/uploads\/2020\/10\/arriving-airport-sjo.jpg","datePublished":"2022-05-03T15:14:53+00:00","dateModified":"2025-05-27T18:05:54+00:00","breadcrumb":{"@id":"https:\/\/www.travelexcellence.com\/de\/costa-rica-flughaefen\/#breadcrumb"},"inLanguage":"de","potentialAction":[{"@type":"ReadAction","target":["https:\/\/www.travelexcellence.com\/de\/costa-rica-flughaefen\/"]}]},{"@type":"ImageObject","inLanguage":"de","@id":"https:\/\/www.travelexcellence.com\/de\/costa-rica-flughaefen\/#primaryimage","url":"https:\/\/www.travelexcellence.com\/wp-content\/uploads\/2020\/10\/arriving-airport-sjo.jpg","contentUrl":"https:\/\/www.travelexcellence.com\/wp-content\/uploads\/2020\/10\/arriving-airport-sjo.jpg"},{"@type":"BreadcrumbList","@id":"https:\/\/www.travelexcellence.com\/de\/costa-rica-flughaefen\/#breadcrumb","itemListElement":[{"@type":"ListItem","position":1,"name":"Home","item":"https:\/\/www.travelexcellence.com\/de\/"},{"@type":"ListItem","position":2,"name":"Costa Rica Flugh\u00e4fen"}]},{"@type":"WebSite","@id":"https:\/\/www.travelexcellence.com\/#website","url":"https:\/\/www.travelexcellence.com\/","name":"Travel Excellence","description":"Best Costa Rica Travel &amp; Vacations Agency","potentialAction":[{"@type":"SearchAction","target":{"@type":"EntryPoint","urlTemplate":"https:\/\/www.travelexcellence.com\/?s={search_term_string}"},"query-input":{"@type":"PropertyValueSpecification","valueRequired":true,"valueName":"search_term_string"}}],"inLanguage":"de"}]}},"_links":{"self":[{"href":"https:\/\/www.travelexcellence.com\/de\/wp-json\/wp\/v2\/pages\/16597","targetHints":{"allow":["GET"]}}],"collection":[{"href":"https:\/\/www.travelexcellence.com\/de\/wp-json\/wp\/v2\/pages"}],"about":[{"href":"https:\/\/www.travelexcellence.com\/de\/wp-json\/wp\/v2\/types\/page"}],"author":[{"embeddable":true,"href":"https:\/\/www.travelexcellence.com\/de\/wp-json\/wp\/v2\/users\/12"}],"replies":[{"embeddable":true,"href":"https:\/\/www.travelexcellence.com\/de\/wp-json\/wp\/v2\/comments?post=16597"}],"version-history":[{"count":3,"href":"https:\/\/www.travelexcellence.com\/de\/wp-json\/wp\/v2\/pages\/16597\/revisions"}],"predecessor-version":[{"id":20417,"href":"https:\/\/www.travelexcellence.com\/de\/wp-json\/wp\/v2\/pages\/16597\/revisions\/20417"}],"wp:attachment":[{"href":"https:\/\/www.travelexcellence.com\/de\/wp-json\/wp\/v2\/media?parent=16597"}],"curies":[{"name":"wp","href":"https:\/\/api.w.org\/{rel}","templated":true}]}}