{"id":16595,"date":"2022-05-03T15:03:44","date_gmt":"2022-05-03T15:03:44","guid":{"rendered":"https:\/\/www.travelexcellence.com\/bescheinigungen\/"},"modified":"2023-08-24T16:46:31","modified_gmt":"2023-08-24T16:46:31","slug":"bescheinigungen","status":"publish","type":"page","link":"https:\/\/www.travelexcellence.com\/de\/bescheinigungen\/","title":{"rendered":"Bescheinigungen"},"content":{"rendered":"    <h2>Inhalts\u00fcbersicht<\/h2>\n    <nav class=\"menuInterno\">\n        <ul>\n            <li><i class=\"fas fa-leaf\"><\/i> <a data-scroll href=\"#Cst\"> Das Zertifizierungsprogramm f\u00fcr nachhaltigen Tourismus<\/a><\/li>\n            <li><i class=\"fas fa-globe-americas\"><\/i> <a data-scroll href=\"#neutral\"> Nationales CO\u2082-neutrales Zeichen<\/a><\/li>\n            <li><i class=\"fas fa-suitcase\"><\/i> <a data-scroll href=\"#omt\"> UNWTO Globaler Ethikkodex f\u00fcr den Tourismus<\/a><\/li>\n            <li><i class=\"fas fa-child\"><\/i> <a data-scroll href=\"#Code\"> Verhaltenskodex gegen die sexuelle Ausbeutung von Minderj\u00e4hrigen<\/a><\/li>\n        <\/ul>\n    <\/nav>\n\n\n<a id=\"Cst\"><\/a>\n\n\n<figure class=\"wp-block-image size-large is-resized\"><img decoding=\"async\" src=\"https:\/\/www.travelexcellence.com\/wp-content\/uploads\/2020\/10\/sustainabletourism-7.jpg\" alt=\"\" class=\"wp-image-15298\" width=\"153\" height=\"104\"\/><\/figure>\n\n\n\n<p><strong>Das Zertifizierungsprogramm f\u00fcr nachhaltigen Tourismus<\/strong> <\/p>\n\n\n\n<p>Das Certification for Sustainable Tourism-Programm ist ein Prozess, bei dem Unternehmen und Organisationen ihre Betriebsabl\u00e4ufe auf der Suche nach Effizienz, Produktivit\u00e4t, Qualit\u00e4t, Umweltauswirkungen und Kundenzufriedenheit analysieren.<\/p>\n\n\n\n<p>Das Programm zielt auf die Integration der Mitarbeiter, Kunden, Lieferanten und der Gemeinschaft des Unternehmens ab.<\/p>\n\n\n\n<p>F\u00fcr das Jahr 2018 f\u00fchrt das Costa Rica Tourism Institute den CST 2.0-Standard ein, der den Kriterien des GS TC (Global Sustainable Tourism Council) entspricht. Der neue Standard soll Unternehmen ermutigen, nach einem Modell der kontinuierlichen Verbesserung zu arbeiten, das es ihnen erm\u00f6glicht, in nachhaltigen Fragen innovativ zu sein.<\/p>\n\n\n\n<p>Die Unternehmensphilosophie von Travel Excellence spiegelt unser Engagement f\u00fcr die Erhaltung und den Schutz von Ressourcen sowie die Integration der Gemeinschaften in touristische Aktivit\u00e4ten wider, die es der Organisation erm\u00f6glichten, das CST Elite Level zu erreichen.<\/p>\n\n\n\n<p>Der Erhalt dieser Zertifizierung (CST) stellt einen wichtigen Wettbewerbsvorteil f\u00fcr Travel Excellence dar, der auch mit den Bem\u00fchungen einhergeht, die die Regierung in Nachhaltigkeitsfragen entwickelt hat.<\/p>\n\n\n\n<p>Die Zertifizierung f\u00fcr nachhaltigen Tourismus erm\u00f6glicht es Travel Excellence, seinen t\u00e4glichen Betrieb nach Modellen durchzuf\u00fchren, die die lokale Kultur unterst\u00fctzen und den Gemeinden zugute kommen. verantwortungsvoller Umgang mit Ressourcen und F\u00f6rderung des Naturschutzes.<\/p>\n\n\n\n<p>Unsere Reiserouten zielen darauf ab, einen verantwortungsvollen Tourismus zu f\u00f6rdern, bei dem die Dienstleistungen und Produkte, die das Zertifikat f\u00fcr nachhaltigen Tourismus haben, priorisiert werden.<\/p>\n\n\n\n<figure class=\"wp-block-image size-large\"><img decoding=\"async\" width=\"649\" height=\"1024\" src=\"https:\/\/www.travelexcellence.com\/wp-content\/uploads\/2023\/08\/travel-excellence-cst-649x1024.jpg\" alt=\"\" class=\"wp-image-18267\" srcset=\"https:\/\/www.travelexcellence.com\/wp-content\/uploads\/2023\/08\/travel-excellence-cst-649x1024.jpg 649w, https:\/\/www.travelexcellence.com\/wp-content\/uploads\/2023\/08\/travel-excellence-cst-190x300.jpg 190w, https:\/\/www.travelexcellence.com\/wp-content\/uploads\/2023\/08\/travel-excellence-cst-768x1212.jpg 768w, https:\/\/www.travelexcellence.com\/wp-content\/uploads\/2023\/08\/travel-excellence-cst-974x1536.jpg 974w, https:\/\/www.travelexcellence.com\/wp-content\/uploads\/2023\/08\/travel-excellence-cst.jpg 1200w\" sizes=\"(max-width: 649px) 100vw, 649px\" \/><\/figure>\n\n\n\n<figure class=\"wp-block-image size-large\"><img decoding=\"async\" src=\"https:\/\/www.travelexcellence.com\/wp-content\/uploads\/\" alt=\"Travel Excellence wurde mit dem Maximum Level in CST ausgezeichnet\" class=\"wp-image-15292\"\/><\/figure>\n\n\n\n<div class=\"wp-block-group\"><div class=\"wp-block-group__inner-container is-layout-flow wp-block-group-is-layout-flow\"><a id=\"neutral\"><\/a>\n\n<div class=\"wp-block-image\">\n<figure class=\"aligncenter size-large is-resized\"><img decoding=\"async\" src=\"https:\/\/www.travelexcellence.com\/wp-content\/uploads\/2020\/10\/carbon-neutral-1.jpg\" alt=\"Nationales CO\u2082-neutrales Zeichen\" class=\"wp-image-15299\" width=\"222\" height=\"120\"\/><\/figure>\n<\/div>\n\n\n<h2 class=\"wp-block-heading\" id=\"h-nationales-co\u2082-neutrales-zeichen\">Nationales CO\u2082-neutrales Zeichen  <\/h2>\n<\/div><\/div>\n\n\n\n<p>Die costa-ricanische Regierung hat sich verpflichtet, die in der Rahmenkonvention der Vereinten Nationen zum Klimawandel vorgeschlagenen Ziele einzuhalten. Die Ergebnisse dieser Bem\u00fchungen spiegeln sich im Carbon Neutrality Country Program wider, das 2012 offiziell wurde.<\/p>\n\n\n\n<p>Das Programm zielt darauf ab, dass Organisationen freiwillig die Treibhausgasemissionen des Betriebs melden, reduzieren und kompensieren.<\/p>\n\n\n\n<p>Travel Excellence gilt in der Tourismusbranche als f\u00fchrendes Unternehmen in Nachhaltigkeitsfragen; Dank der Ma\u00dfnahmen zur Reduzierung und Kompensation von Kohlenstoffemissionen, des Recyclingprogramms und der st\u00e4ndigen Schulung unserer Mitarbeiter in Umweltthemen und verantwortungsvollem Tourismus.<\/p>\n\n\n\n<p>Die Carbon Neutrality Certification ist ein deutlicher Stempel f\u00fcr Travel Excellence, der das Interesse des Unternehmens an der F\u00f6rderung des Umweltbewusstseins und der Ergreifung von Ma\u00dfnahmen zur Eind\u00e4mmung des Klimawandels kennzeichnet.<\/p>\n\n\n\n<p>Die Klimaneutralit\u00e4t des Unternehmens erm\u00f6glicht es Touristen, die mit Travel Excellence reisen, einen positiven CO\u2082-Fu\u00dfabdruck zu hinterlassen und zur Vermeidung des Klimawandels beizutragen.<\/p>\n\n\n\n<figure class=\"wp-block-image size-large\"><img decoding=\"async\" width=\"440\" height=\"617\" src=\"https:\/\/www.travelexcellence.com\/wp-content\/uploads\/2020\/10\/certificado-carbono-neutralidad.jpg\" alt=\"Nationales CO\u2082-neutrales Zeichen\" class=\"wp-image-15294\" srcset=\"https:\/\/www.travelexcellence.com\/wp-content\/uploads\/2020\/10\/certificado-carbono-neutralidad.jpg 440w, https:\/\/www.travelexcellence.com\/wp-content\/uploads\/2020\/10\/certificado-carbono-neutralidad-214x300.jpg 214w\" sizes=\"(max-width: 440px) 100vw, 440px\" \/><\/figure>\n\n\n\n<hr class=\"wp-block-separator has-css-opacity\"\/>\n\n\n<a id=\"omt\"><\/a>\n\n<div class=\"wp-block-image\">\n<figure class=\"aligncenter size-large is-resized\"><img decoding=\"async\" src=\"https:\/\/www.travelexcellence.com\/wp-content\/uploads\/2020\/10\/ethical-code-omt.jpg\" alt=\"UNWTO Globaler Ethikkodex f\u00fcr den Tourismus\" class=\"wp-image-15300\" width=\"233\" height=\"126\"\/><\/figure>\n<\/div>\n\n\n<h2 class=\"wp-block-heading\" id=\"h-unwto-globaler-ethikkodex-fur-den-tourismus\">UNWTO Globaler Ethikkodex f\u00fcr den Tourismus<\/h2>\n\n\n\n<p>Der Globale Ethikkodex f\u00fcr den Tourismus ist eine Reihe von Prinzipien, die das Ziel haben, die Vorteile des Sektors zu maximieren und die negativen Folgen f\u00fcr die Umwelt, das Naturerbe und die Gesellschaft zu minimieren.<\/p>\n\n\n\n<p>Der Kodex bezieht alle Interessengruppen der Tourismusbranche ein, wie Regierungen, Unternehmen, Gemeinden und Touristen, die die Reiseziele besuchen.<\/p>\n\n\n\n<p>Travel Excellence hat ein hohes Engagement f\u00fcr soziale Verantwortung und f\u00f6rdert den Respekt zwischen der Tourismusaktivit\u00e4t und den verschiedenen Gesellschaften.<\/p>\n\n\n\n<p>Zur Ratifizierung unterzeichnete Travel Excellence im Mai 2013 den Globalen Ethikkodex.<\/p>\n\n\n\n<p>Mit der Unterzeichnung dieses Kodex k\u00fcmmern sich Menschen, die mit Travel Excellence reisen, um die Umwelt, sch\u00fctzen das Naturerbe, integrieren sich in die lokale Gemeinschaft und erhalten objektive und wahrheitsgem\u00e4\u00dfe Informationen \u00fcber ihr Reiseziel.<\/p>\n\n\n\n<hr class=\"wp-block-separator has-css-opacity\"\/>\n\n\n<a id=\"Code\"><\/a>\n\n<div class=\"wp-block-image\">\n<figure class=\"aligncenter size-large is-resized\"><img decoding=\"async\" src=\"https:\/\/www.travelexcellence.com\/wp-content\/uploads\/2020\/10\/code-of-conduct.jpg\" alt=\"Verhaltenskodex gegen die sexuelle Ausbeutung von Minderj\u00e4hrigen\" class=\"wp-image-15301\" width=\"220\" height=\"119\"\/><\/figure>\n<\/div>\n\n\n<h2 class=\"wp-block-heading\" id=\"h-verhaltenskodex-gegen-die-sexuelle-ausbeutung-von-minderjahrigen\">Verhaltenskodex gegen die sexuelle Ausbeutung von Minderj\u00e4hrigen<\/h2>\n\n\n\n<p>Der Verhaltenskodex ist eine Initiative der Global Tourism Organization und von ECPAT International, die das Engagement der Tourismusbranche anstrebt, die mit Reisen und Tourismus verbundene ESCNNA (Sexual Exploitation of Children and Adolescents) zu vermeiden und zu sanktionieren.<\/p>\n\n\n\n<p>Durch die Einbeziehung dieses Verhaltenskodex in unseren Betrieb etablieren wir eine Null-Toleranz-Politik der ESCNNA, die wir erg\u00e4nzen mit:<\/p>\n\n\n\n<ul class=\"wp-block-list\">\n<li>Schulung des Personals<\/li>\n\n\n\n<li>Einbindung unserer Gesch\u00e4ftspartner in unsere Position<\/li>\n\n\n\n<li>Information von Reisenden und wichtigen Interessengruppen im Allgemeinen an touristischen Orten im Land<\/li>\n<\/ul>\n\n\n\n<p>Ein Service auf hohem Niveau besteht aus mehreren Aspekten, wobei soziale Verantwortung eine wichtige Rolle spielt, aus diesem Grund ist Travel Excellence gegen jede Aktivit\u00e4t, die die Ausbeutung von Minderj\u00e4hrigen anstrebt.<\/p>\n\n\n\n<p>Auf diese Weise wird das Unternehmen dem Kodex und der Ethik treu bleiben, indem es keine Art von Dienstleistung erbringt, die sch\u00e4dliche Handlungen f\u00fcr Minderj\u00e4hrige beinhaltet.<\/p>\n","protected":false},"excerpt":{"rendered":"<p>Das Zertifizierungsprogramm f\u00fcr nachhaltigen Tourismus Das Certification for Sustainable Tourism-Programm ist ein Prozess, bei dem Unternehmen und Organisationen ihre Betriebsabl\u00e4ufe auf der Suche nach Effizienz, Produktivit\u00e4t, Qualit\u00e4t, Umweltauswirkungen und Kundenzufriedenheit analysieren. Das Programm zielt auf die Integration der Mitarbeiter, Kunden, Lieferanten und der Gemeinschaft des Unternehmens ab. F\u00fcr das Jahr 2018 f\u00fchrt das Costa Rica [&hellip;]<\/p>\n","protected":false},"author":11,"featured_media":0,"parent":0,"menu_order":0,"comment_status":"closed","ping_status":"closed","template":"page-detalle-paginas-internas.php","meta":{"_acf_changed":false,"footnotes":""},"class_list":["post-16595","page","type-page","status-publish","hentry"],"acf":[],"yoast_head":"<!-- This site is optimized with the Yoast SEO Premium plugin v27.4 (Yoast SEO v27.4) - https:\/\/yoast.com\/product\/yoast-seo-premium-wordpress\/ -->\n<title>Bescheinigungen - Travel Excellence<\/title>\n<meta name=\"robots\" content=\"index, follow, max-snippet:-1, max-image-preview:large, max-video-preview:-1\" \/>\n<link rel=\"canonical\" href=\"https:\/\/www.travelexcellence.com\/de\/bescheinigungen\/\" \/>\n<meta property=\"og:locale\" content=\"de_DE\" \/>\n<meta property=\"og:type\" content=\"article\" \/>\n<meta property=\"og:title\" content=\"Bescheinigungen\" \/>\n<meta property=\"og:description\" content=\"Das Zertifizierungsprogramm f\u00fcr nachhaltigen Tourismus Das Certification for Sustainable Tourism-Programm ist ein Prozess, bei dem Unternehmen und Organisationen ihre Betriebsabl\u00e4ufe auf der Suche nach Effizienz, Produktivit\u00e4t, Qualit\u00e4t, Umweltauswirkungen und Kundenzufriedenheit analysieren. Das Programm zielt auf die Integration der Mitarbeiter, Kunden, Lieferanten und der Gemeinschaft des Unternehmens ab. F\u00fcr das Jahr 2018 f\u00fchrt das Costa Rica [&hellip;]\" \/>\n<meta property=\"og:url\" content=\"https:\/\/www.travelexcellence.com\/de\/bescheinigungen\/\" \/>\n<meta property=\"og:site_name\" content=\"Travel Excellence\" \/>\n<meta property=\"article:modified_time\" content=\"2023-08-24T16:46:31+00:00\" \/>\n<meta property=\"og:image\" content=\"https:\/\/www.travelexcellence.com\/wp-content\/uploads\/2020\/10\/sustainabletourism-7.jpg\" \/>\n<meta name=\"twitter:card\" content=\"summary_large_image\" \/>\n<meta name=\"twitter:label1\" content=\"Gesch\u00e4tzte Lesezeit\" \/>\n\t<meta name=\"twitter:data1\" content=\"5\u00a0Minuten\" \/>\n<!-- \/ Yoast SEO Premium plugin. -->","yoast_head_json":{"title":"Bescheinigungen - Travel Excellence","robots":{"index":"index","follow":"follow","max-snippet":"max-snippet:-1","max-image-preview":"max-image-preview:large","max-video-preview":"max-video-preview:-1"},"canonical":"https:\/\/www.travelexcellence.com\/de\/bescheinigungen\/","og_locale":"de_DE","og_type":"article","og_title":"Bescheinigungen","og_description":"Das Zertifizierungsprogramm f\u00fcr nachhaltigen Tourismus Das Certification for Sustainable Tourism-Programm ist ein Prozess, bei dem Unternehmen und Organisationen ihre Betriebsabl\u00e4ufe auf der Suche nach Effizienz, Produktivit\u00e4t, Qualit\u00e4t, Umweltauswirkungen und Kundenzufriedenheit analysieren. Das Programm zielt auf die Integration der Mitarbeiter, Kunden, Lieferanten und der Gemeinschaft des Unternehmens ab. F\u00fcr das Jahr 2018 f\u00fchrt das Costa Rica [&hellip;]","og_url":"https:\/\/www.travelexcellence.com\/de\/bescheinigungen\/","og_site_name":"Travel Excellence","article_modified_time":"2023-08-24T16:46:31+00:00","og_image":[{"url":"https:\/\/www.travelexcellence.com\/wp-content\/uploads\/2020\/10\/sustainabletourism-7.jpg","type":"","width":"","height":""}],"twitter_card":"summary_large_image","twitter_misc":{"Gesch\u00e4tzte Lesezeit":"5\u00a0Minuten"},"schema":{"@context":"https:\/\/schema.org","@graph":[{"@type":"WebPage","@id":"https:\/\/www.travelexcellence.com\/de\/bescheinigungen\/","url":"https:\/\/www.travelexcellence.com\/de\/bescheinigungen\/","name":"Bescheinigungen - Travel Excellence","isPartOf":{"@id":"https:\/\/www.travelexcellence.com\/#website"},"primaryImageOfPage":{"@id":"https:\/\/www.travelexcellence.com\/de\/bescheinigungen\/#primaryimage"},"image":{"@id":"https:\/\/www.travelexcellence.com\/de\/bescheinigungen\/#primaryimage"},"thumbnailUrl":"https:\/\/www.travelexcellence.com\/wp-content\/uploads\/2020\/10\/sustainabletourism-7.jpg","datePublished":"2022-05-03T15:03:44+00:00","dateModified":"2023-08-24T16:46:31+00:00","breadcrumb":{"@id":"https:\/\/www.travelexcellence.com\/de\/bescheinigungen\/#breadcrumb"},"inLanguage":"de","potentialAction":[{"@type":"ReadAction","target":["https:\/\/www.travelexcellence.com\/de\/bescheinigungen\/"]}]},{"@type":"ImageObject","inLanguage":"de","@id":"https:\/\/www.travelexcellence.com\/de\/bescheinigungen\/#primaryimage","url":"https:\/\/www.travelexcellence.com\/wp-content\/uploads\/2020\/10\/sustainabletourism-7.jpg","contentUrl":"https:\/\/www.travelexcellence.com\/wp-content\/uploads\/2020\/10\/sustainabletourism-7.jpg"},{"@type":"BreadcrumbList","@id":"https:\/\/www.travelexcellence.com\/de\/bescheinigungen\/#breadcrumb","itemListElement":[{"@type":"ListItem","position":1,"name":"Home","item":"https:\/\/www.travelexcellence.com\/de\/"},{"@type":"ListItem","position":2,"name":"Bescheinigungen"}]},{"@type":"WebSite","@id":"https:\/\/www.travelexcellence.com\/#website","url":"https:\/\/www.travelexcellence.com\/","name":"Travel Excellence","description":"Best Costa Rica Travel &amp; Vacations Agency","potentialAction":[{"@type":"SearchAction","target":{"@type":"EntryPoint","urlTemplate":"https:\/\/www.travelexcellence.com\/?s={search_term_string}"},"query-input":{"@type":"PropertyValueSpecification","valueRequired":true,"valueName":"search_term_string"}}],"inLanguage":"de"}]}},"_links":{"self":[{"href":"https:\/\/www.travelexcellence.com\/de\/wp-json\/wp\/v2\/pages\/16595","targetHints":{"allow":["GET"]}}],"collection":[{"href":"https:\/\/www.travelexcellence.com\/de\/wp-json\/wp\/v2\/pages"}],"about":[{"href":"https:\/\/www.travelexcellence.com\/de\/wp-json\/wp\/v2\/types\/page"}],"author":[{"embeddable":true,"href":"https:\/\/www.travelexcellence.com\/de\/wp-json\/wp\/v2\/users\/11"}],"replies":[{"embeddable":true,"href":"https:\/\/www.travelexcellence.com\/de\/wp-json\/wp\/v2\/comments?post=16595"}],"version-history":[{"count":2,"href":"https:\/\/www.travelexcellence.com\/de\/wp-json\/wp\/v2\/pages\/16595\/revisions"}],"predecessor-version":[{"id":18274,"href":"https:\/\/www.travelexcellence.com\/de\/wp-json\/wp\/v2\/pages\/16595\/revisions\/18274"}],"wp:attachment":[{"href":"https:\/\/www.travelexcellence.com\/de\/wp-json\/wp\/v2\/media?parent=16595"}],"curies":[{"name":"wp","href":"https:\/\/api.w.org\/{rel}","templated":true}]}}