{"id":16591,"date":"2022-04-29T19:58:37","date_gmt":"2022-04-29T19:58:37","guid":{"rendered":"https:\/\/www.travelexcellence.com\/costa-rica-allgemeine-informationen\/"},"modified":"2023-12-06T17:35:29","modified_gmt":"2023-12-06T17:35:29","slug":"costa-rica-allgemeine-informationen","status":"publish","type":"page","link":"https:\/\/www.travelexcellence.com\/de\/costa-rica-allgemeine-informationen\/","title":{"rendered":"Costa Rica Allgemeine Informationen"},"content":{"rendered":"    <h2>Inhalts\u00fcbersicht<\/h2>\n    <nav class=\"menuInterno\">\n        <ul>\n            <li><i class=\"fas fa-location-arrow\"><\/i> <a data-scroll href=\"#costa-rica-lage\"> Costa Rica Lage<\/a><\/li>\n            <li><i class=\"fas fa-user\"><\/i> <a data-scroll href=\"#costarican-people\"> Costa Ricaner<\/a><\/li>\n            <li><i class=\"fas fa-graduation-cap\"><\/i> <a data-scroll href=\"#Bildung\"> Bildung<\/a><\/li>\n            <li><i class=\"fas fa-heart\"><\/i> <a data-scroll href=\"#Gesundheits-Dienstleistungen\"> Gesundheitsdienste<\/a><\/li>\n            <li><i class=\"fas fa-university\"><\/i> <a data-scroll href=\"#Regierung\"> Regierung und politisches Leben<\/a><\/li>\n        <\/ul>\n    <\/nav>\n\n\n<a id=\"costa-rica-lage\"><\/a>\n\n\n<h2 class=\"wp-block-heading\" id=\"h-costa-rica-lage\">Costa Rica Lage<\/h2>\n\n\n\n<figure class=\"wp-block-image size-large\"><img decoding=\"async\" width=\"800\" height=\"500\" src=\"https:\/\/www.travelexcellence.com\/wp-content\/uploads\/2020\/10\/costa-rica-general-info.jpg\" alt=\"Puerto Viejo, Lim\u00f3n, Costa Rica\" class=\"wp-image-15381\" srcset=\"https:\/\/www.travelexcellence.com\/wp-content\/uploads\/2020\/10\/costa-rica-general-info.jpg 800w, https:\/\/www.travelexcellence.com\/wp-content\/uploads\/2020\/10\/costa-rica-general-info-300x188.jpg 300w, https:\/\/www.travelexcellence.com\/wp-content\/uploads\/2020\/10\/costa-rica-general-info-768x480.jpg 768w\" sizes=\"(max-width: 800px) 100vw, 800px\" \/><\/figure>\n\n\n\n<p>Costa Rica ist ein gebirgiges Land auf der schmalen mittelamerikanischen Landenge, mit Nicaragua im Norden und Panam\u00e1 im S\u00fcden. Im Osten und Westen befinden sich das Karibische Meer bzw. der Pazifische Ozean.<\/p>\n\n\n\n<ul class=\"wp-block-list\">\n<li><strong>Maximale L\u00e4nge:<\/strong> 288 Meilen von R\u00edo Sapo\u00e1 nach Punta Burica<\/li>\n\n\n\n<li><strong>Mindestl\u00e4nge:<\/strong> 74 Meilen von Tuba nach Boca Coronado<\/li>\n\n\n\n<li><strong>Maximale Breite:<\/strong> 161 Meilen von Cabo Santa Elena nach Boca del R\u00edo Colorado<\/li>\n\n\n\n<li><strong>Die Hauptstadt:<\/strong> San Jos\u00e9 Area: 3.66 Quadratmeilen<\/li>\n\n\n\n<li><strong>Landfl\u00e4che:<\/strong> 19.730 Quadratmeilen<\/li>\n\n\n\n<li><strong>Administrative Aufteilung:<\/strong> 7 Provinzen<\/li>\n\n\n\n<li><strong>Gesamtbev\u00f6lkerung:<\/strong> 3.510.637 (50,54% M\u00e4nner \/ 49,46% Frauen)<\/li>\n<\/ul>\n\n\n<div class=\"div_iframe\">\n<iframe src=\"https:\/\/www.travelexcellence.com\/map-costarica-hotels.php?mapa=28\" class=\"iframe_travel_map\"><\/iframe>\n<\/div>\n\n<a id=\"costarican-people\"><\/a>\n\n\n<h2 class=\"wp-block-heading\" id=\"h-costa-ricaner\">Costa Ricaner<\/h2>\n\n\n\n<figure class=\"wp-block-image size-large\"><img decoding=\"async\" width=\"800\" height=\"500\" src=\"https:\/\/www.travelexcellence.com\/wp-content\/uploads\/2020\/10\/centenarian-people-costa-rica.jpg\" alt=\"Costa Ricaner\" class=\"wp-image-15382\" srcset=\"https:\/\/www.travelexcellence.com\/wp-content\/uploads\/2020\/10\/centenarian-people-costa-rica.jpg 800w, https:\/\/www.travelexcellence.com\/wp-content\/uploads\/2020\/10\/centenarian-people-costa-rica-300x188.jpg 300w, https:\/\/www.travelexcellence.com\/wp-content\/uploads\/2020\/10\/centenarian-people-costa-rica-768x480.jpg 768w\" sizes=\"(max-width: 800px) 100vw, 800px\" \/><\/figure>\n\n\n\n<h2 class=\"wp-block-heading\" id=\"h-was-macht-ticos-costa-ricaner-so-anders\">Was macht &#8222;Ticos&#8220; (Costa Ricaner) so anders?<\/h2>\n\n\n\n<p>Das ist eine h\u00e4ufige Frage. Die Antwort liegt in der Geschichte und Kultur des Landes. <strong>Costa Rica<\/strong> hat eine weitgehend friedliche Vergangenheit. Von Anfang an waren <strong>die Costa Ricaner<\/strong> wenig Gewalt ausgesetzt. W\u00e4hrend der Kolonialzeit war es einer der wenigen Teile Lateinamerikas, die von Menschen besiedelt wurden, die mehr daran interessiert waren, einen angenehmen Ort zum Leben zu schaffen und eine Familie zu gr\u00fcnden, als die Ureinwohner und ihr Gold auszubeuten.<\/p>\n\n\n\n<p>Die meisten &#8222;ticos&#8220; sind immer noch so warmherzig und freundlich wie ihre Vorfahren. Gastfreundschaft, Respekt und Freundschaft genie\u00dfen die Besucher.<\/p>\n\n\n\n<h2 class=\"wp-block-heading\" id=\"h-woher-kommt-das-wort-tico\">Woher kommt das Wort &#8222;tico&#8220;?<\/h2>\n\n\n\n<p><strong>Costa Ricaner<\/strong> verwenden oft die Verkleinerungsform von W\u00f6rtern, um h\u00f6flicher oder freundlicher zu sein. Sie verwenden jedoch &#8222;ico&#8220;, stattdessen das gebr\u00e4uchlichere &#8222;-ito&#8220;. Obwohl &#8222;-ico&#8220; eine korrekte Form des Diminutivs ist, wird es in anderen spanischsprachigen L\u00e4ndern selten verwendet. Aus dem Wort &#8222;momento&#8220; (Moment) wird so &#8222;momentico&#8220; (ein kleiner Moment) und sogar &#8222;momentitico&#8220; (ein sehr kurzer Moment). Daher begannen Menschen aus anderen L\u00e4ndern, <strong>Costa Ricaner<\/strong> &#8222;ticos&#8220; zu nennen.<\/p>\n\n\n<a id=\"Bildung\"><\/a>\n\n\n<h2 class=\"wp-block-heading\" id=\"h-bildung\">Bildung<\/h2>\n\n\n\n<figure class=\"wp-block-image size-large\"><img decoding=\"async\" width=\"800\" height=\"500\" src=\"https:\/\/www.travelexcellence.com\/wp-content\/uploads\/2020\/10\/costarican-kids.jpg\" alt=\"Costa Ricanische Kinder, die die \u00f6ffentliche Schule besuchen\" class=\"wp-image-15383\" srcset=\"https:\/\/www.travelexcellence.com\/wp-content\/uploads\/2020\/10\/costarican-kids.jpg 800w, https:\/\/www.travelexcellence.com\/wp-content\/uploads\/2020\/10\/costarican-kids-300x188.jpg 300w, https:\/\/www.travelexcellence.com\/wp-content\/uploads\/2020\/10\/costarican-kids-768x480.jpg 768w\" sizes=\"(max-width: 800px) 100vw, 800px\" \/><\/figure>\n\n\n\n<p>Durch st\u00e4ndige Aufmerksamkeit f\u00fcr Bildung hat Costa Rica die h\u00f6chste Alphabetisierungsrate in Mittelamerika erreicht. Seine Alphabetisierungsrate konkurriert mit der vieler gr\u00f6\u00dferer und st\u00e4rker industrialisierter Nationen. Seit den 1970er Jahren hat Costa Rica konsequent achtundzwanzig Prozent des Staatshaushalts in Bildung investiert &#8211; etwas, das bei der Aufrechterhaltung der Streitkr\u00e4fte nicht m\u00f6glich gewesen w\u00e4re.<\/p>\n\n\n\n<p>Das Bildungssystem gliedert sich in drei gro\u00dfe Abschnitte. Die Grundschule ist kostenlos und obligatorisch. Siebzig Prozent der High Schools sind \u00f6ffentlich, w\u00e4hrend akkreditierte private Institutionen die anderen drei\u00dfig Prozent zur Verf\u00fcgung stellen. Die Universit\u00e4tsausbildung begann im letzten Jahrhundert, aber erst 1940 wurde die Universit\u00e4t von Costa Rica, die gr\u00f6\u00dfte \u00f6ffentliche Universit\u00e4t des Landes, gegr\u00fcndet. Drei\u00dfig Jahre sp\u00e4ter waren mehrere weitere \u00f6ffentliche Universit\u00e4ten entstanden, darunter eine Fernschule. Die erste von zahlreichen Privatuniversit\u00e4ten wurde 1977 gegr\u00fcndet.<\/p>\n\n\n<a id=\"Gesundheits-Dienstleistungen\"><\/a>\n\n\n<h2 class=\"wp-block-heading\" id=\"h-gesundheitsdienste\">Gesundheitsdienste<\/h2>\n\n\n\n<figure class=\"wp-block-image size-large\"><img decoding=\"async\" width=\"800\" height=\"500\" src=\"https:\/\/www.travelexcellence.com\/wp-content\/uploads\/2020\/10\/hospital-calderon.jpg\" alt=\"Krankenhaus Calderon Guardia, San Jos\u00e9 Costa Rica\" class=\"wp-image-15384\" srcset=\"https:\/\/www.travelexcellence.com\/wp-content\/uploads\/2020\/10\/hospital-calderon.jpg 800w, https:\/\/www.travelexcellence.com\/wp-content\/uploads\/2020\/10\/hospital-calderon-300x188.jpg 300w, https:\/\/www.travelexcellence.com\/wp-content\/uploads\/2020\/10\/hospital-calderon-768x480.jpg 768w\" sizes=\"(max-width: 800px) 100vw, 800px\" \/><\/figure>\n\n\n\n<p>Nach Angaben der Weltgesundheitsorganisation verf\u00fcgt Costa Rica \u00fcber eines der besten Gesundheitssysteme der Welt. Die Kindersterblichkeitsrate des Landes sinkt, w\u00e4hrend die Lebenserwartung steigt.<\/p>\n\n\n\n<p>Es gibt mehrere Krankenh\u00e4user im Land, die vom Nationalen Sozialversicherungssystem betrieben werden. Das System, das eingerichtet wurde, um universelle medizinische Dienstleistungen zu erbringen, steht kurz davor, sein Ziel zu erreichen. Dieselbe Institution bietet auch Leistungen f\u00fcr Behinderte, Mutterschaft und Senioren an.<\/p>\n\n\n<a id=\"Regierung\"><\/a>\n\n\n<h2 class=\"wp-block-heading\" id=\"h-costa-rica-regierung-und-politisches-leben\">Costa Rica Regierung und politisches Leben<\/h2>\n\n\n\n<figure class=\"wp-block-image size-large\"><img decoding=\"async\" width=\"800\" height=\"500\" src=\"https:\/\/www.travelexcellence.com\/wp-content\/uploads\/2020\/10\/san-jose-costa-rica.jpg\" alt=\"Blick von San Jos\u00e9 Costa Rica\" class=\"wp-image-15385\" srcset=\"https:\/\/www.travelexcellence.com\/wp-content\/uploads\/2020\/10\/san-jose-costa-rica.jpg 800w, https:\/\/www.travelexcellence.com\/wp-content\/uploads\/2020\/10\/san-jose-costa-rica-300x188.jpg 300w, https:\/\/www.travelexcellence.com\/wp-content\/uploads\/2020\/10\/san-jose-costa-rica-768x480.jpg 768w\" sizes=\"(max-width: 800px) 100vw, 800px\" \/><\/figure>\n\n\n\n<p>Eines der vielen positiven Dinge an Costa Rica ist die politische Stabilit\u00e4t, die das Land hat. In der Tat &#8211; <a href=\"https:\/\/www.travelexcellence.com\/costa-rica-travel-blog\/top-5-reasons-why-you-should-visit-costa-rica\">nach seinem nat\u00fcrlichen Reichtum<\/a> &#8211; sind der Frieden und die Sicherheit, die aufgrund seiner Demokratie im ganzen Land geatmet werden, und die Tatsache, dass die Armee seit 1948 abgeschafft wurde, zwei der Hauptgr\u00fcnde, warum <a href=\"https:\/\/www.travelexcellence.com\/de\/\">Costa Rica Vacations<\/a> heutzutage sehr beliebt sind.<\/p>\n\n\n\n<h2 class=\"wp-block-heading\" id=\"h-was-ist-demokratie\">Was ist Demokratie?<\/h2>\n\n\n\n<p>Das <a href=\"https:\/\/www.dictionary.com\/browse\/democracy\" target=\"_blank\" rel=\"noreferrer noopener\">W\u00f6rterbuch definiert Demokratie<\/a> als &#8222;eine Regierung des Volkes, in der die h\u00f6chste Macht dem Volk \u00fcbertragen und direkt von ihm oder seinen gew\u00e4hlten Vertretern unter einem freien Wahlsystem ausge\u00fcbt wird&#8220;. In den Worten von Abraham Lincoln ist Demokratie eine Regierung &#8222;<em>des Volkes, durch das Volk und f\u00fcr das Volk&#8220;.<\/em><\/p>\n\n\n\n<p>Alle Demokratien sind Systeme, in denen  <a href=\"https:\/\/web.stanford.edu\/~ldiamond\/iraq\/WhaIsDemocracy012004.htm\" target=\"_blank\" rel=\"noreferrer noopener\">B\u00fcrger treffen frei politische Entscheidungen<\/a>  Durch Mehrheitsherrschaft und in einer demokratischen Gesellschaft muss Mehrheitsherrschaft mit Garantien f\u00fcr individuelle Menschenrechte verbunden werden, die wiederum dazu dienen, die Rechte von Minderheiten zu sch\u00fctzen &#8211; seien es ethnische, religi\u00f6se oder politische oder einfach die Verlierer in der Debatte \u00fcber ein umstrittenes Gesetz.<\/p>\n\n\n\n<p>Die Rechte von Minderheiten h\u00e4ngen nicht von der Gunst der Mehrheit ab und k\u00f6nnen nicht durch Mehrheitsbeschluss beseitigt werden. Die Rechte von Minderheiten werden gesch\u00fctzt, weil demokratische Gesetze und Institutionen die Rechte aller B\u00fcrger sch\u00fctzen.<\/p>\n\n\n\n<p>Deshalb hat die Demokratie einige S\u00e4ulen wie Gleichheit vor dem Gesetz, sozialen, wirtschaftlichen und politischen Pluralismus und Werte der Toleranz, der Zusammenarbeit und des Pragmatismus.<\/p>\n\n\n\n<h2 class=\"wp-block-heading\" id=\"h-demokratie-in-costa-rica\">Demokratie in Costa Rica<\/h2>\n\n\n\n<p><a href=\"https:\/\/www.travelexcellence.com\/de\/costa-rica-allgemeine-informationen\/\">Costa Rica<\/a> ist eine der \u00e4ltesten Demokratien Amerikas und eines der politisch stabilsten L\u00e4nder Lateinamerikas. Ihr politisches Leben wird von drei Hauptorganen geleitet: Exekutive, Legislative und Judikative.<\/p>\n\n\n\n<p>Der Pr\u00e4sident der Republik wird durch Volkswahlen f\u00fcr vier Jahre gew\u00e4hlt, und die costa-ricanische Verfassung gibt ihm oder ihr die Exekutivgewalt. Pr\u00e4sidenten haben die Option, nur acht Jahre nach Ablauf ihrer Amtszeit erneut zu kandidieren, dies sichert die Kontinuit\u00e4t eines starken demokratischen Prozesses. Der Pr\u00e4sident hat die Befugnis, sein Ministerkabinett zu w\u00e4hlen.<\/p>\n\n\n\n<p>Der Kongress, die gesetzgebende Gewalt, ist ein Einkammerparlament. Siebenundf\u00fcnfzig Kongressabgeordnete werden ebenfalls f\u00fcr vierj\u00e4hrige Amtszeiten gew\u00e4hlt, die aus Kandidaten der politischen Parteien ausgew\u00e4hlt werden.<\/p>\n\n\n\n<p>Schlie\u00dflich besteht das Gericht oder die Judikative aus zweiundzwanzig Richtern, die vom Kongress f\u00fcr mindestens acht Jahre gew\u00e4hlt werden. Das Gericht ist f\u00fcr die Benennung der Richter und Gerichte zust\u00e4ndig.<\/p>\n\n\n\n<p>Die verschiedenen Kammern des Obersten Gerichtshofs werden von Mitgliedern des Gerichts gebildet. Von allen Kammern ist die Verfassungskammer die m\u00e4chtigste und entscheidet \u00fcber alle Angelegenheiten im Zusammenhang mit der Verfassungsm\u00e4\u00dfigkeit von Gesetzen und ist im Allgemeinen f\u00fcr den Schutz der B\u00fcrger vor m\u00f6glichen Unregelm\u00e4\u00dfigkeiten der Regierung verantwortlich. Besser bekannt als &#8222;La Sala IV&#8220;, wurde diese Kammer vor einigen Jahren innerhalb des Obersten Gerichtshofs geschaffen und wurde von den B\u00fcrgern im Allgemeinen gut angenommen. Bei mehreren Gelegenheiten hat &#8222;La Sala IV&#8220; gro\u00dfe, seit langem bestehende Gesetze gekippt, die von gew\u00f6hnlichen B\u00fcrgern aus verfassungsrechtlichen Gr\u00fcnden angefochten wurden.<\/p>\n\n\n\n<p>Ein weiteres wichtiges Tribunal, das erw\u00e4hnt werden muss, ist das Oberste Wahlgericht, das f\u00fcr die Gew\u00e4hrleistung fairer Wahlen in \u00dcbereinstimmung mit dem Wahlrecht zust\u00e4ndig ist.<\/p>\n\n\n\n<figure class=\"wp-block-image size-full\"><img decoding=\"async\" width=\"800\" height=\"533\" src=\"https:\/\/www.travelexcellence.com\/wp-content\/uploads\/2023\/12\/presidente-cr-rodrigo-chaves.jpg\" alt=\"\" class=\"wp-image-18574\" srcset=\"https:\/\/www.travelexcellence.com\/wp-content\/uploads\/2023\/12\/presidente-cr-rodrigo-chaves.jpg 800w, https:\/\/www.travelexcellence.com\/wp-content\/uploads\/2023\/12\/presidente-cr-rodrigo-chaves-300x200.jpg 300w, https:\/\/www.travelexcellence.com\/wp-content\/uploads\/2023\/12\/presidente-cr-rodrigo-chaves-768x512.jpg 768w\" sizes=\"(max-width: 800px) 100vw, 800px\" \/><\/figure>\n\n\n\n<p>Pr\u00e4sident der Republik Costa Rica, <strong>Rodrigo Chaves<\/strong><\/p>\n\n\n\n<hr class=\"wp-block-separator has-css-opacity\"\/>\n\n\n\n<h2 class=\"wp-block-heading\" id=\"h-einwohner-von-costa-rica-werden\">Einwohner von Costa Rica werden<\/h2>\n\n\n\n<p>Alle <a href=\"https:\/\/www.travelexcellence.com\/costa-rica-attractions\">Sehensw\u00fcrdigkeiten von Costa Rica<\/a> sind f\u00fcr Besucher aus anderen L\u00e4ndern offen zug\u00e4nglich. Touristen k\u00f6nnen sich f\u00fcr Zeitr\u00e4ume von bis zu drei Monaten im Land aufhalten, ohne einen legalen Wohnsitz beantragen zu m\u00fcssen, und sie k\u00f6nnen jederzeit f\u00fcr weitere drei Monate nach Costa Rica zur\u00fcckkehren, solange sie mindestens 72 Stunden au\u00dferhalb des Landes waren.<\/p>\n\n\n\n<p>Aber wenn Menschen l\u00e4nger als drei Monate in Costa Rica bleiben wollen, ist es auch relativ einfach, Einwohner zu werden. Menschen m\u00fcssen sich f\u00fcr eine von mehreren verschiedenen Aufenthaltskategorien bewerben und gleichzeitig die Staatsb\u00fcrgerschaft in ihrem Heimatland behalten. Die Kategorien sind: <em>Pensionado<\/em> f\u00fcr diejenigen, die von einer Rente leben; <em>rentista<\/em> f\u00fcr diejenigen, die Einkommen von au\u00dferhalb des Landes haben und <em>inversionista<\/em> f\u00fcr diejenigen, die in Costa Rica investieren wollen. Studentenlizenzen sind auch f\u00fcr diejenigen verf\u00fcgbar, die im Land studieren m\u00f6chten.<\/p>\n\n\n\n<p>Nach einer gewissen Anzahl von Jahren haben die Einwohner auch die M\u00f6glichkeit, <a href=\"http:\/\/www.costarica-embassy.org\/?q=node\/83\">die costaricanische Staatsb\u00fcrgerschaft<\/a> zu beantragen. Die Staatsb\u00fcrgerschaft bietet Ausl\u00e4ndern die gleichen Rechte wie geb\u00fcrtige Costa Ricaner, einschlie\u00dflich des Wahlrechts.<\/p>\n\n\n\n<p>Aufgrund der spezifischen Anforderungen f\u00fcr jede dieser Kategorien, die sich regelm\u00e4\u00dfig \u00e4ndern, ist eine der besten M\u00f6glichkeiten, die aktuellsten Informationen \u00fcber die erforderlichen Unterlagen und Unterst\u00fctzung bei Wohnsitzfragen zu erhalten, die Association of Residents of Costa Rica bei www.arcr.net.<\/p>\n\n\n\n<figure class=\"wp-block-embed is-type-video is-provider-youtube wp-block-embed-youtube wp-embed-aspect-16-9 wp-has-aspect-ratio\"><div class=\"wp-block-embed__wrapper\">\n<iframe title=\"Costa Rica &quot;Nuevo comercial del ICT&quot; [HD]\" width=\"500\" height=\"281\" src=\"https:\/\/www.youtube.com\/embed\/ZMb3M5kDLCM?feature=oembed\" frameborder=\"0\" allow=\"accelerometer; autoplay; clipboard-write; encrypted-media; gyroscope; picture-in-picture; web-share\" referrerpolicy=\"strict-origin-when-cross-origin\" allowfullscreen><\/iframe>\n<\/div><\/figure>\n","protected":false},"excerpt":{"rendered":"<p>Costa Rica Lage Costa Rica ist ein gebirgiges Land auf der schmalen mittelamerikanischen Landenge, mit Nicaragua im Norden und Panam\u00e1 im S\u00fcden. Im Osten und Westen befinden sich das Karibische Meer bzw. der Pazifische Ozean. Costa Ricaner Was macht &#8222;Ticos&#8220; (Costa Ricaner) so anders? Das ist eine h\u00e4ufige Frage. Die Antwort liegt in der Geschichte [&hellip;]<\/p>\n","protected":false},"author":12,"featured_media":0,"parent":0,"menu_order":0,"comment_status":"closed","ping_status":"closed","template":"page-detalle-paginas-internas.php","meta":{"_acf_changed":false,"footnotes":""},"class_list":["post-16591","page","type-page","status-publish","hentry"],"acf":[],"yoast_head":"<!-- This site is optimized with the Yoast SEO Premium plugin v27.4 (Yoast SEO v27.4) - https:\/\/yoast.com\/product\/yoast-seo-premium-wordpress\/ -->\n<title>Costa Rica Allgemeine Informationen - Travel Excellence<\/title>\n<meta name=\"robots\" content=\"index, follow, max-snippet:-1, max-image-preview:large, max-video-preview:-1\" \/>\n<link rel=\"canonical\" href=\"https:\/\/www.travelexcellence.com\/de\/costa-rica-allgemeine-informationen\/\" \/>\n<meta property=\"og:locale\" content=\"de_DE\" \/>\n<meta property=\"og:type\" content=\"article\" \/>\n<meta property=\"og:title\" content=\"Costa Rica Allgemeine Informationen\" \/>\n<meta property=\"og:description\" content=\"Costa Rica Lage Costa Rica ist ein gebirgiges Land auf der schmalen mittelamerikanischen Landenge, mit Nicaragua im Norden und Panam\u00e1 im S\u00fcden. Im Osten und Westen befinden sich das Karibische Meer bzw. der Pazifische Ozean. Costa Ricaner Was macht &#8222;Ticos&#8220; (Costa Ricaner) so anders? Das ist eine h\u00e4ufige Frage. Die Antwort liegt in der Geschichte [&hellip;]\" \/>\n<meta property=\"og:url\" content=\"https:\/\/www.travelexcellence.com\/de\/costa-rica-allgemeine-informationen\/\" \/>\n<meta property=\"og:site_name\" content=\"Travel Excellence\" \/>\n<meta property=\"article:modified_time\" content=\"2023-12-06T17:35:29+00:00\" \/>\n<meta property=\"og:image\" content=\"https:\/\/www.travelexcellence.com\/wp-content\/uploads\/2020\/10\/costa-rica-general-info.jpg\" \/>\n<meta name=\"twitter:card\" content=\"summary_large_image\" \/>\n<meta name=\"twitter:label1\" content=\"Gesch\u00e4tzte Lesezeit\" \/>\n\t<meta name=\"twitter:data1\" content=\"7\u00a0Minuten\" \/>\n<!-- \/ Yoast SEO Premium plugin. -->","yoast_head_json":{"title":"Costa Rica Allgemeine Informationen - Travel Excellence","robots":{"index":"index","follow":"follow","max-snippet":"max-snippet:-1","max-image-preview":"max-image-preview:large","max-video-preview":"max-video-preview:-1"},"canonical":"https:\/\/www.travelexcellence.com\/de\/costa-rica-allgemeine-informationen\/","og_locale":"de_DE","og_type":"article","og_title":"Costa Rica Allgemeine Informationen","og_description":"Costa Rica Lage Costa Rica ist ein gebirgiges Land auf der schmalen mittelamerikanischen Landenge, mit Nicaragua im Norden und Panam\u00e1 im S\u00fcden. Im Osten und Westen befinden sich das Karibische Meer bzw. der Pazifische Ozean. Costa Ricaner Was macht &#8222;Ticos&#8220; (Costa Ricaner) so anders? Das ist eine h\u00e4ufige Frage. Die Antwort liegt in der Geschichte [&hellip;]","og_url":"https:\/\/www.travelexcellence.com\/de\/costa-rica-allgemeine-informationen\/","og_site_name":"Travel Excellence","article_modified_time":"2023-12-06T17:35:29+00:00","og_image":[{"url":"https:\/\/www.travelexcellence.com\/wp-content\/uploads\/2020\/10\/costa-rica-general-info.jpg","type":"","width":"","height":""}],"twitter_card":"summary_large_image","twitter_misc":{"Gesch\u00e4tzte Lesezeit":"7\u00a0Minuten"},"schema":{"@context":"https:\/\/schema.org","@graph":[{"@type":"WebPage","@id":"https:\/\/www.travelexcellence.com\/de\/costa-rica-allgemeine-informationen\/","url":"https:\/\/www.travelexcellence.com\/de\/costa-rica-allgemeine-informationen\/","name":"Costa Rica Allgemeine Informationen - Travel Excellence","isPartOf":{"@id":"https:\/\/www.travelexcellence.com\/#website"},"primaryImageOfPage":{"@id":"https:\/\/www.travelexcellence.com\/de\/costa-rica-allgemeine-informationen\/#primaryimage"},"image":{"@id":"https:\/\/www.travelexcellence.com\/de\/costa-rica-allgemeine-informationen\/#primaryimage"},"thumbnailUrl":"https:\/\/www.travelexcellence.com\/wp-content\/uploads\/2020\/10\/costa-rica-general-info.jpg","datePublished":"2022-04-29T19:58:37+00:00","dateModified":"2023-12-06T17:35:29+00:00","breadcrumb":{"@id":"https:\/\/www.travelexcellence.com\/de\/costa-rica-allgemeine-informationen\/#breadcrumb"},"inLanguage":"de","potentialAction":[{"@type":"ReadAction","target":["https:\/\/www.travelexcellence.com\/de\/costa-rica-allgemeine-informationen\/"]}]},{"@type":"ImageObject","inLanguage":"de","@id":"https:\/\/www.travelexcellence.com\/de\/costa-rica-allgemeine-informationen\/#primaryimage","url":"https:\/\/www.travelexcellence.com\/wp-content\/uploads\/2020\/10\/costa-rica-general-info.jpg","contentUrl":"https:\/\/www.travelexcellence.com\/wp-content\/uploads\/2020\/10\/costa-rica-general-info.jpg"},{"@type":"BreadcrumbList","@id":"https:\/\/www.travelexcellence.com\/de\/costa-rica-allgemeine-informationen\/#breadcrumb","itemListElement":[{"@type":"ListItem","position":1,"name":"Home","item":"https:\/\/www.travelexcellence.com\/de\/"},{"@type":"ListItem","position":2,"name":"Costa Rica Allgemeine Informationen"}]},{"@type":"WebSite","@id":"https:\/\/www.travelexcellence.com\/#website","url":"https:\/\/www.travelexcellence.com\/","name":"Travel Excellence","description":"Best Costa Rica Travel &amp; Vacations Agency","potentialAction":[{"@type":"SearchAction","target":{"@type":"EntryPoint","urlTemplate":"https:\/\/www.travelexcellence.com\/?s={search_term_string}"},"query-input":{"@type":"PropertyValueSpecification","valueRequired":true,"valueName":"search_term_string"}}],"inLanguage":"de"}]}},"_links":{"self":[{"href":"https:\/\/www.travelexcellence.com\/de\/wp-json\/wp\/v2\/pages\/16591","targetHints":{"allow":["GET"]}}],"collection":[{"href":"https:\/\/www.travelexcellence.com\/de\/wp-json\/wp\/v2\/pages"}],"about":[{"href":"https:\/\/www.travelexcellence.com\/de\/wp-json\/wp\/v2\/types\/page"}],"author":[{"embeddable":true,"href":"https:\/\/www.travelexcellence.com\/de\/wp-json\/wp\/v2\/users\/12"}],"replies":[{"embeddable":true,"href":"https:\/\/www.travelexcellence.com\/de\/wp-json\/wp\/v2\/comments?post=16591"}],"version-history":[{"count":5,"href":"https:\/\/www.travelexcellence.com\/de\/wp-json\/wp\/v2\/pages\/16591\/revisions"}],"predecessor-version":[{"id":18582,"href":"https:\/\/www.travelexcellence.com\/de\/wp-json\/wp\/v2\/pages\/16591\/revisions\/18582"}],"wp:attachment":[{"href":"https:\/\/www.travelexcellence.com\/de\/wp-json\/wp\/v2\/media?parent=16591"}],"curies":[{"name":"wp","href":"https:\/\/api.w.org\/{rel}","templated":true}]}}