{"id":12958,"date":"2021-06-01T20:52:26","date_gmt":"2021-06-01T20:52:26","guid":{"rendered":"https:\/\/www.travelexcellence.com\/wetter-in-costa-rica\/"},"modified":"2021-06-01T21:02:15","modified_gmt":"2021-06-01T21:02:15","slug":"reisewetter-in-costa-rica","status":"publish","type":"page","link":"https:\/\/www.travelexcellence.com\/de\/reisewetter-in-costa-rica\/","title":{"rendered":"Wetter in Costa Rica"},"content":{"rendered":"    <h2>Inhalts\u00fcbersicht<\/h2>\n    <nav class=\"menuInterno\">\n        <ul>\n            <li><i class=\"far fa-calendar\"><\/i> <a data-scroll href=\"#costa-rica-monatlich\"> Monatliches Wetter in Costa Rica<\/a><\/li>\n            <li><i class=\"fas fa-cloud\"><\/i> <a data-scroll href=\"#costa-rica-merkmal\"> Wetter Eigenschaften<\/a><\/li>\n            <li><i class=\"fas fa-angle-right\"><\/i> <a data-scroll href=\"#costa-rica-regionen\"> Wetter nach Regionen<\/a><\/li>\n        <\/ul>\n    <\/nav>\n\n\n\n<p>Die beste Reisezeit f\u00fcr Ihren Costa Rica Urlaub\u2026<\/p>\n\n\n\n<figure class=\"wp-block-image size-large\"><img decoding=\"async\" width=\"800\" height=\"500\" src=\"https:\/\/www.travelexcellence.com\/wp-content\/uploads\/2020\/10\/happy-people-kayaking.jpg\" alt=\"Kayaking, Costa Rica\" class=\"wp-image-12959\" srcset=\"https:\/\/www.travelexcellence.com\/wp-content\/uploads\/2020\/10\/happy-people-kayaking.jpg 800w, https:\/\/www.travelexcellence.com\/wp-content\/uploads\/2020\/10\/happy-people-kayaking-300x188.jpg 300w, https:\/\/www.travelexcellence.com\/wp-content\/uploads\/2020\/10\/happy-people-kayaking-768x480.jpg 768w\" sizes=\"(max-width: 800px) 100vw, 800px\" \/><\/figure>\n\n\n\n<p>Das Wetter in <a href=\"https:\/\/www.travelexcellence.com\/costa-rica-travel-blog\/best-places-to-visit-in-costa-rica\">Costa Rica<\/a> ist sehr idyllisch. Jedoch gerade bei <a href=\"https:\/\/www.travelexcellence.com\/costa-rica-vacation-packages\/\">Familienreisen<\/a> sollte man wissen, dass das Wetter von Ort zu Ort unterschiedlich sein kann und auch abh\u00e4ngig der Jahrezeit ist.<\/p>\n\n\n\n<p>Die meisten der Urlaubstouren und Top-Touristenattraktionen des Landes k\u00f6nnen das ganze Jahr \u00fcber besucht werden, aber die beste Reisezeit f\u00fcr Ihre n\u00e4chste Costa Rica-Reise h\u00e4ngt davon ab, was Sie hier machen m\u00f6chten. Aber zuerst empfehlen wir Ihnen zu lesen, <a href=\"https:\/\/www.travelexcellence.com\/travel-guides\/information-facts-about-costa-rica\">was Sie vor einer Reise nach Costa Rica wissen m\u00fcssen.<\/a><\/p>\n\n\n<a id=\"costa-rica-monatlich\"><\/a>\n\n\n<h2 class=\"wp-block-heading\" id=\"h-monatliches-wetter-in-costa-rica\">Monatliches Wetter in Costa Rica<\/h2>\n\n\n\n<p>Es ist fast unm\u00f6glich, das Wetter in Costa Rica anhand von Monaten zusammenzufassen, denn wie Sie vielleicht schon geh\u00f6rt haben, liegt das <a href=\"https:\/\/www.travelexcellence.com\/costa-rica-map\/\">Land in den Tropen<\/a> was zu drastischen Wetterschwankungen f\u00fchren kann. Wenn wir sagen m\u00fcssten wie das Wetter in Costa Rica ist, w\u00fcrden wir sagen, dass es eher mild ist.<\/p>\n\n\n\n<p>Die gute Nachricht ist, dass die meisten der Urlaubstouren und <a href=\"https:\/\/www.travelexcellence.com\/costa-rica-attractions\">Top-Touristenattraktionen<\/a> des Landes das ganze Jahr \u00fcber genossen werden k\u00f6nnen, und &#8222;die beste Zeit&#8220; f\u00fcr Ihre n\u00e4chste Costa Rica Reise h\u00e4ngt davon ab, was Sie hier tun m\u00f6chten.<\/p>\n\n\n\n<p>Normalerweise herrscht im <strong>Dezember das beste Wetter<\/strong> zum Reisen. Jedoch kann es vorkommen, dass das Hotels und Touren schon voll sind. Das gleiche gilt f\u00fcr <strong>Januar &amp; Februar<\/strong>. Diese drei Monate sind perfekt um Costa Rica zu bereisen. Die B\u00e4ume sind noch gr\u00fcn von den vorangegangenen Regenf\u00e4llen, so dass Sie wundersch\u00f6ne Landschaften w\u00e4hrend Ihrer <a href=\"https:\/\/www.travelexcellence.com\/travel-guides\/costa-rica-canopy-tour\">Canopy<\/a>&#8211; wie auch <a href=\"https:\/\/www.travelexcellence.com\/travel-guides\/costa-rica-white-water-rafting\">Wildwasser-Rafting-Tour<\/a> genie\u00dfen k\u00f6nnen.<\/p>\n\n\n\n<p>Die Trockensaison wird etwa drei Monate anhalten was bedeutet, dass <strong>Februar auch wunderbares Wetter<\/strong> herrscht. Sonnige Tage, k\u00fchle Abende und weniger \u00fcberf\u00fcllte Attraktionen kennzeichnen diesen Monat, der sich perfekt f\u00fcr einen Surftrip eignet. Costa Rica ist bekannt als <a href=\"https:\/\/www.travelexcellence.com\/de\/costa-rica-map\/costa-rica-surfing\/\">eines der besten und beliebtesten Surfreiseziele der Welt.<\/a><\/p>\n\n\n\n<p>Sehr \u00e4hnlich zum <strong>Wetter im M\u00e4rz<\/strong>. Der M\u00e4rz ist historisch gesehen der trockenste Monat. Ende M\u00e4rz \/ Anfang April kann es wegen der Osterwoche auch zu <a href=\"https:\/\/www.travelexcellence.com\/costa-rica-travel-blog\/costa-rica-hotels-travel-guide\">ausgebuchten Hotels und Touren f\u00fchren.<\/a> Aber das <strong>Wetter im April in Costa Rica<\/strong> ist zum Beispiel erstaunlich, und dies ist der letzte Monat der Trockenzeit, also die letzte Chance, das Land ohne starke Regenf\u00e4lle zu genie\u00dfen. Da es sich um einen \u00dcbergangsmonat handelt, ist es nat\u00fcrlich auch der hei\u00dfeste Monat, aber vor allem in den letzten Tagen des Monats kann es zu leichten Regenf\u00e4llen kommen.<\/p>\n\n\n\n<p>Das <strong>Wetter von Mai<\/strong> bis November ist unvorhersehbar und wird je nach Region variieren. Das Einzige, was wir mit Sicherheit wissen, ist, dass Regen nicht kontrolliert werden kann und zu verschiedenen Zeitpunkten im Laufe des Tages auftreten wird. Diese ersten Monate der Regenzeit sind im Allgemeinen nicht so schlimm. Es wird einige Regenf\u00e4lle geben, besonders am Abend, aber selten ganze Regentage.<\/p>\n\n\n\n<p><strong>Das Wetter im Juni und das Wetter im Juli<\/strong> sind sehr \u00e4hnlich, und normalerweise sind diese beiden Monate durch Perioden guten Wetters gekennzeichnet, die als &#8222;veranillos&#8220; oder kleine Sommer bekannt sind.<\/p>\n\n\n\n<p>Es ist wichtig zu ber\u00fccksichtigen, dass Juni und Juli aufgrund der Ferien amerikanischer und europ\u00e4ischer Touristen ebenfalls als Hochsaisonmonate gelten; ebenso wie die <strong>Schulferien in Costa Rica.<\/strong><\/p>\n\n\n\n<p><strong>August, September und Oktober gelten im Allgemeinen als die regenreichsten Monate des Jahres<\/strong>. Besonders September und Oktober. Das Wetter <strong>im August<\/strong> ist vielleicht nicht das beste in Bezug auf die Anzahl der Sonnentage, aber es ist ein wirklich guter Monat, um Costa Rica zu besuchen, wenn Sie Naturerlebnisse wie Walbeobachtungen oder Schildkr\u00f6tennestexpeditionen erleben m\u00f6chten.<\/p>\n\n\n\n<p>Auch das <strong>Wetter im September<\/strong> und Oktober ist in Regionen wie der <a href=\"https:\/\/www.travelexcellence.com\/costa-rica-travel-blog\/south-puntarenas-a-magical-place-to-be-discovered\">Osa-Halbinsel<\/a> nicht sehr einladend. Aufgrund des hohen Niederschlags schlie\u00dfen viele Hotels in dieser Gegend. Diese beiden Monate sind jedoch die besten Monate, um die n\u00f6rdliche Region und den karibischen Teil des Landes zu besuchen. Au\u00dferdem ist das <strong>Wetter im Oktober<\/strong> perfekt f\u00fcr Surrfer, da es normalerweise h\u00f6here Wellen im Pazifik gibt.<\/p>\n\n\n\n<p>Und zu guter Letzt, wenn Sie planen Costa Rica im letzten Monat der Regenzeit zu besuchen, ber\u00fccksichtigen Sie, dass das <strong>Wetter im November<\/strong> ein \u00dcbergangswetter sein wird. Dies bedeutet, dass die Tage w\u00e4rmer, windig und mit viel weniger Regen sein werden. Der November ist auch ein wirklich guter Monat zum Surfen an der <a href=\"https:\/\/www.travelexcellence.com\/costa-rica-travel-blog\/southern-caribbean-puerto-viejo-manzanillo-cahuita\">Karibikk\u00fcste<\/a>.<\/p>\n\n\n<a id=\"costa-rica-eigenschaften\"><\/a>\n\n\n<h2 class=\"wp-block-heading\" id=\"h-wetter-eigenschaften\">Wetter Eigenschaften<\/h2>\n\n\n\n<p>Der Grund f\u00fcr die unterschiedlichen Kleinklimata, die hier zu finden sind, ist, dass das Land <a href=\"https:\/\/www.travelexcellence.com\/costa-rica-general-information\/\">zwischen dem Pazifischen Ozean und dem Karibischen Meer liegt.<\/a> Unabh\u00e4ngig wo Sie sich befinden, die Sonne geht gegen 5:30 Uhr auf und gegen 17:30 Uhr unter, so dass Sie etwa t\u00e4glich 12 Stunden Sonnenlicht f\u00fcr Ihre Reise in Costa Rica haben.<\/p>\n\n\n\n<p>Au\u00dferdem gibt es in Costa Rica nur zwei definierte Jahreszeiten: Trockenzeit (genannt &#8222;verano&#8220; oder Hochsaison) und Regenzeit (genannt &#8222;invierno&#8220; oder gr\u00fcne Jahreszeit). Die Trockenzeit geht von Dezember bis April und die Regenzeit geht von Mai bis November, wobei September und Oktober die feuchtesten Monate sind.<\/p>\n\n\n\n<h2 class=\"wp-block-heading\" id=\"h-j-hrlicher-regenfall-in-den-haupturlaubsorten\">J\u00e4hrlicher Regenfall in den Haupturlaubsorten:<\/h2>\n\n\n\n<figure class=\"wp-block-table\"><table><tbody><tr><td>Central Valley<\/td><td>1.100-2.500 mm<\/td><td>43-98 inches<\/td><\/tr><tr><td>Nordpazifik<\/td><td>1.400-4.300 mm<\/td><td>55-98 inches<\/td><\/tr><tr><td>Zentralpazifik<\/td><td>2.300-4.300 mm<\/td><td>91-169 inches<\/td><\/tr><tr><td>S\u00fcdpazifik<\/td><td>2.300-4.000 mm<\/td><td>91-157 inches<\/td><\/tr><tr><td>Atlantik<\/td><td>2.000-4.500 mm<\/td><td>79-177 inches<\/td><\/tr><\/tbody><\/table><\/figure>\n\n\n<a id=\"costa-rica-regionen\"><\/a>\n\n\n<h2 class=\"wp-block-heading\" id=\"h-wetter-nach-regionen-in-costa-rica\">Wetter nach Regionen in Costa Rica<\/h2>\n\n\n\n<figure class=\"wp-block-image size-large\"><img decoding=\"async\" width=\"848\" height=\"530\" src=\"https:\/\/www.travelexcellence.com\/wp-content\/uploads\/2020\/10\/san-jose-costa-rica-sunset.jpg\" alt=\"San Jos\u00e9 Sonnenuntergang\" class=\"wp-image-12960\" srcset=\"https:\/\/www.travelexcellence.com\/wp-content\/uploads\/2020\/10\/san-jose-costa-rica-sunset.jpg 848w, https:\/\/www.travelexcellence.com\/wp-content\/uploads\/2020\/10\/san-jose-costa-rica-sunset-300x188.jpg 300w, https:\/\/www.travelexcellence.com\/wp-content\/uploads\/2020\/10\/san-jose-costa-rica-sunset-768x480.jpg 768w\" sizes=\"(max-width: 848px) 100vw, 848px\" \/><\/figure>\n\n\n\n<h3 class=\"wp-block-heading\" id=\"h-san-jose-costa-rica-wetter\"><a href=\"https:\/\/www.travelexcellence.com\/costa-rica-travel-blog\/san-jose-costa-rica-travel-guide\">San Jose Costa Rica Wetter<\/a><\/h3>\n\n\n\n<p>Dieses Hochland hat ein gem\u00e4\u00dfigtes Klima. hier regnet es meistens von Dezember bis April, besonders abends.<\/p>\n\n\n\n<figure class=\"wp-block-image size-large\"><img decoding=\"async\" width=\"848\" height=\"530\" src=\"https:\/\/www.travelexcellence.com\/wp-content\/uploads\/2020\/10\/horseback-things-guanacaste.jpg\" alt=\"Liberia Park Guanacaste\" class=\"wp-image-12961\" srcset=\"https:\/\/www.travelexcellence.com\/wp-content\/uploads\/2020\/10\/horseback-things-guanacaste.jpg 848w, https:\/\/www.travelexcellence.com\/wp-content\/uploads\/2020\/10\/horseback-things-guanacaste-300x188.jpg 300w, https:\/\/www.travelexcellence.com\/wp-content\/uploads\/2020\/10\/horseback-things-guanacaste-768x480.jpg 768w\" sizes=\"(max-width: 848px) 100vw, 848px\" \/><\/figure>\n\n\n\n<h3 class=\"wp-block-heading\" id=\"h-wetter-in-guanacaste-und-liberia-costa-rica\"><a href=\"https:\/\/www.travelexcellence.com\/costa-rica-travel-blog\/guanacaste-liberia-costa-rica-travel-guide\">Wetter in Guanacaste und Liberia Costa Rica<\/a><\/h3>\n\n\n\n<p>Bekannt daf\u00fcr, trocken und hei\u00df zu sein, gibt es in diesem Tiefland von Juni bis November nachmittags einige Regenf\u00e4lle.<\/p>\n\n\n\n<figure class=\"wp-block-image size-large\"><img decoding=\"async\" width=\"848\" height=\"530\" src=\"https:\/\/www.travelexcellence.com\/wp-content\/uploads\/2020\/10\/lake-arenal-volcano-cone-view.jpg\" alt=\"Vulkan Arenal\" class=\"wp-image-12962\" srcset=\"https:\/\/www.travelexcellence.com\/wp-content\/uploads\/2020\/10\/lake-arenal-volcano-cone-view.jpg 848w, https:\/\/www.travelexcellence.com\/wp-content\/uploads\/2020\/10\/lake-arenal-volcano-cone-view-300x188.jpg 300w, https:\/\/www.travelexcellence.com\/wp-content\/uploads\/2020\/10\/lake-arenal-volcano-cone-view-768x480.jpg 768w\" sizes=\"(max-width: 848px) 100vw, 848px\" \/><\/figure>\n\n\n\n<h3 class=\"wp-block-heading\" id=\"h-wetter-in-arenal-und-la-fortuna-costa-rica\"><a href=\"https:\/\/www.travelexcellence.com\/costa-rica-travel-blog\/arenal-volcano-national-park-la-fortuna-vacations-travel-guide\">Wetter in Arenal und La Fortuna Costa Rica<\/a><\/h3>\n\n\n\n<p>Sie k\u00f6nnen der Luftfeuchtigkeit in diesem Tiefland nicht entkommen, aber Sie werden im Mai und bis November ein eher trockeneres Wetter erleben.<\/p>\n\n\n\n<figure class=\"wp-block-image size-large\"><img decoding=\"async\" width=\"848\" height=\"530\" src=\"https:\/\/www.travelexcellence.com\/wp-content\/uploads\/2020\/10\/monteverde-travel-guide-monteverde-cloud-forest.jpg\" alt=\"Monteverde Nebelwald\" class=\"wp-image-12963\" srcset=\"https:\/\/www.travelexcellence.com\/wp-content\/uploads\/2020\/10\/monteverde-travel-guide-monteverde-cloud-forest.jpg 848w, https:\/\/www.travelexcellence.com\/wp-content\/uploads\/2020\/10\/monteverde-travel-guide-monteverde-cloud-forest-300x188.jpg 300w, https:\/\/www.travelexcellence.com\/wp-content\/uploads\/2020\/10\/monteverde-travel-guide-monteverde-cloud-forest-768x480.jpg 768w\" sizes=\"(max-width: 848px) 100vw, 848px\" \/><\/figure>\n\n\n\n<h3 class=\"wp-block-heading\" id=\"h-wetter-in-monteverde-costa-rica\"><a href=\"https:\/\/www.travelexcellence.com\/costa-rica-travel-blog\/monteverde-costa-rica-travel-guide\">Wetter in Monteverde Costa Rica<\/a><\/h3>\n\n\n\n<p>Bekannt durch seinen Nebelwald, hat dieses Hochland aufgrund seiner hohen Lage das ganze Jahr \u00fcber Nieselregen.<\/p>\n\n\n\n<figure class=\"wp-block-image size-large\"><img decoding=\"async\" width=\"800\" height=\"500\" src=\"https:\/\/www.travelexcellence.com\/wp-content\/uploads\/2020\/10\/corcovado-national-park.jpg\" alt=\"Corcovado Nationalpark\" class=\"wp-image-12964\" srcset=\"https:\/\/www.travelexcellence.com\/wp-content\/uploads\/2020\/10\/corcovado-national-park.jpg 800w, https:\/\/www.travelexcellence.com\/wp-content\/uploads\/2020\/10\/corcovado-national-park-300x188.jpg 300w, https:\/\/www.travelexcellence.com\/wp-content\/uploads\/2020\/10\/corcovado-national-park-768x480.jpg 768w\" sizes=\"(max-width: 800px) 100vw, 800px\" \/><\/figure>\n\n\n\n<h3 class=\"wp-block-heading\" id=\"h-wetter-am-s-dpazifik-und-corcovado-costa-rica\"><a href=\"https:\/\/www.travelexcellence.com\/costa-rica-travel-blog\/corcovado-national-park-in-costa-rica\">Wetter am S\u00fcdpazifik und Corcovado Costa Rica<\/a><\/h3>\n\n\n\n<p>September bis Oktober gibt es &#8222;non-stop&#8220; Regen. . Deswegen sind viele Hotels w\u00e4rend diesen Monaten geschlossen. Von Dezember bis M\u00e4rz ist es sonniger, daher ist es auch hei\u00dfer und feuchter.<\/p>\n\n\n\n<figure class=\"wp-block-image size-large\"><img decoding=\"async\" width=\"848\" height=\"530\" src=\"https:\/\/www.travelexcellence.com\/wp-content\/uploads\/2020\/10\/tortuguero-travel-guide-kayak.jpg\" alt=\"Tortuguero Nationalpark\" class=\"wp-image-12965\" srcset=\"https:\/\/www.travelexcellence.com\/wp-content\/uploads\/2020\/10\/tortuguero-travel-guide-kayak.jpg 848w, https:\/\/www.travelexcellence.com\/wp-content\/uploads\/2020\/10\/tortuguero-travel-guide-kayak-300x188.jpg 300w, https:\/\/www.travelexcellence.com\/wp-content\/uploads\/2020\/10\/tortuguero-travel-guide-kayak-768x480.jpg 768w\" sizes=\"(max-width: 848px) 100vw, 848px\" \/><\/figure>\n\n\n\n<h3 class=\"wp-block-heading\" id=\"h-wetter-an-der-karibikk-ste-costa-rica\"><a href=\"https:\/\/www.travelexcellence.com\/costa-rica-travel-blog\/tortuguero-costa-rica-travel-guide\">Wetter an der Karibikk\u00fcste Costa Rica<\/a><\/h3>\n\n\n\n<p>Die Regenzeit ist hier das Gegenteil vom Rest des Landes. Das bedeutet, dass es von April bis August und von November bis Januar regnen wird.<\/p>\n\n\n\n<figure class=\"wp-block-image size-large\"><img decoding=\"async\" width=\"848\" height=\"530\" src=\"https:\/\/www.travelexcellence.com\/wp-content\/uploads\/2020\/10\/view-beaches-manuel-antonio.jpg\" alt=\"Manuel Antonio Nationalpark\" class=\"wp-image-12966\" srcset=\"https:\/\/www.travelexcellence.com\/wp-content\/uploads\/2020\/10\/view-beaches-manuel-antonio.jpg 848w, https:\/\/www.travelexcellence.com\/wp-content\/uploads\/2020\/10\/view-beaches-manuel-antonio-300x188.jpg 300w, https:\/\/www.travelexcellence.com\/wp-content\/uploads\/2020\/10\/view-beaches-manuel-antonio-768x480.jpg 768w\" sizes=\"(max-width: 848px) 100vw, 848px\" \/><\/figure>\n\n\n\n<h3 class=\"wp-block-heading\" id=\"h-wetter-in-manuel-antonio-costa-rica\"><a href=\"https:\/\/www.travelexcellence.com\/costa-rica-travel-blog\/quepos-manuel-antonio-national-park-vacations-travel-guide\">Wetter in Manuel Antonio Costa Rica<\/a><\/h3>\n\n\n\n<p><a href=\"https:\/\/www.travelexcellence.com\/costa-rica-travel-blog\/jaco-costa-rica-travel-guide\">Das Wetter in Manuel Antonio, am Strand von Jac\u00f3 und in Puntarenas ist sehr \u00e4hnlich<\/a>: hei\u00df und feucht mit einigen Regenf\u00e4llen von Juni bis November.<\/p>\n","protected":false},"excerpt":{"rendered":"<p>Die beste Reisezeit f\u00fcr Ihren Costa Rica Urlaub\u2026 Das Wetter in Costa Rica ist sehr idyllisch. Jedoch gerade bei Familienreisen sollte man wissen, dass das Wetter von Ort zu Ort unterschiedlich sein kann und auch abh\u00e4ngig der Jahrezeit ist. Die meisten der Urlaubstouren und Top-Touristenattraktionen des Landes k\u00f6nnen das ganze Jahr \u00fcber besucht werden, aber [&hellip;]<\/p>\n","protected":false},"author":12,"featured_media":0,"parent":0,"menu_order":0,"comment_status":"closed","ping_status":"closed","template":"page-detalle-paginas-internas.php","meta":{"_acf_changed":false,"footnotes":""},"class_list":["post-12958","page","type-page","status-publish","hentry"],"acf":[],"yoast_head":"<!-- This site is optimized with the Yoast SEO Premium plugin v27.4 (Yoast SEO v27.4) - https:\/\/yoast.com\/product\/yoast-seo-premium-wordpress\/ -->\n<title>Wetter in Costa Rica - Travel Excellence<\/title>\n<meta name=\"description\" content=\"Suchen Sie nach der besten Reisezeit in Costa Rica? Finden Sie alle Informationen zu den verschieden Klimata in Costa Rica, wie auch der besten Reisezeit.\" \/>\n<meta name=\"robots\" content=\"index, follow, max-snippet:-1, max-image-preview:large, max-video-preview:-1\" \/>\n<link rel=\"canonical\" href=\"https:\/\/www.travelexcellence.com\/de\/reisewetter-in-costa-rica\/\" \/>\n<meta property=\"og:locale\" content=\"de_DE\" \/>\n<meta property=\"og:type\" content=\"article\" \/>\n<meta property=\"og:title\" content=\"Wetter in Costa Rica\" \/>\n<meta property=\"og:description\" content=\"Suchen Sie nach der besten Reisezeit in Costa Rica? Finden Sie alle Informationen zu den verschieden Klimata in Costa Rica, wie auch der besten Reisezeit.\" \/>\n<meta property=\"og:url\" content=\"https:\/\/www.travelexcellence.com\/de\/reisewetter-in-costa-rica\/\" \/>\n<meta property=\"og:site_name\" content=\"Travel Excellence\" \/>\n<meta property=\"article:modified_time\" content=\"2021-06-01T21:02:15+00:00\" \/>\n<meta property=\"og:image\" content=\"https:\/\/www.travelexcellence.com\/wp-content\/uploads\/2020\/10\/happy-people-kayaking.jpg\" \/>\n<meta name=\"twitter:card\" content=\"summary_large_image\" \/>\n<meta name=\"twitter:label1\" content=\"Gesch\u00e4tzte Lesezeit\" \/>\n\t<meta name=\"twitter:data1\" content=\"7\u00a0Minuten\" \/>\n<!-- \/ Yoast SEO Premium plugin. -->","yoast_head_json":{"title":"Wetter in Costa Rica - Travel Excellence","description":"Suchen Sie nach der besten Reisezeit in Costa Rica? Finden Sie alle Informationen zu den verschieden Klimata in Costa Rica, wie auch der besten Reisezeit.","robots":{"index":"index","follow":"follow","max-snippet":"max-snippet:-1","max-image-preview":"max-image-preview:large","max-video-preview":"max-video-preview:-1"},"canonical":"https:\/\/www.travelexcellence.com\/de\/reisewetter-in-costa-rica\/","og_locale":"de_DE","og_type":"article","og_title":"Wetter in Costa Rica","og_description":"Suchen Sie nach der besten Reisezeit in Costa Rica? Finden Sie alle Informationen zu den verschieden Klimata in Costa Rica, wie auch der besten Reisezeit.","og_url":"https:\/\/www.travelexcellence.com\/de\/reisewetter-in-costa-rica\/","og_site_name":"Travel Excellence","article_modified_time":"2021-06-01T21:02:15+00:00","og_image":[{"url":"https:\/\/www.travelexcellence.com\/wp-content\/uploads\/2020\/10\/happy-people-kayaking.jpg","type":"","width":"","height":""}],"twitter_card":"summary_large_image","twitter_misc":{"Gesch\u00e4tzte Lesezeit":"7\u00a0Minuten"},"schema":{"@context":"https:\/\/schema.org","@graph":[{"@type":"WebPage","@id":"https:\/\/www.travelexcellence.com\/de\/reisewetter-in-costa-rica\/","url":"https:\/\/www.travelexcellence.com\/de\/reisewetter-in-costa-rica\/","name":"Wetter in Costa Rica - Travel Excellence","isPartOf":{"@id":"https:\/\/www.travelexcellence.com\/#website"},"primaryImageOfPage":{"@id":"https:\/\/www.travelexcellence.com\/de\/reisewetter-in-costa-rica\/#primaryimage"},"image":{"@id":"https:\/\/www.travelexcellence.com\/de\/reisewetter-in-costa-rica\/#primaryimage"},"thumbnailUrl":"https:\/\/www.travelexcellence.com\/wp-content\/uploads\/2020\/10\/happy-people-kayaking.jpg","datePublished":"2021-06-01T20:52:26+00:00","dateModified":"2021-06-01T21:02:15+00:00","description":"Suchen Sie nach der besten Reisezeit in Costa Rica? Finden Sie alle Informationen zu den verschieden Klimata in Costa Rica, wie auch der besten Reisezeit.","breadcrumb":{"@id":"https:\/\/www.travelexcellence.com\/de\/reisewetter-in-costa-rica\/#breadcrumb"},"inLanguage":"de","potentialAction":[{"@type":"ReadAction","target":["https:\/\/www.travelexcellence.com\/de\/reisewetter-in-costa-rica\/"]}]},{"@type":"ImageObject","inLanguage":"de","@id":"https:\/\/www.travelexcellence.com\/de\/reisewetter-in-costa-rica\/#primaryimage","url":"https:\/\/www.travelexcellence.com\/wp-content\/uploads\/2020\/10\/happy-people-kayaking.jpg","contentUrl":"https:\/\/www.travelexcellence.com\/wp-content\/uploads\/2020\/10\/happy-people-kayaking.jpg"},{"@type":"BreadcrumbList","@id":"https:\/\/www.travelexcellence.com\/de\/reisewetter-in-costa-rica\/#breadcrumb","itemListElement":[{"@type":"ListItem","position":1,"name":"Home","item":"https:\/\/www.travelexcellence.com\/de\/"},{"@type":"ListItem","position":2,"name":"Wetter in Costa Rica"}]},{"@type":"WebSite","@id":"https:\/\/www.travelexcellence.com\/#website","url":"https:\/\/www.travelexcellence.com\/","name":"Travel Excellence","description":"Best Costa Rica Travel &amp; Vacations Agency","potentialAction":[{"@type":"SearchAction","target":{"@type":"EntryPoint","urlTemplate":"https:\/\/www.travelexcellence.com\/?s={search_term_string}"},"query-input":{"@type":"PropertyValueSpecification","valueRequired":true,"valueName":"search_term_string"}}],"inLanguage":"de"}]}},"_links":{"self":[{"href":"https:\/\/www.travelexcellence.com\/de\/wp-json\/wp\/v2\/pages\/12958","targetHints":{"allow":["GET"]}}],"collection":[{"href":"https:\/\/www.travelexcellence.com\/de\/wp-json\/wp\/v2\/pages"}],"about":[{"href":"https:\/\/www.travelexcellence.com\/de\/wp-json\/wp\/v2\/types\/page"}],"author":[{"embeddable":true,"href":"https:\/\/www.travelexcellence.com\/de\/wp-json\/wp\/v2\/users\/12"}],"replies":[{"embeddable":true,"href":"https:\/\/www.travelexcellence.com\/de\/wp-json\/wp\/v2\/comments?post=12958"}],"version-history":[{"count":4,"href":"https:\/\/www.travelexcellence.com\/de\/wp-json\/wp\/v2\/pages\/12958\/revisions"}],"predecessor-version":[{"id":12971,"href":"https:\/\/www.travelexcellence.com\/de\/wp-json\/wp\/v2\/pages\/12958\/revisions\/12971"}],"wp:attachment":[{"href":"https:\/\/www.travelexcellence.com\/de\/wp-json\/wp\/v2\/media?parent=12958"}],"curies":[{"name":"wp","href":"https:\/\/api.w.org\/{rel}","templated":true}]}}